{"id":367,"date":"2022-04-18T16:07:34","date_gmt":"2022-04-18T16:07:34","guid":{"rendered":"https:\/\/blogsaverroes.juntadeandalucia.es\/miniempresatalme\/?page_id=367"},"modified":"2022-04-19T12:34:08","modified_gmt":"2022-04-19T12:34:08","slug":"charlas-solidarias","status":"publish","type":"page","link":"https:\/\/blogsaverroes.juntadeandalucia.es\/miniempresatalme\/charlas-solidarias\/","title":{"rendered":"Charlas solidarias"},"content":{"rendered":"\t\t<div data-elementor-type=\"wp-page\" data-elementor-id=\"367\" class=\"elementor elementor-367\">\n\t\t\t\t\t\t<section class=\"elementor-section elementor-top-section elementor-element elementor-element-315bd614 elementor-section-boxed elementor-section-height-default elementor-section-height-default\" data-id=\"315bd614\" data-element_type=\"section\">\n\t\t\t\t\t\t<div class=\"elementor-container elementor-column-gap-default\">\n\t\t\t\t\t<div class=\"elementor-column elementor-col-100 elementor-top-column elementor-element elementor-element-2e70a4a9\" data-id=\"2e70a4a9\" data-element_type=\"column\">\n\t\t\t<div class=\"elementor-widget-wrap elementor-element-populated\">\n\t\t\t\t\t\t<div class=\"elementor-element elementor-element-2bf8f224 elementor-widget elementor-widget-text-editor\" data-id=\"2bf8f224\" data-element_type=\"widget\" data-widget_type=\"text-editor.default\">\n\t\t\t\t<div class=\"elementor-widget-container\">\n\t\t\t\t\t\t\t\t\t<p style=\"text-align: justify\"><span style=\"font-size: 14pt;font-family: 'book antiqua', palatino, serif\">Durante el curso escolar invitamos a las asociaciones con las que colaboramos para que nos expliquen su labor solidaria y podamos compartir con el resto de nuestros compa\u00f1eros nuestra motivaci\u00f3n por ellos.<\/span><\/p><p style=\"text-align: justify\"><span style=\"font-size: 14pt;font-family: 'book antiqua', palatino, serif\">En los diferentes cursos hemos contado con el apoyo de \u00abP\u00eddeme la luna\u00bb y\u00a0 \u00abHuella de Ja\u00e9n\u00bb.<\/span><\/p><p style=\"text-align: justify\"><span style=\"font-size: 14pt;font-family: 'book antiqua', palatino, serif\">La primera es una asociaci\u00f3n que cumple los deseos de los ni\u00f1os con tratamiento oncol\u00f3gico hospitalizados en nuestra provincia. Ellos hacen lo imposible por sacar la mejor de las sonrisas a los chicos y sus familiares. Hacen normal ver desfilar por las habitaciones del hospital a cantantes, futbolistas o regalar coches, consolas y viajes al musical del Rey Le\u00f3n donde conocen a los actores de primera mano.<\/span><\/p><p style=\"text-align: justify\"><span style=\"font-size: 14pt;font-family: 'book antiqua', palatino, serif\">Gracias a Marisol y a todos sus voluntarios por trasmitirnos esa ilusi\u00f3n.<\/span><\/p><p style=\"text-align: justify\"><span style=\"font-size: 14pt;font-family: 'book antiqua', palatino, serif\"><img fetchpriority=\"high\" decoding=\"async\" class=\"size-medium wp-image-376 aligncenter\" src=\"https:\/\/blogsaverroes.juntadeandalucia.es\/miniempresatalme\/files\/2022\/04\/IMG_20190530_103056-300x225.jpg\" alt=\"\" width=\"300\" height=\"225\" srcset=\"https:\/\/blogsaverroes.juntadeandalucia.es\/miniempresatalme\/files\/2022\/04\/IMG_20190530_103056-300x225.jpg 300w, https:\/\/blogsaverroes.juntadeandalucia.es\/miniempresatalme\/files\/2022\/04\/IMG_20190530_103056-1024x768.jpg 1024w, https:\/\/blogsaverroes.juntadeandalucia.es\/miniempresatalme\/files\/2022\/04\/IMG_20190530_103056-768x576.jpg 768w, https:\/\/blogsaverroes.juntadeandalucia.es\/miniempresatalme\/files\/2022\/04\/IMG_20190530_103056-1536x1152.jpg 1536w, https:\/\/blogsaverroes.juntadeandalucia.es\/miniempresatalme\/files\/2022\/04\/IMG_20190530_103056-2048x1536.jpg 2048w, https:\/\/blogsaverroes.juntadeandalucia.es\/miniempresatalme\/files\/2022\/04\/IMG_20190530_103056-scaled.jpg 1600w\" sizes=\"(max-width: 300px) 100vw, 300px\" \/><\/span><\/p><p style=\"text-align: justify\"><span style=\"font-size: 14pt;font-family: 'book antiqua', palatino, serif\"><img decoding=\"async\" class=\"size-medium wp-image-378 aligncenter\" src=\"https:\/\/blogsaverroes.juntadeandalucia.es\/miniempresatalme\/files\/2022\/04\/IMG_20190530_120817-300x225.jpg\" alt=\"\" width=\"300\" height=\"225\" srcset=\"https:\/\/blogsaverroes.juntadeandalucia.es\/miniempresatalme\/files\/2022\/04\/IMG_20190530_120817-300x225.jpg 300w, https:\/\/blogsaverroes.juntadeandalucia.es\/miniempresatalme\/files\/2022\/04\/IMG_20190530_120817-1024x768.jpg 1024w, https:\/\/blogsaverroes.juntadeandalucia.es\/miniempresatalme\/files\/2022\/04\/IMG_20190530_120817-768x576.jpg 768w, https:\/\/blogsaverroes.juntadeandalucia.es\/miniempresatalme\/files\/2022\/04\/IMG_20190530_120817-1536x1152.jpg 1536w, https:\/\/blogsaverroes.juntadeandalucia.es\/miniempresatalme\/files\/2022\/04\/IMG_20190530_120817-2048x1536.jpg 2048w, https:\/\/blogsaverroes.juntadeandalucia.es\/miniempresatalme\/files\/2022\/04\/IMG_20190530_120817-scaled.jpg 1600w\" sizes=\"(max-width: 300px) 100vw, 300px\" \/><\/span><\/p><p style=\"text-align: justify\"><span style=\"font-size: 14pt;font-family: 'book antiqua', palatino, serif\">Con \u00abHuella de Ja\u00e9n\u00bb hemos aprendido la importancia que tienen nuestras mascotas, son parte de nuestra familia. Una de sus voluntarios, Pedro, viene al centro cada a\u00f1o a contarnos los cuidados que necesitan nuestros animales, sus derechos, a denunciar los abusos que se cometen contra ellos y a saber reaccionar frente a eso. No gusta mucho su frase: \u00abamor se escribe con cuatro patas\u00bb.<\/span><\/p><p style=\"text-align: justify\"><span style=\"font-size: 14pt;font-family: 'book antiqua', palatino, serif\"><img decoding=\"async\" class=\"size-medium wp-image-380 aligncenter\" src=\"https:\/\/blogsaverroes.juntadeandalucia.es\/miniempresatalme\/files\/2022\/04\/WhatsApp-Image-2022-04-05-at-21.52.56-300x300.jpeg\" alt=\"\" width=\"300\" height=\"300\" srcset=\"https:\/\/blogsaverroes.juntadeandalucia.es\/miniempresatalme\/files\/2022\/04\/WhatsApp-Image-2022-04-05-at-21.52.56-300x300.jpeg 300w, https:\/\/blogsaverroes.juntadeandalucia.es\/miniempresatalme\/files\/2022\/04\/WhatsApp-Image-2022-04-05-at-21.52.56.jpeg 1024w, https:\/\/blogsaverroes.juntadeandalucia.es\/miniempresatalme\/files\/2022\/04\/WhatsApp-Image-2022-04-05-at-21.52.56-150x150.jpeg 150w, https:\/\/blogsaverroes.juntadeandalucia.es\/miniempresatalme\/files\/2022\/04\/WhatsApp-Image-2022-04-05-at-21.52.56-768x768.jpeg 768w\" sizes=\"(max-width: 300px) 100vw, 300px\" \/><\/span><\/p><p style=\"text-align: justify\"><span style=\"font-size: 14pt;font-family: 'book antiqua', palatino, serif\">En el curso actual hemos realizado ya nuestra primera donaci\u00f3n a la protectora.<\/span><\/p><p style=\"text-align: justify\"><span style=\"font-size: 14pt;font-family: 'book antiqua', palatino, serif\">Pod\u00e9is consultar su p\u00e1gina en : https:\/\/www.huelladejaen.org\/<\/span><\/p>\t\t\t\t\t\t\t\t<\/div>\n\t\t\t\t<\/div>\n\t\t\t\t\t<\/div>\n\t\t<\/div>\n\t\t\t\t\t<\/div>\n\t\t<\/section>\n\t\t\t\t<\/div>\n\t\t","protected":false},"excerpt":{"rendered":"<p>Durante el curso escolar invitamos a las asociaciones con las que colaboramos para que nos expliquen su labor solidaria y podamos compartir con el resto de nuestros compa\u00f1eros nuestra motivaci\u00f3n por ellos. En los&#46;&#46;&#46;<\/p>\n","protected":false},"author":7130,"featured_media":0,"parent":0,"menu_order":0,"comment_status":"closed","ping_status":"closed","template":"","meta":{"ngg_post_thumbnail":0,"footnotes":""},"aioseo_notices":[],"_links":{"self":[{"href":"https:\/\/blogsaverroes.juntadeandalucia.es\/miniempresatalme\/wp-json\/wp\/v2\/pages\/367"}],"collection":[{"href":"https:\/\/blogsaverroes.juntadeandalucia.es\/miniempresatalme\/wp-json\/wp\/v2\/pages"}],"about":[{"href":"https:\/\/blogsaverroes.juntadeandalucia.es\/miniempresatalme\/wp-json\/wp\/v2\/types\/page"}],"author":[{"embeddable":true,"href":"https:\/\/blogsaverroes.juntadeandalucia.es\/miniempresatalme\/wp-json\/wp\/v2\/users\/7130"}],"replies":[{"embeddable":true,"href":"https:\/\/blogsaverroes.juntadeandalucia.es\/miniempresatalme\/wp-json\/wp\/v2\/comments?post=367"}],"version-history":[{"count":9,"href":"https:\/\/blogsaverroes.juntadeandalucia.es\/miniempresatalme\/wp-json\/wp\/v2\/pages\/367\/revisions"}],"predecessor-version":[{"id":729,"href":"https:\/\/blogsaverroes.juntadeandalucia.es\/miniempresatalme\/wp-json\/wp\/v2\/pages\/367\/revisions\/729"}],"wp:attachment":[{"href":"https:\/\/blogsaverroes.juntadeandalucia.es\/miniempresatalme\/wp-json\/wp\/v2\/media?parent=367"}],"curies":[{"name":"wp","href":"https:\/\/api.w.org\/{rel}","templated":true}]}}