{"id":448,"date":"2022-04-18T17:42:09","date_gmt":"2022-04-18T17:42:09","guid":{"rendered":"https:\/\/blogsaverroes.juntadeandalucia.es\/miniempresatalme\/?page_id=448"},"modified":"2022-04-26T11:21:29","modified_gmt":"2022-04-26T11:21:29","slug":"elementor-448","status":"publish","type":"page","link":"https:\/\/blogsaverroes.juntadeandalucia.es\/miniempresatalme\/elementor-448\/","title":{"rendered":"1\u00aa Semana del emprendimiento"},"content":{"rendered":"\t\t<div data-elementor-type=\"wp-page\" data-elementor-id=\"448\" class=\"elementor elementor-448\">\n\t\t\t\t\t\t<section class=\"elementor-section elementor-top-section elementor-element elementor-element-f4a0d27 elementor-section-boxed elementor-section-height-default elementor-section-height-default\" data-id=\"f4a0d27\" data-element_type=\"section\">\n\t\t\t\t\t\t<div class=\"elementor-container elementor-column-gap-default\">\n\t\t\t\t\t<div class=\"elementor-column elementor-col-100 elementor-top-column elementor-element elementor-element-d63a773\" data-id=\"d63a773\" data-element_type=\"column\">\n\t\t\t<div class=\"elementor-widget-wrap elementor-element-populated\">\n\t\t\t\t\t\t<div class=\"elementor-element elementor-element-55a2b40 elementor-widget elementor-widget-heading\" data-id=\"55a2b40\" data-element_type=\"widget\" data-widget_type=\"heading.default\">\n\t\t\t\t<div class=\"elementor-widget-container\">\n\t\t\t\t\t<h2 class=\"elementor-heading-title elementor-size-default\">1\u00aa Semana del emprendimiento<\/h2>\t\t\t\t<\/div>\n\t\t\t\t<\/div>\n\t\t\t\t<div class=\"elementor-element elementor-element-a734390 elementor-widget elementor-widget-text-editor\" data-id=\"a734390\" data-element_type=\"widget\" data-widget_type=\"text-editor.default\">\n\t\t\t\t<div class=\"elementor-widget-container\">\n\t\t\t\t\t\t\t\t\t<p style=\"text-align: justify\"><span style=\"font-size: 14pt;font-family: arial, helvetica, sans-serif\">En el curso 2019\/20 organizamos en el instituto nuestra <i>1\u00aa Semana del emprendimiento<\/i>. La idea era invitar a j\u00f3venes emprendedores de nuestra localidad para mostrar a los alumnos su trabajo y el proceso que siguieron hasta llegar a crear su empresa.\u00a0<\/span><\/p><p><span style=\"font-size: 14pt;font-family: arial, helvetica, sans-serif\">El CADE de Mancha Real inaugur\u00f3 la semana con una charla muy interesante sobre lo necesario para emprender un negocio y las ayudas con las que se puede contar.<\/span><\/p><p><span style=\"font-size: 14pt;font-family: arial, helvetica, sans-serif\">\u00a0Pudimos contar con la colaboraci\u00f3n de M\u00f3nica Lorite, antigua alumna del centro y una modista y empresaria muy prometedora. Ella ense\u00f1\u00f3 a nuestros alumnos a crear una falda de gitana y pajaritas. Tambi\u00e9n exhibi\u00f3 uno de sus primeros trajes de flamenca y diferentes tocados.<\/span><\/p><p><span style=\"font-size: 14pt;font-family: arial, helvetica, sans-serif\">Otro de nuestros ponentes fue A. Jes\u00fas Polo, que nos hizo disfrutar con una clase de fitness. Este joven vecino es el propietario de \u00abRetofit\u00bb, un gymnasio de nuestro pueblo que cuenta con una amplia variedad de actividades.<\/span><\/p><p><span style=\"font-size: 14pt;font-family: arial, helvetica, sans-serif\">El resto de ponentes\u00a0 nos hablaron de la arqueolog\u00eda y los museos y del emprendimiento y la discapacidad (APROMPSI).<\/span><\/p><p><span style=\"font-size: 14pt;font-family: arial, helvetica, sans-serif\">Fue una gran semana llena de aprendizaje y buen hacer que nuestros alumnos disfrutaron con entusiasmo.<\/span><\/p><p><span style=\"font-size: 14pt;font-family: arial, helvetica, sans-serif\">Gracias a todos los ponentes por su colaboraci\u00f3n.<\/span><\/p>\t\t\t\t\t\t\t\t<\/div>\n\t\t\t\t<\/div>\n\t\t\t\t\t<\/div>\n\t\t<\/div>\n\t\t\t\t\t<\/div>\n\t\t<\/section>\n\t\t\t\t<section class=\"elementor-section elementor-top-section elementor-element elementor-element-bbfe0f7 elementor-section-boxed elementor-section-height-default elementor-section-height-default\" data-id=\"bbfe0f7\" data-element_type=\"section\">\n\t\t\t\t\t\t<div class=\"elementor-container elementor-column-gap-default\">\n\t\t\t\t\t<div class=\"elementor-column elementor-col-100 elementor-top-column elementor-element elementor-element-fc5cbc1\" data-id=\"fc5cbc1\" data-element_type=\"column\">\n\t\t\t<div class=\"elementor-widget-wrap elementor-element-populated\">\n\t\t\t\t\t\t<div class=\"elementor-element elementor-element-179174a elementor-arrows-position-inside elementor-pagination-position-outside elementor-widget elementor-widget-image-carousel\" data-id=\"179174a\" data-element_type=\"widget\" data-settings=\"{&quot;navigation&quot;:&quot;both&quot;,&quot;autoplay&quot;:&quot;yes&quot;,&quot;pause_on_hover&quot;:&quot;yes&quot;,&quot;pause_on_interaction&quot;:&quot;yes&quot;,&quot;autoplay_speed&quot;:5000,&quot;infinite&quot;:&quot;yes&quot;,&quot;speed&quot;:500}\" data-widget_type=\"image-carousel.default\">\n\t\t\t\t<div class=\"elementor-widget-container\">\n\t\t\t\t\t\t\t<div class=\"elementor-image-carousel-wrapper swiper\" role=\"region\" aria-roledescription=\"carousel\" aria-label=\"Carrusel de im\u00e1genes\" dir=\"ltr\">\n\t\t\t<div class=\"elementor-image-carousel swiper-wrapper\" aria-live=\"off\">\n\t\t\t\t\t\t\t\t<div class=\"swiper-slide\" role=\"group\" aria-roledescription=\"slide\" aria-label=\"1 de 20\"><figure class=\"swiper-slide-inner\"><img decoding=\"async\" class=\"swiper-slide-image\" src=\"https:\/\/blogsaverroes.juntadeandalucia.es\/miniempresatalme\/files\/2022\/04\/IMG_20200226_092452-150x150.jpg\" alt=\"M\u00f3nica Lorite\" \/><figcaption class=\"elementor-image-carousel-caption\">M\u00f3nica Lorite<\/figcaption><\/figure><\/div><div class=\"swiper-slide\" role=\"group\" aria-roledescription=\"slide\" aria-label=\"2 de 20\"><figure class=\"swiper-slide-inner\"><img decoding=\"async\" class=\"swiper-slide-image\" src=\"https:\/\/blogsaverroes.juntadeandalucia.es\/miniempresatalme\/files\/2022\/04\/IMG_20200226_093113-150x150.jpg\" alt=\"IMG_20200226_093113\" \/><\/figure><\/div><div class=\"swiper-slide\" role=\"group\" aria-roledescription=\"slide\" aria-label=\"3 de 20\"><figure class=\"swiper-slide-inner\"><img decoding=\"async\" class=\"swiper-slide-image\" src=\"https:\/\/blogsaverroes.juntadeandalucia.es\/miniempresatalme\/files\/2022\/04\/IMG_20200226_101228-150x150.jpg\" alt=\"IMG_20200226_101228\" \/><\/figure><\/div><div class=\"swiper-slide\" role=\"group\" aria-roledescription=\"slide\" aria-label=\"4 de 20\"><figure class=\"swiper-slide-inner\"><img decoding=\"async\" class=\"swiper-slide-image\" src=\"https:\/\/blogsaverroes.juntadeandalucia.es\/miniempresatalme\/files\/2022\/04\/IMG_20200226_101242-150x150.jpg\" alt=\"IMG_20200226_101242\" \/><\/figure><\/div><div class=\"swiper-slide\" role=\"group\" aria-roledescription=\"slide\" aria-label=\"5 de 20\"><figure class=\"swiper-slide-inner\"><img decoding=\"async\" class=\"swiper-slide-image\" src=\"https:\/\/blogsaverroes.juntadeandalucia.es\/miniempresatalme\/files\/2022\/04\/IMG_20200226_101236-150x150.jpg\" alt=\"IMG_20200226_101236\" \/><\/figure><\/div><div class=\"swiper-slide\" role=\"group\" aria-roledescription=\"slide\" aria-label=\"6 de 20\"><figure class=\"swiper-slide-inner\"><img decoding=\"async\" class=\"swiper-slide-image\" src=\"https:\/\/blogsaverroes.juntadeandalucia.es\/miniempresatalme\/files\/2022\/04\/IMG_20200226_101330-150x150.jpg\" alt=\"IMG_20200226_101330\" \/><\/figure><\/div><div class=\"swiper-slide\" role=\"group\" aria-roledescription=\"slide\" aria-label=\"7 de 20\"><figure class=\"swiper-slide-inner\"><img decoding=\"async\" class=\"swiper-slide-image\" src=\"https:\/\/blogsaverroes.juntadeandalucia.es\/miniempresatalme\/files\/2022\/04\/IMG_20200226_102044-150x150.jpg\" alt=\"IMG_20200226_102044\" \/><\/figure><\/div><div class=\"swiper-slide\" role=\"group\" aria-roledescription=\"slide\" aria-label=\"8 de 20\"><figure class=\"swiper-slide-inner\"><img decoding=\"async\" class=\"swiper-slide-image\" src=\"https:\/\/blogsaverroes.juntadeandalucia.es\/miniempresatalme\/files\/2022\/04\/IMG_20200226_102049-150x150.jpg\" alt=\"IMG_20200226_102049\" \/><\/figure><\/div><div class=\"swiper-slide\" role=\"group\" aria-roledescription=\"slide\" aria-label=\"9 de 20\"><figure class=\"swiper-slide-inner\"><img decoding=\"async\" class=\"swiper-slide-image\" src=\"https:\/\/blogsaverroes.juntadeandalucia.es\/miniempresatalme\/files\/2022\/04\/IMG_20200226_102850-150x150.jpg\" alt=\"IMG_20200226_102850\" \/><\/figure><\/div><div class=\"swiper-slide\" role=\"group\" aria-roledescription=\"slide\" aria-label=\"10 de 20\"><figure class=\"swiper-slide-inner\"><img decoding=\"async\" class=\"swiper-slide-image\" src=\"https:\/\/blogsaverroes.juntadeandalucia.es\/miniempresatalme\/files\/2022\/04\/IMG_20200226_103153-150x150.jpg\" alt=\"IMG_20200226_103153\" \/><\/figure><\/div><div class=\"swiper-slide\" role=\"group\" aria-roledescription=\"slide\" aria-label=\"11 de 20\"><figure class=\"swiper-slide-inner\"><img decoding=\"async\" class=\"swiper-slide-image\" src=\"https:\/\/blogsaverroes.juntadeandalucia.es\/miniempresatalme\/files\/2022\/04\/IMG_20200226_104823-150x150.jpg\" alt=\"IMG_20200226_104823\" \/><\/figure><\/div><div class=\"swiper-slide\" role=\"group\" aria-roledescription=\"slide\" aria-label=\"12 de 20\"><figure class=\"swiper-slide-inner\"><img decoding=\"async\" class=\"swiper-slide-image\" src=\"https:\/\/blogsaverroes.juntadeandalucia.es\/miniempresatalme\/files\/2022\/04\/IMG_20200226_105013-150x150.jpg\" alt=\"IMG_20200226_105013\" \/><\/figure><\/div><div class=\"swiper-slide\" role=\"group\" aria-roledescription=\"slide\" aria-label=\"13 de 20\"><figure class=\"swiper-slide-inner\"><img decoding=\"async\" class=\"swiper-slide-image\" src=\"https:\/\/blogsaverroes.juntadeandalucia.es\/miniempresatalme\/files\/2022\/04\/IMG_20200226_105029-150x150.jpg\" alt=\"IMG_20200226_105029\" \/><\/figure><\/div><div class=\"swiper-slide\" role=\"group\" aria-roledescription=\"slide\" aria-label=\"14 de 20\"><figure class=\"swiper-slide-inner\"><img decoding=\"async\" class=\"swiper-slide-image\" src=\"https:\/\/blogsaverroes.juntadeandalucia.es\/miniempresatalme\/files\/2022\/04\/IMG_20200226_105336-150x150.jpg\" alt=\"IMG_20200226_105336\" \/><\/figure><\/div><div class=\"swiper-slide\" role=\"group\" aria-roledescription=\"slide\" aria-label=\"15 de 20\"><figure class=\"swiper-slide-inner\"><img decoding=\"async\" class=\"swiper-slide-image\" src=\"https:\/\/blogsaverroes.juntadeandalucia.es\/miniempresatalme\/files\/2022\/04\/IMG_20200226_105516-150x150.jpg\" alt=\"IMG_20200226_105516\" \/><\/figure><\/div><div class=\"swiper-slide\" role=\"group\" aria-roledescription=\"slide\" aria-label=\"16 de 20\"><figure class=\"swiper-slide-inner\"><img decoding=\"async\" class=\"swiper-slide-image\" src=\"https:\/\/blogsaverroes.juntadeandalucia.es\/miniempresatalme\/files\/2022\/04\/IMG_20200225_133127-150x150.jpg\" alt=\"Arqueolog\u00eda\" \/><figcaption class=\"elementor-image-carousel-caption\">Arqueolog\u00eda<\/figcaption><\/figure><\/div><div class=\"swiper-slide\" role=\"group\" aria-roledescription=\"slide\" aria-label=\"17 de 20\"><figure class=\"swiper-slide-inner\"><img decoding=\"async\" class=\"swiper-slide-image\" src=\"https:\/\/blogsaverroes.juntadeandalucia.es\/miniempresatalme\/files\/2022\/04\/IMG_20200225_130723-150x150.jpg\" alt=\"Arqueolog\u00eda\" \/><figcaption class=\"elementor-image-carousel-caption\">Arqueolog\u00eda<\/figcaption><\/figure><\/div><div class=\"swiper-slide\" role=\"group\" aria-roledescription=\"slide\" aria-label=\"18 de 20\"><figure class=\"swiper-slide-inner\"><img decoding=\"async\" class=\"swiper-slide-image\" src=\"https:\/\/blogsaverroes.juntadeandalucia.es\/miniempresatalme\/files\/2022\/04\/IMG_20200225_134338-150x150.jpg\" alt=\"Arqueolog\u00eda\" \/><figcaption class=\"elementor-image-carousel-caption\">Arqueolog\u00eda<\/figcaption><\/figure><\/div><div class=\"swiper-slide\" role=\"group\" aria-roledescription=\"slide\" aria-label=\"19 de 20\"><figure class=\"swiper-slide-inner\"><img decoding=\"async\" class=\"swiper-slide-image\" src=\"https:\/\/blogsaverroes.juntadeandalucia.es\/miniempresatalme\/files\/2022\/04\/IMG_20200227_105001-150x150.jpg\" alt=\"APROMPSI\" \/><figcaption class=\"elementor-image-carousel-caption\">APROMPSI<\/figcaption><\/figure><\/div><div class=\"swiper-slide\" role=\"group\" aria-roledescription=\"slide\" aria-label=\"20 de 20\"><figure class=\"swiper-slide-inner\"><img decoding=\"async\" class=\"swiper-slide-image\" src=\"https:\/\/blogsaverroes.juntadeandalucia.es\/miniempresatalme\/files\/2022\/04\/image-18-150x150.jpg\" alt=\"APROMPSI\" \/><figcaption class=\"elementor-image-carousel-caption\">APROMPSI<\/figcaption><\/figure><\/div>\t\t\t<\/div>\n\t\t\t\t\t\t\t\t\t\t\t\t<div class=\"elementor-swiper-button elementor-swiper-button-prev\" role=\"button\" tabindex=\"0\">\n\t\t\t\t\t\t<i aria-hidden=\"true\" class=\"eicon-chevron-left\"><\/i>\t\t\t\t\t<\/div>\n\t\t\t\t\t<div class=\"elementor-swiper-button elementor-swiper-button-next\" role=\"button\" tabindex=\"0\">\n\t\t\t\t\t\t<i aria-hidden=\"true\" class=\"eicon-chevron-right\"><\/i>\t\t\t\t\t<\/div>\n\t\t\t\t\n\t\t\t\t\t\t\t\t\t<div class=\"swiper-pagination\"><\/div>\n\t\t\t\t\t\t\t\t\t<\/div>\n\t\t\t\t\t\t<\/div>\n\t\t\t\t<\/div>\n\t\t\t\t\t<\/div>\n\t\t<\/div>\n\t\t\t\t\t<\/div>\n\t\t<\/section>\n\t\t\t\t<\/div>\n\t\t","protected":false},"excerpt":{"rendered":"<p>1\u00aa Semana del emprendimiento En el curso 2019\/20 organizamos en el instituto nuestra 1\u00aa Semana del emprendimiento. La idea era invitar a j\u00f3venes emprendedores de nuestra localidad para mostrar a los alumnos su trabajo&#46;&#46;&#46;<\/p>\n","protected":false},"author":7130,"featured_media":0,"parent":0,"menu_order":0,"comment_status":"closed","ping_status":"closed","template":"","meta":{"ngg_post_thumbnail":0,"footnotes":""},"aioseo_notices":[],"_links":{"self":[{"href":"https:\/\/blogsaverroes.juntadeandalucia.es\/miniempresatalme\/wp-json\/wp\/v2\/pages\/448"}],"collection":[{"href":"https:\/\/blogsaverroes.juntadeandalucia.es\/miniempresatalme\/wp-json\/wp\/v2\/pages"}],"about":[{"href":"https:\/\/blogsaverroes.juntadeandalucia.es\/miniempresatalme\/wp-json\/wp\/v2\/types\/page"}],"author":[{"embeddable":true,"href":"https:\/\/blogsaverroes.juntadeandalucia.es\/miniempresatalme\/wp-json\/wp\/v2\/users\/7130"}],"replies":[{"embeddable":true,"href":"https:\/\/blogsaverroes.juntadeandalucia.es\/miniempresatalme\/wp-json\/wp\/v2\/comments?post=448"}],"version-history":[{"count":32,"href":"https:\/\/blogsaverroes.juntadeandalucia.es\/miniempresatalme\/wp-json\/wp\/v2\/pages\/448\/revisions"}],"predecessor-version":[{"id":768,"href":"https:\/\/blogsaverroes.juntadeandalucia.es\/miniempresatalme\/wp-json\/wp\/v2\/pages\/448\/revisions\/768"}],"wp:attachment":[{"href":"https:\/\/blogsaverroes.juntadeandalucia.es\/miniempresatalme\/wp-json\/wp\/v2\/media?parent=448"}],"curies":[{"name":"wp","href":"https:\/\/api.w.org\/{rel}","templated":true}]}}