{"id":16,"date":"2022-11-02T14:37:21","date_gmt":"2022-11-02T14:37:21","guid":{"rendered":"https:\/\/blogsaverroes.juntadeandalucia.es\/mirinconcitodeinfantil\/?page_id=16"},"modified":"2022-11-18T10:51:25","modified_gmt":"2022-11-18T10:51:25","slug":"quienes-somos","status":"publish","type":"page","link":"https:\/\/blogsaverroes.juntadeandalucia.es\/mirinconcitodeinfantil\/quienes-somos\/","title":{"rendered":"\u00bfQui\u00e9n soy?"},"content":{"rendered":"<p>Mi nombre es <strong>Mar\u00eda Teresa<\/strong>, soy maestra de Educaci\u00f3n Infantil de una clase de 3 a\u00f1os. Nos encontramos&nbsp; en el <strong>CEIP \u00bb El Do\u00f1ana\u00bb<em> (EL ROC\u00cdO)<\/em><\/strong>, imaginad qu\u00e9 privilegio&#8230; Este blog surgi\u00f3 con la idea de dar a conocer todas aquellas actividades y proyectos en los que estamos inmersos, digamos&nbsp; que&nbsp; ser\u00eda como una ventana en la que si te \u00abasomas\u00bb puedes ver e incluso participar dando vuestra opini\u00f3n.&nbsp; Tambi\u00e9n se pretende ofrecer recursos para las familias que puedan reforzar o ampliar el contenido curricular de los peque\u00f1os,&nbsp; as\u00ed como para aquellos\/as compa\u00f1eros\/as docentes que lo deseen.<\/p>\n<p>&nbsp;<\/p>\n","protected":false},"excerpt":{"rendered":"<p>Mi nombre es Mar\u00eda Teresa, soy maestra de Educaci\u00f3n Infantil de una clase de 3 a\u00f1os. Nos encontramos&nbsp; en el CEIP \u00bb El Do\u00f1ana\u00bb (EL ROC\u00cdO), imaginad qu\u00e9 privilegio&#8230; Este blog surgi\u00f3 con la&#46;&#46;&#46;<\/p>\n","protected":false},"author":16051,"featured_media":0,"parent":0,"menu_order":0,"comment_status":"closed","ping_status":"closed","template":"","meta":{"ngg_post_thumbnail":0,"footnotes":""},"aioseo_notices":[],"_links":{"self":[{"href":"https:\/\/blogsaverroes.juntadeandalucia.es\/mirinconcitodeinfantil\/wp-json\/wp\/v2\/pages\/16"}],"collection":[{"href":"https:\/\/blogsaverroes.juntadeandalucia.es\/mirinconcitodeinfantil\/wp-json\/wp\/v2\/pages"}],"about":[{"href":"https:\/\/blogsaverroes.juntadeandalucia.es\/mirinconcitodeinfantil\/wp-json\/wp\/v2\/types\/page"}],"author":[{"embeddable":true,"href":"https:\/\/blogsaverroes.juntadeandalucia.es\/mirinconcitodeinfantil\/wp-json\/wp\/v2\/users\/16051"}],"replies":[{"embeddable":true,"href":"https:\/\/blogsaverroes.juntadeandalucia.es\/mirinconcitodeinfantil\/wp-json\/wp\/v2\/comments?post=16"}],"version-history":[{"count":5,"href":"https:\/\/blogsaverroes.juntadeandalucia.es\/mirinconcitodeinfantil\/wp-json\/wp\/v2\/pages\/16\/revisions"}],"predecessor-version":[{"id":97,"href":"https:\/\/blogsaverroes.juntadeandalucia.es\/mirinconcitodeinfantil\/wp-json\/wp\/v2\/pages\/16\/revisions\/97"}],"wp:attachment":[{"href":"https:\/\/blogsaverroes.juntadeandalucia.es\/mirinconcitodeinfantil\/wp-json\/wp\/v2\/media?parent=16"}],"curies":[{"name":"wp","href":"https:\/\/api.w.org\/{rel}","templated":true}]}}