{"id":124,"date":"2022-02-23T16:19:13","date_gmt":"2022-02-23T16:19:13","guid":{"rendered":"https:\/\/blogsaverroes.juntadeandalucia.es\/mmblog\/?page_id=124"},"modified":"2022-02-23T16:29:51","modified_gmt":"2022-02-23T16:29:51","slug":"goconqr","status":"publish","type":"page","link":"https:\/\/blogsaverroes.juntadeandalucia.es\/mmblog\/test\/goconqr\/","title":{"rendered":"GOCONQR"},"content":{"rendered":"<p style=\"text-align: center\"><strong>GoConqr<\/strong><\/p>\n<p>Descubre c\u00f3mo los Mapas Mentales, Fichas, Diapositivas, Apuntes y Tests pueden ayudarte.<\/p>\n<h2>Crea &amp; Desarrolla<\/h2>\n<p>Elimina el aburrimiento que conlleva estudiar. Crea irresistibles recursos con nuestras herramientas de Mapas Mentales, Fichas, Tests y Apuntes.<\/p>\n<h2>Descubre &amp; Explora<\/h2>\n<p>Obt\u00e9n una ventaja adicional descubriendo recursos de estudio. Construye tu conocimiento usando cientos de miles de recursos de todo el mundo.<\/p>\n<h2>Controla &amp; Triunfa<\/h2>\n<p>Controla tu progreso con tus recursos de estudio y comprueba lo r\u00e1pido que aprendes. \u00a1El \u00e9xito en los ex\u00e1menes est\u00e1 en tus manos!<\/p>\n<p>Para acceder a la web, haz clic aqu\u00ed:<\/p>\n<h1 class=\"home-feature-strap\"><a href=\"https:\/\/www.goconqr.com\/es\">GoConqr<\/a><\/h1>\n","protected":false},"excerpt":{"rendered":"<p>GoConqr Descubre c\u00f3mo los Mapas Mentales, Fichas, Diapositivas, Apuntes y Tests pueden ayudarte. Crea &amp; Desarrolla Elimina el aburrimiento que conlleva estudiar. Crea irresistibles recursos con nuestras herramientas de Mapas Mentales, Fichas, Tests y&#46;&#46;&#46;<\/p>\n","protected":false},"author":14471,"featured_media":0,"parent":63,"menu_order":0,"comment_status":"closed","ping_status":"closed","template":"","meta":{"ngg_post_thumbnail":0,"footnotes":""},"aioseo_notices":[],"_links":{"self":[{"href":"https:\/\/blogsaverroes.juntadeandalucia.es\/mmblog\/wp-json\/wp\/v2\/pages\/124"}],"collection":[{"href":"https:\/\/blogsaverroes.juntadeandalucia.es\/mmblog\/wp-json\/wp\/v2\/pages"}],"about":[{"href":"https:\/\/blogsaverroes.juntadeandalucia.es\/mmblog\/wp-json\/wp\/v2\/types\/page"}],"author":[{"embeddable":true,"href":"https:\/\/blogsaverroes.juntadeandalucia.es\/mmblog\/wp-json\/wp\/v2\/users\/14471"}],"replies":[{"embeddable":true,"href":"https:\/\/blogsaverroes.juntadeandalucia.es\/mmblog\/wp-json\/wp\/v2\/comments?post=124"}],"version-history":[{"count":3,"href":"https:\/\/blogsaverroes.juntadeandalucia.es\/mmblog\/wp-json\/wp\/v2\/pages\/124\/revisions"}],"predecessor-version":[{"id":126,"href":"https:\/\/blogsaverroes.juntadeandalucia.es\/mmblog\/wp-json\/wp\/v2\/pages\/124\/revisions\/126"}],"up":[{"embeddable":true,"href":"https:\/\/blogsaverroes.juntadeandalucia.es\/mmblog\/wp-json\/wp\/v2\/pages\/63"}],"wp:attachment":[{"href":"https:\/\/blogsaverroes.juntadeandalucia.es\/mmblog\/wp-json\/wp\/v2\/media?parent=124"}],"curies":[{"name":"wp","href":"https:\/\/api.w.org\/{rel}","templated":true}]}}