{"id":131,"date":"2022-02-24T09:03:36","date_gmt":"2022-02-24T09:03:36","guid":{"rendered":"https:\/\/blogsaverroes.juntadeandalucia.es\/mmblog\/?page_id=131"},"modified":"2022-02-24T09:14:13","modified_gmt":"2022-02-24T09:14:13","slug":"curacion-de-contenidos-buncee","status":"publish","type":"page","link":"https:\/\/blogsaverroes.juntadeandalucia.es\/mmblog\/curacion-de-contenidos-buncee\/","title":{"rendered":"Buncee"},"content":{"rendered":"<p><img loading=\"lazy\" decoding=\"async\" class=\"alignnone size-full wp-image-133\" src=\"https:\/\/blogsaverroes.juntadeandalucia.es\/mmblog\/files\/2022\/02\/log.png\" alt=\"\" width=\"217\" height=\"172\"><br \/>\n<span style=\"font-size: 18pt\"><strong>Buncee<\/strong><\/span> es una herramienta online para la educaci\u00f3n que nos permite crear presentaciones multimedia divertidas, lecciones interactivas, historias digitales&#8230; Es muy intuitiva y f\u00e1cil de usar.<br \/>\n<img loading=\"lazy\" decoding=\"async\" class=\"alignnone wp-image-134\" src=\"https:\/\/blogsaverroes.juntadeandalucia.es\/mmblog\/files\/2022\/02\/buncee-300x142.png\" alt=\"\" width=\"393\" height=\"186\" srcset=\"https:\/\/blogsaverroes.juntadeandalucia.es\/mmblog\/files\/2022\/02\/buncee-300x142.png 300w, https:\/\/blogsaverroes.juntadeandalucia.es\/mmblog\/files\/2022\/02\/buncee-1024x484.png 1024w, https:\/\/blogsaverroes.juntadeandalucia.es\/mmblog\/files\/2022\/02\/buncee-768x363.png 768w, https:\/\/blogsaverroes.juntadeandalucia.es\/mmblog\/files\/2022\/02\/buncee-1536x725.png 1536w, https:\/\/blogsaverroes.juntadeandalucia.es\/mmblog\/files\/2022\/02\/buncee-700x331.png 700w, https:\/\/blogsaverroes.juntadeandalucia.es\/mmblog\/files\/2022\/02\/buncee-332x157.png 332w, https:\/\/blogsaverroes.juntadeandalucia.es\/mmblog\/files\/2022\/02\/buncee.png 1870w\" sizes=\"(max-width: 393px) 100vw, 393px\" \/><br \/>\nAl entrar en la aplicaci\u00f3n web encontramos tres pesta\u00f1as: Classes, Buncees, Boards.<br \/>\n<img loading=\"lazy\" decoding=\"async\" class=\"alignnone wp-image-132\" src=\"https:\/\/blogsaverroes.juntadeandalucia.es\/mmblog\/files\/2022\/02\/menuBuncee-300x25.png\" alt=\"\" width=\"468\" height=\"39\" srcset=\"https:\/\/blogsaverroes.juntadeandalucia.es\/mmblog\/files\/2022\/02\/menuBuncee-300x25.png 300w, https:\/\/blogsaverroes.juntadeandalucia.es\/mmblog\/files\/2022\/02\/menuBuncee-1024x84.png 1024w, https:\/\/blogsaverroes.juntadeandalucia.es\/mmblog\/files\/2022\/02\/menuBuncee-768x63.png 768w, https:\/\/blogsaverroes.juntadeandalucia.es\/mmblog\/files\/2022\/02\/menuBuncee-700x57.png 700w, https:\/\/blogsaverroes.juntadeandalucia.es\/mmblog\/files\/2022\/02\/menuBuncee-332x27.png 332w, https:\/\/blogsaverroes.juntadeandalucia.es\/mmblog\/files\/2022\/02\/menuBuncee.png 1123w\" sizes=\"(max-width: 468px) 100vw, 468px\" \/><br \/>\nEn Class puedes crear distintas clases donde a\u00f1ades estudiantes a los que les puedes asignar una \u00fanica contrase\u00f1a para todos igual. Los estudiantes se pueden importar de un archivo csv evitando que tengas que crearlos uno a uno.<br \/>\nEn Buncee creas el contenido que quieras, tienes sugerencias de contenidos, im\u00e1genes, animaciones, dise\u00f1os, todo tipo de recursos para crear tus presentaciones, adem\u00e1s de poderle incluir sonido y videos. Podemos compartir tambi\u00e9n recursos.<br \/>\nEn Boards puedes crear pizarras colaborativas, se pueden dejar preguntas y los alumnos responder haciendo la interacci\u00f3n y la colaboraci\u00f3n del aula mucho m\u00e1s sencilla. Se puede compartir tus buncees (presentaciones) y crear c\u00f3digos para compartir el contenido con el alumnado y \u00e9stos pueden realizar comentarios.<\/p>\n<p>Es necesario registrarse en <a href=\"https:\/\/app.edu.buncee.com\/\">https:\/\/app.edu.buncee.com\/<\/a> aunque puedes hacerlo con la cuenta de Google.<br \/>\nLa podemos encontrar en <strong>Play Store y App Store<\/strong> para dispositivos m\u00f3viles.<\/p>\n<p>Os dejo un video de Youtube de c\u00f3mo usarla paso a paso.<\/p>\n<p><iframe loading=\"lazy\" title=\"BUNCEE PASO A PASO\" width=\"500\" height=\"281\" src=\"https:\/\/www.youtube.com\/embed\/ShPFXttMW8Y?feature=oembed&#038;wmode=opaque\" frameborder=\"0\" allow=\"accelerometer; autoplay; clipboard-write; encrypted-media; gyroscope; picture-in-picture; web-share\" referrerpolicy=\"strict-origin-when-cross-origin\" allowfullscreen><\/iframe><\/p>\n<p>Espero que os anim\u00e9is a probarla&#8230;<\/p>\n<p>M\u00aa Jes\u00fas Escalante Rodr\u00edguez.<\/p>\n","protected":false},"excerpt":{"rendered":"<p>Buncee es una herramienta online para la educaci\u00f3n que nos permite crear presentaciones multimedia divertidas, lecciones interactivas, historias digitales&#8230; Es muy intuitiva y f\u00e1cil de usar. Al entrar en la aplicaci\u00f3n web encontramos tres&#46;&#46;&#46;<\/p>\n","protected":false},"author":14348,"featured_media":0,"parent":0,"menu_order":0,"comment_status":"closed","ping_status":"closed","template":"","meta":{"ngg_post_thumbnail":0,"footnotes":""},"aioseo_notices":[],"_links":{"self":[{"href":"https:\/\/blogsaverroes.juntadeandalucia.es\/mmblog\/wp-json\/wp\/v2\/pages\/131"}],"collection":[{"href":"https:\/\/blogsaverroes.juntadeandalucia.es\/mmblog\/wp-json\/wp\/v2\/pages"}],"about":[{"href":"https:\/\/blogsaverroes.juntadeandalucia.es\/mmblog\/wp-json\/wp\/v2\/types\/page"}],"author":[{"embeddable":true,"href":"https:\/\/blogsaverroes.juntadeandalucia.es\/mmblog\/wp-json\/wp\/v2\/users\/14348"}],"replies":[{"embeddable":true,"href":"https:\/\/blogsaverroes.juntadeandalucia.es\/mmblog\/wp-json\/wp\/v2\/comments?post=131"}],"version-history":[{"count":3,"href":"https:\/\/blogsaverroes.juntadeandalucia.es\/mmblog\/wp-json\/wp\/v2\/pages\/131\/revisions"}],"predecessor-version":[{"id":139,"href":"https:\/\/blogsaverroes.juntadeandalucia.es\/mmblog\/wp-json\/wp\/v2\/pages\/131\/revisions\/139"}],"wp:attachment":[{"href":"https:\/\/blogsaverroes.juntadeandalucia.es\/mmblog\/wp-json\/wp\/v2\/media?parent=131"}],"curies":[{"name":"wp","href":"https:\/\/api.w.org\/{rel}","templated":true}]}}