{"id":142,"date":"2022-04-18T16:59:58","date_gmt":"2022-04-18T16:59:58","guid":{"rendered":"https:\/\/blogsaverroes.juntadeandalucia.es\/mmblog\/?page_id=142"},"modified":"2022-04-18T17:48:16","modified_gmt":"2022-04-18T17:48:16","slug":"genially","status":"publish","type":"page","link":"https:\/\/blogsaverroes.juntadeandalucia.es\/mmblog\/curacion-de-contenidos\/genially\/","title":{"rendered":"Genially"},"content":{"rendered":"<p>La <a href=\"https:\/\/genial.ly\/es\/\">herramienta Genially<\/a>, es una aplicaci\u00f3n educativa que permite crear diversos tipos de contenidos digitales orientados a impartir una clase de forma din\u00e1mica, y en la que los alumnos puedan formar parte activa del desarrollo de esta. Este tipo de actividades din\u00e1micas son fundamentales para la mantener y despertar la motivaci\u00f3n de los alumnos con el trabajo que est\u00e1n realizando y la tem\u00e1tica que est\u00e1n aprendiendo.&nbsp;<\/p>\n<p>La herramienta est\u00e1 basada en la estrategia educativa de \u00abGamificaci\u00f3n\u00bb&nbsp; que es una t\u00e9cnica de aprendizaje que traslada la mec\u00e1nica de los juegos al \u00e1mbito educativo-profesional con el fin de conseguir mejores resultados, ya sea para absorber mejor algunos conocimientos, mejorar alguna habilidad, o bien recompensar acciones concretas, entre otros muchos objetivos.<\/p>\n<p>Entre las diversas actividades que podemos llevar a cabo con la herramienta podemos destacar:<\/p>\n<ul>\n<li><strong>Presentaciones din\u00e1micas:<\/strong> mediante diapositivas en las que los alumnos pueden interactuar con los contenidos de las mismas.<\/li>\n<li><strong>Cuestionarios de preguntas y respuestas<\/strong>: En la que los alumnos deber\u00e1n responder a cuestiones sobre el temario que se est\u00e1 impartiendo.&nbsp;&nbsp;<\/li>\n<li><strong>Realizar \u00abEscape rooms\u00bb<\/strong>: Un escape room es un juego de aventura en el que los jugadores deber\u00e1n descifrar una serie de enigmas y resolver cuestiones para lograr el objetivo de encontrar la llave o la clave que le haga \u201cEscapar de la habitaci\u00f3n\u201d. (En definitiva deber\u00e1n superar una serie de pruebas para poder conseguir un objetivo propuesto)<\/li>\n<\/ul>\n<p>Como ejemplo de uso de la aplicaci\u00f3n de Genially en el aula muestro el desarrollo de un escape room que se llev\u00f3 a cabo durante la sesi\u00f3n de una clase de Seguridad Inform\u00e1tica con los alumnos de ciclo formativo de grado medio de SMR.<\/p>\n<ul>\n<li style=\"list-style-type: none\">\n<ul>\n<li><a href=\"https:\/\/blogsaverroes.juntadeandalucia.es\/mmblog\/curacion-de-contenidos\/genially\/escaperoom\">Visitar escape room \u00abAtrapado en el IES\u00bb<\/a><\/li>\n<\/ul>\n<\/li>\n<\/ul>\n<p>&nbsp;<\/p>\n<p>&nbsp;<\/p>\n<p>&nbsp;<\/p>\n","protected":false},"excerpt":{"rendered":"<p>La herramienta Genially, es una aplicaci\u00f3n educativa que permite crear diversos tipos de contenidos digitales orientados a impartir una clase de forma din\u00e1mica, y en la que los alumnos puedan formar parte activa del&#46;&#46;&#46;<\/p>\n","protected":false},"author":14470,"featured_media":0,"parent":41,"menu_order":0,"comment_status":"closed","ping_status":"closed","template":"","meta":{"ngg_post_thumbnail":0,"footnotes":""},"aioseo_notices":[],"_links":{"self":[{"href":"https:\/\/blogsaverroes.juntadeandalucia.es\/mmblog\/wp-json\/wp\/v2\/pages\/142"}],"collection":[{"href":"https:\/\/blogsaverroes.juntadeandalucia.es\/mmblog\/wp-json\/wp\/v2\/pages"}],"about":[{"href":"https:\/\/blogsaverroes.juntadeandalucia.es\/mmblog\/wp-json\/wp\/v2\/types\/page"}],"author":[{"embeddable":true,"href":"https:\/\/blogsaverroes.juntadeandalucia.es\/mmblog\/wp-json\/wp\/v2\/users\/14470"}],"replies":[{"embeddable":true,"href":"https:\/\/blogsaverroes.juntadeandalucia.es\/mmblog\/wp-json\/wp\/v2\/comments?post=142"}],"version-history":[{"count":5,"href":"https:\/\/blogsaverroes.juntadeandalucia.es\/mmblog\/wp-json\/wp\/v2\/pages\/142\/revisions"}],"predecessor-version":[{"id":158,"href":"https:\/\/blogsaverroes.juntadeandalucia.es\/mmblog\/wp-json\/wp\/v2\/pages\/142\/revisions\/158"}],"up":[{"embeddable":true,"href":"https:\/\/blogsaverroes.juntadeandalucia.es\/mmblog\/wp-json\/wp\/v2\/pages\/41"}],"wp:attachment":[{"href":"https:\/\/blogsaverroes.juntadeandalucia.es\/mmblog\/wp-json\/wp\/v2\/media?parent=142"}],"curies":[{"name":"wp","href":"https:\/\/api.w.org\/{rel}","templated":true}]}}