{"id":174,"date":"2023-01-24T11:52:28","date_gmt":"2023-01-24T11:52:28","guid":{"rendered":"https:\/\/blogsaverroes.juntadeandalucia.es\/mmblog\/?page_id=174"},"modified":"2023-01-25T12:36:08","modified_gmt":"2023-01-25T12:36:08","slug":"impresion-3-d","status":"publish","type":"page","link":"https:\/\/blogsaverroes.juntadeandalucia.es\/mmblog\/impresion-3-d\/","title":{"rendered":"Impresi\u00f3n 3 D"},"content":{"rendered":"<p id=\"yui_3_17_2_1_1674650138996_26\">Cuando hablamos de impresi\u00f3n 3D hemos de tener en cuenta una serie de aspectos importantes que tienen relaci\u00f3n con la misma, como son:<\/p>\n<ul>\n<li>Su historia.<\/li>\n<li>Tipos de impresi\u00f3n.<\/li>\n<li>Tipos de materiales.<\/li>\n<\/ul>\n<p id=\"yui_3_17_2_1_1674650152526_26\">Para poder realizar una impresi\u00f3n 3D necesitamos un modelo dise\u00f1ado en tres dimensiones que poder reproducir. Para todo el proceso de creaci\u00f3n y preparaci\u00f3n para la impresi\u00f3n utilizamos:<\/p>\n<ul>\n<li><em>Software<\/em>&nbsp;de dise\u00f1o.<\/li>\n<li><em>Software<\/em>&nbsp;de laminado.<\/li>\n<\/ul>\n<p>Adem\u00e1s, la impresi\u00f3n 3D tiene diferentes usos y aplicaciones, entre los que est\u00e1n presentes los destinados al \u00e1mbito educativo.<\/p>\n","protected":false},"excerpt":{"rendered":"<p>Cuando hablamos de impresi\u00f3n 3D hemos de tener en cuenta una serie de aspectos importantes que tienen relaci\u00f3n con la misma, como son: Su historia. Tipos de impresi\u00f3n. Tipos de materiales. Para poder realizar&#46;&#46;&#46;<\/p>\n","protected":false},"author":13920,"featured_media":0,"parent":0,"menu_order":0,"comment_status":"closed","ping_status":"closed","template":"","meta":{"ngg_post_thumbnail":0,"footnotes":""},"aioseo_notices":[],"_links":{"self":[{"href":"https:\/\/blogsaverroes.juntadeandalucia.es\/mmblog\/wp-json\/wp\/v2\/pages\/174"}],"collection":[{"href":"https:\/\/blogsaverroes.juntadeandalucia.es\/mmblog\/wp-json\/wp\/v2\/pages"}],"about":[{"href":"https:\/\/blogsaverroes.juntadeandalucia.es\/mmblog\/wp-json\/wp\/v2\/types\/page"}],"author":[{"embeddable":true,"href":"https:\/\/blogsaverroes.juntadeandalucia.es\/mmblog\/wp-json\/wp\/v2\/users\/13920"}],"replies":[{"embeddable":true,"href":"https:\/\/blogsaverroes.juntadeandalucia.es\/mmblog\/wp-json\/wp\/v2\/comments?post=174"}],"version-history":[{"count":3,"href":"https:\/\/blogsaverroes.juntadeandalucia.es\/mmblog\/wp-json\/wp\/v2\/pages\/174\/revisions"}],"predecessor-version":[{"id":180,"href":"https:\/\/blogsaverroes.juntadeandalucia.es\/mmblog\/wp-json\/wp\/v2\/pages\/174\/revisions\/180"}],"wp:attachment":[{"href":"https:\/\/blogsaverroes.juntadeandalucia.es\/mmblog\/wp-json\/wp\/v2\/media?parent=174"}],"curies":[{"name":"wp","href":"https:\/\/api.w.org\/{rel}","templated":true}]}}