{"id":183,"date":"2023-01-25T12:37:08","date_gmt":"2023-01-25T12:37:08","guid":{"rendered":"https:\/\/blogsaverroes.juntadeandalucia.es\/mmblog\/?page_id=183"},"modified":"2023-01-25T12:37:08","modified_gmt":"2023-01-25T12:37:08","slug":"software-de-impresion","status":"publish","type":"page","link":"https:\/\/blogsaverroes.juntadeandalucia.es\/mmblog\/software-de-impresion\/","title":{"rendered":"Software de impresi\u00f3n"},"content":{"rendered":"<p id=\"yui_3_17_2_1_1674650196984_26\">Una vez dise\u00f1ado el objeto 3D que queremos imprimir, para procesarlo en el&nbsp;<em>software<\/em>&nbsp;de laminado, es necesario exportarlo a unos tipos espec\u00edficos de archivos que definen la geometr\u00eda de los objetos 3D y que son los que admiten dichos programas de laminado cuya extensi\u00f3n debe ser&nbsp;<a href=\"https:\/\/es.wikipedia.org\/wiki\/STL\" target=\"_blank\" rel=\"noopener noreferrer\">.stl<\/a>&nbsp;o&nbsp;<a href=\"https:\/\/en.wikipedia.org\/wiki\/Wavefront_.obj_file\" target=\"_blank\" rel=\"noopener noreferrer\">.obj<\/a>*.<\/p>\n<figure class=\"exe-figure exe-image position-center license-CC-BY\"><img decoding=\"async\" src=\"https:\/\/educacionadistancia.juntadeandalucia.es\/aulavirtual\/pluginfile.php\/287913\/mod_book\/chapter\/14450\/19291096586_1b0badf588_k.jpg\" alt=\"Cura programa dise\u00f1o\" width=\"80%\"><\/figure>\n<p>Los archivos .stl deben ser transformados, a su vez, en un archivo que pueda ser \u201cle\u00eddo\u201d por la impresora. Para este cometido podemos elegir entre:<\/p>\n<ul>\n<li><strong><a href=\"https:\/\/ultimaker.com\/en\/products\/cura-software\" target=\"_blank\" rel=\"noopener noreferrer\">Cura<\/a><\/strong>. Esta aplicaci\u00f3n&nbsp;<em>Open Source<\/em>&nbsp;est\u00e1 disponible para distintos sistemas operativos (Linux, Mac y Windows) y&nbsp;destaca por su versatilidad, puesto que puede dar respuesta tanto a usuarios noveles como a expertos gracias a sus m\u00e1s de 200 posibilidades de ajuste.<\/li>\n<li><strong><a href=\"https:\/\/www.simplify3d.com\/\" target=\"_blank\" rel=\"noopener noreferrer\">Simplify<\/a><\/strong>. Esta aplicaci\u00f3n de pago, disponible tambi\u00e9n para Linux, Mac y Windows, destaca por su gran capacidad de configuraci\u00f3n, as\u00ed como por la optimizaci\u00f3n para la impresi\u00f3n con doble extrusor. Existe una versi\u00f3n educativa con todas las funcionalidades de la original a un precio m\u00e1s reducido.<\/li>\n<\/ul>\n","protected":false},"excerpt":{"rendered":"<p>Una vez dise\u00f1ado el objeto 3D que queremos imprimir, para procesarlo en el&nbsp;software&nbsp;de laminado, es necesario exportarlo a unos tipos espec\u00edficos de archivos que definen la geometr\u00eda de los objetos 3D y que son&#46;&#46;&#46;<\/p>\n","protected":false},"author":13920,"featured_media":0,"parent":0,"menu_order":0,"comment_status":"closed","ping_status":"closed","template":"","meta":{"ngg_post_thumbnail":0,"footnotes":""},"aioseo_notices":[],"_links":{"self":[{"href":"https:\/\/blogsaverroes.juntadeandalucia.es\/mmblog\/wp-json\/wp\/v2\/pages\/183"}],"collection":[{"href":"https:\/\/blogsaverroes.juntadeandalucia.es\/mmblog\/wp-json\/wp\/v2\/pages"}],"about":[{"href":"https:\/\/blogsaverroes.juntadeandalucia.es\/mmblog\/wp-json\/wp\/v2\/types\/page"}],"author":[{"embeddable":true,"href":"https:\/\/blogsaverroes.juntadeandalucia.es\/mmblog\/wp-json\/wp\/v2\/users\/13920"}],"replies":[{"embeddable":true,"href":"https:\/\/blogsaverroes.juntadeandalucia.es\/mmblog\/wp-json\/wp\/v2\/comments?post=183"}],"version-history":[{"count":1,"href":"https:\/\/blogsaverroes.juntadeandalucia.es\/mmblog\/wp-json\/wp\/v2\/pages\/183\/revisions"}],"predecessor-version":[{"id":185,"href":"https:\/\/blogsaverroes.juntadeandalucia.es\/mmblog\/wp-json\/wp\/v2\/pages\/183\/revisions\/185"}],"wp:attachment":[{"href":"https:\/\/blogsaverroes.juntadeandalucia.es\/mmblog\/wp-json\/wp\/v2\/media?parent=183"}],"curies":[{"name":"wp","href":"https:\/\/api.w.org\/{rel}","templated":true}]}}