{"id":199,"date":"2023-03-19T09:57:24","date_gmt":"2023-03-19T09:57:24","guid":{"rendered":"https:\/\/blogsaverroes.juntadeandalucia.es\/mmblog\/?page_id=199"},"modified":"2023-03-19T09:57:24","modified_gmt":"2023-03-19T09:57:24","slug":"liveworksheets","status":"publish","type":"page","link":"https:\/\/blogsaverroes.juntadeandalucia.es\/mmblog\/liveworksheets\/","title":{"rendered":"LIVEWORKSHEETS"},"content":{"rendered":"<p><strong><a href=\"https:\/\/es.liveworksheets.com\/\" target=\"_blank\" rel=\"noreferrer noopener\">Liveworksheets<\/a><\/strong>&nbsp;es un portal web&nbsp;<strong>ideado para estudiantes y profesores<\/strong>, que permite la realizaci\u00f3n de fichas imprimibles tradicionales o fichas interactivas online. Su fuerte es, por tanto, la creaci\u00f3n de estas fichas interactivas como herramienta m\u00e1s atractiva entre sus usuarios.<\/p>\n<p>Cuenta con numerosas fichas ya creadas que puedes utilizar para tus alumnos en ingl\u00e9s y en espa\u00f1ol. m\u00e1s puedes crear cuadernos y asignar tareas a tu alumnado. Adem\u00e1s, son auto corregibles y las calificaciones le llegan al profesor autom\u00e1ticamente.<\/p>\n<p>Con la ayuda de Liveworksheets podr\u00e1s&nbsp;<strong>agregar sonidos<\/strong>,&nbsp;<strong>v\u00eddeos<\/strong>,&nbsp;<strong>ejercicios interactivos<\/strong>&nbsp;de arrastrar y soltar\u2026 Tambi\u00e9n unir con flechas, selecci\u00f3n m\u00faltiple y hasta ejercicios hablados a trav\u00e9s de un micr\u00f3fono. Se puede realizar todo esto en los formatos doc, pdf, jpg, entre muchos m\u00e1s seg\u00fan tus necesidades. Podr\u00e1s incluso a\u00f1adirlos a tu web o blog.<\/p>\n<p>Os dejo un link tutorial de c\u00f3mo usarlo: https:\/\/www.youtube.com\/watch?v=2edre_jAhX8<\/p>\n<p>&nbsp;<\/p>\n<p>&nbsp;<\/p>\n<p><iframe loading=\"lazy\" title=\"CURSO completo LIVEWORKSHEETS  | Tutorial Espa\u00f1ol 2021| TODO sobre fichas interactivas y Workbooks\" width=\"500\" height=\"281\" src=\"https:\/\/www.youtube.com\/embed\/wwflCu4JX1I?feature=oembed&#038;wmode=opaque\" frameborder=\"0\" allow=\"accelerometer; autoplay; clipboard-write; encrypted-media; gyroscope; picture-in-picture; web-share\" referrerpolicy=\"strict-origin-when-cross-origin\" allowfullscreen><\/iframe><\/p>\n","protected":false},"excerpt":{"rendered":"<p>Liveworksheets&nbsp;es un portal web&nbsp;ideado para estudiantes y profesores, que permite la realizaci\u00f3n de fichas imprimibles tradicionales o fichas interactivas online. Su fuerte es, por tanto, la creaci\u00f3n de estas fichas interactivas como herramienta m\u00e1s&#46;&#46;&#46;<\/p>\n","protected":false},"author":16707,"featured_media":0,"parent":0,"menu_order":0,"comment_status":"closed","ping_status":"closed","template":"","meta":{"ngg_post_thumbnail":0,"footnotes":""},"aioseo_notices":[],"_links":{"self":[{"href":"https:\/\/blogsaverroes.juntadeandalucia.es\/mmblog\/wp-json\/wp\/v2\/pages\/199"}],"collection":[{"href":"https:\/\/blogsaverroes.juntadeandalucia.es\/mmblog\/wp-json\/wp\/v2\/pages"}],"about":[{"href":"https:\/\/blogsaverroes.juntadeandalucia.es\/mmblog\/wp-json\/wp\/v2\/types\/page"}],"author":[{"embeddable":true,"href":"https:\/\/blogsaverroes.juntadeandalucia.es\/mmblog\/wp-json\/wp\/v2\/users\/16707"}],"replies":[{"embeddable":true,"href":"https:\/\/blogsaverroes.juntadeandalucia.es\/mmblog\/wp-json\/wp\/v2\/comments?post=199"}],"version-history":[{"count":1,"href":"https:\/\/blogsaverroes.juntadeandalucia.es\/mmblog\/wp-json\/wp\/v2\/pages\/199\/revisions"}],"predecessor-version":[{"id":200,"href":"https:\/\/blogsaverroes.juntadeandalucia.es\/mmblog\/wp-json\/wp\/v2\/pages\/199\/revisions\/200"}],"wp:attachment":[{"href":"https:\/\/blogsaverroes.juntadeandalucia.es\/mmblog\/wp-json\/wp\/v2\/media?parent=199"}],"curies":[{"name":"wp","href":"https:\/\/api.w.org\/{rel}","templated":true}]}}