{"id":66,"date":"2022-01-17T10:26:03","date_gmt":"2022-01-17T10:26:03","guid":{"rendered":"https:\/\/blogsaverroes.juntadeandalucia.es\/mmblog\/?page_id=66"},"modified":"2022-01-17T11:34:39","modified_gmt":"2022-01-17T11:34:39","slug":"kahoot","status":"publish","type":"page","link":"https:\/\/blogsaverroes.juntadeandalucia.es\/mmblog\/test\/kahoot\/","title":{"rendered":"Kahoot"},"content":{"rendered":"<p><img loading=\"lazy\" decoding=\"async\" class=\"alignnone size-medium wp-image-75\" src=\"https:\/\/blogsaverroes.juntadeandalucia.es\/mmblog\/files\/2022\/01\/2-300x212.png\" alt=\"\" width=\"300\" height=\"212\" srcset=\"https:\/\/blogsaverroes.juntadeandalucia.es\/mmblog\/files\/2022\/01\/2-300x212.png 300w, https:\/\/blogsaverroes.juntadeandalucia.es\/mmblog\/files\/2022\/01\/2-332x235.png 332w, https:\/\/blogsaverroes.juntadeandalucia.es\/mmblog\/files\/2022\/01\/2.png 491w\" sizes=\"(max-width: 300px) 100vw, 300px\" \/><\/p>\n<p>Herramienta muy conocida y muy \u00fatil y popular hoy en d\u00eda, tanto para profesores como para el alumnado ya que ayuda a aprender y repasar conceptos de forma entretenida, <strong>como si fuera un concurso<\/strong>.<\/p>\n<p>La forma m\u00e1s com\u00fan es mediante preguntas tipo test, aunque tambi\u00e9n hay espacio para la discusi\u00f3n y debate.<\/p>\n<p>Adem\u00e1s, existen much\u00edsimos kahoot creados de diferentes tem\u00e1ticas, que podemos adaptar a lo que necesitemos.&nbsp;<\/p>\n<p>Al ser tan popular y conocerla todos, dejamos directamente el enlace para su uso y que quede registrada, pero no profundizamos mucho m\u00e1s ya que todos la conocemos.&nbsp;<\/p>\n<p>Acceso alumnado: <a href=\"https:\/\/kahoot.it\/\">https:\/\/kahoot.it\/<\/a><\/p>\n<p>Acceso profesorado:&nbsp;<a href=\"https:\/\/create.kahoot.it\/#login?next=\">https:\/\/create.kahoot.it\/#login?next=<\/a><\/p>\n","protected":false},"excerpt":{"rendered":"<p>Herramienta muy conocida y muy \u00fatil y popular hoy en d\u00eda, tanto para profesores como para el alumnado ya que ayuda a aprender y repasar conceptos de forma entretenida, como si fuera un concurso.&#46;&#46;&#46;<\/p>\n","protected":false},"author":13920,"featured_media":75,"parent":63,"menu_order":0,"comment_status":"closed","ping_status":"closed","template":"","meta":{"ngg_post_thumbnail":0,"footnotes":""},"aioseo_notices":[],"_links":{"self":[{"href":"https:\/\/blogsaverroes.juntadeandalucia.es\/mmblog\/wp-json\/wp\/v2\/pages\/66"}],"collection":[{"href":"https:\/\/blogsaverroes.juntadeandalucia.es\/mmblog\/wp-json\/wp\/v2\/pages"}],"about":[{"href":"https:\/\/blogsaverroes.juntadeandalucia.es\/mmblog\/wp-json\/wp\/v2\/types\/page"}],"author":[{"embeddable":true,"href":"https:\/\/blogsaverroes.juntadeandalucia.es\/mmblog\/wp-json\/wp\/v2\/users\/13920"}],"replies":[{"embeddable":true,"href":"https:\/\/blogsaverroes.juntadeandalucia.es\/mmblog\/wp-json\/wp\/v2\/comments?post=66"}],"version-history":[{"count":2,"href":"https:\/\/blogsaverroes.juntadeandalucia.es\/mmblog\/wp-json\/wp\/v2\/pages\/66\/revisions"}],"predecessor-version":[{"id":76,"href":"https:\/\/blogsaverroes.juntadeandalucia.es\/mmblog\/wp-json\/wp\/v2\/pages\/66\/revisions\/76"}],"up":[{"embeddable":true,"href":"https:\/\/blogsaverroes.juntadeandalucia.es\/mmblog\/wp-json\/wp\/v2\/pages\/63"}],"wp:featuredmedia":[{"embeddable":true,"href":"https:\/\/blogsaverroes.juntadeandalucia.es\/mmblog\/wp-json\/wp\/v2\/media\/75"}],"wp:attachment":[{"href":"https:\/\/blogsaverroes.juntadeandalucia.es\/mmblog\/wp-json\/wp\/v2\/media?parent=66"}],"curies":[{"name":"wp","href":"https:\/\/api.w.org\/{rel}","templated":true}]}}