{"id":70,"date":"2022-01-17T11:30:59","date_gmt":"2022-01-17T11:30:59","guid":{"rendered":"https:\/\/blogsaverroes.juntadeandalucia.es\/mmblog\/?page_id=70"},"modified":"2022-01-17T11:35:08","modified_gmt":"2022-01-17T11:35:08","slug":"socrative","status":"publish","type":"page","link":"https:\/\/blogsaverroes.juntadeandalucia.es\/mmblog\/test\/socrative\/","title":{"rendered":"Socrative"},"content":{"rendered":"<p>&nbsp;<\/p>\n<p><img loading=\"lazy\" decoding=\"async\" class=\"alignnone size-medium wp-image-74\" src=\"https:\/\/blogsaverroes.juntadeandalucia.es\/mmblog\/files\/2022\/01\/Captura-300x97.png\" alt=\"\" width=\"300\" height=\"97\" srcset=\"https:\/\/blogsaverroes.juntadeandalucia.es\/mmblog\/files\/2022\/01\/Captura-300x97.png 300w, https:\/\/blogsaverroes.juntadeandalucia.es\/mmblog\/files\/2022\/01\/Captura-332x108.png 332w, https:\/\/blogsaverroes.juntadeandalucia.es\/mmblog\/files\/2022\/01\/Captura.png 382w\" sizes=\"(max-width: 300px) 100vw, 300px\" \/>Socrative es una aplicaci\u00f3n que permite la participaci\u00f3n de los estudiantes en el aula en tiempo real.&nbsp;<\/p>\n<p>Permite realizar test, evaluaciones, actividades, etc. El docente puede manejar los datos y obtener estad\u00edsticas de los resultado obtenidos.&nbsp;<\/p>\n<p>Est\u00e1 disponible en App Store y Google Play, adem\u00e1s de tener acceso v\u00eda web.&nbsp;<\/p>\n<p><a href=\"http:\/\/www.socrative.com\/\" target=\"_blank\" rel=\"noopener noreferrer\">www.socrative.com<\/a>&nbsp;<\/p>\n<p>Como docente es necesario crear una cuenta y el alumando se une a trav\u00e9s de un c\u00f3digoi.&nbsp;<\/p>\n<p>Dispone de diferentes opciones que de manera sencilla permiten conocer diferentes datos. El docente crea un Quiz&nbsp;(cuestionario),&nbsp;Space Race&nbsp;(cuestionario con tiempo) o&nbsp;Exit Ticket&nbsp;(cuestionario con ranking de resultados) y los alumnos responden en&nbsp;tiempo real&nbsp;a trav\u00e9s de sus dispositivos. El profesor puede seguir los resultados en directo y revisarlos posteriormente en los reportes que almacena Socrative. Las preguntas que se realizan en la aplicaci\u00f3n son de&nbsp;respuesta m\u00faltiple,&nbsp;verdadero&nbsp;o falso&nbsp;y&nbsp;pregunta corta. Este&nbsp;<i>feedback<\/i>&nbsp;puede ser esencial para conocer los conocimientos de los estudiantes.<\/p>\n<p>Es una herramienta muy sencilla de utilizar tanto para profes como para estudiantes.<\/p>\n<p><iframe loading=\"lazy\" title=\"Gestiona la participaci\u00f3n en el aula con Socrative\" width=\"500\" height=\"281\" src=\"https:\/\/www.youtube.com\/embed\/udgujC_310w?feature=oembed&#038;wmode=opaque\" frameborder=\"0\" allow=\"accelerometer; autoplay; clipboard-write; encrypted-media; gyroscope; picture-in-picture; web-share\" referrerpolicy=\"strict-origin-when-cross-origin\" allowfullscreen><\/iframe><\/p>\n","protected":false},"excerpt":{"rendered":"<p>&nbsp; Socrative es una aplicaci\u00f3n que permite la participaci\u00f3n de los estudiantes en el aula en tiempo real.&nbsp; Permite realizar test, evaluaciones, actividades, etc. El docente puede manejar los datos y obtener estad\u00edsticas de&#46;&#46;&#46;<\/p>\n","protected":false},"author":13920,"featured_media":74,"parent":63,"menu_order":0,"comment_status":"closed","ping_status":"closed","template":"","meta":{"ngg_post_thumbnail":0,"footnotes":""},"aioseo_notices":[],"_links":{"self":[{"href":"https:\/\/blogsaverroes.juntadeandalucia.es\/mmblog\/wp-json\/wp\/v2\/pages\/70"}],"collection":[{"href":"https:\/\/blogsaverroes.juntadeandalucia.es\/mmblog\/wp-json\/wp\/v2\/pages"}],"about":[{"href":"https:\/\/blogsaverroes.juntadeandalucia.es\/mmblog\/wp-json\/wp\/v2\/types\/page"}],"author":[{"embeddable":true,"href":"https:\/\/blogsaverroes.juntadeandalucia.es\/mmblog\/wp-json\/wp\/v2\/users\/13920"}],"replies":[{"embeddable":true,"href":"https:\/\/blogsaverroes.juntadeandalucia.es\/mmblog\/wp-json\/wp\/v2\/comments?post=70"}],"version-history":[{"count":2,"href":"https:\/\/blogsaverroes.juntadeandalucia.es\/mmblog\/wp-json\/wp\/v2\/pages\/70\/revisions"}],"predecessor-version":[{"id":78,"href":"https:\/\/blogsaverroes.juntadeandalucia.es\/mmblog\/wp-json\/wp\/v2\/pages\/70\/revisions\/78"}],"up":[{"embeddable":true,"href":"https:\/\/blogsaverroes.juntadeandalucia.es\/mmblog\/wp-json\/wp\/v2\/pages\/63"}],"wp:featuredmedia":[{"embeddable":true,"href":"https:\/\/blogsaverroes.juntadeandalucia.es\/mmblog\/wp-json\/wp\/v2\/media\/74"}],"wp:attachment":[{"href":"https:\/\/blogsaverroes.juntadeandalucia.es\/mmblog\/wp-json\/wp\/v2\/media?parent=70"}],"curies":[{"name":"wp","href":"https:\/\/api.w.org\/{rel}","templated":true}]}}