{"id":81,"date":"2022-01-18T11:32:37","date_gmt":"2022-01-18T11:32:37","guid":{"rendered":"https:\/\/blogsaverroes.juntadeandalucia.es\/mmblog\/?page_id=81"},"modified":"2022-01-18T11:32:37","modified_gmt":"2022-01-18T11:32:37","slug":"quizizz","status":"publish","type":"page","link":"https:\/\/blogsaverroes.juntadeandalucia.es\/mmblog\/test\/quizizz\/","title":{"rendered":"Quizizz"},"content":{"rendered":"<p><span style=\"font-size: 18pt\"><strong>Quizizz<\/strong><\/span><\/p>\n<p><img loading=\"lazy\" decoding=\"async\" class=\"alignnone size-medium wp-image-82\" src=\"https:\/\/blogsaverroes.juntadeandalucia.es\/mmblog\/files\/2022\/01\/quizizz-300x158.png\" alt=\"\" width=\"300\" height=\"158\" srcset=\"https:\/\/blogsaverroes.juntadeandalucia.es\/mmblog\/files\/2022\/01\/quizizz-300x158.png 300w, https:\/\/blogsaverroes.juntadeandalucia.es\/mmblog\/files\/2022\/01\/quizizz.png 310w\" sizes=\"(max-width: 300px) 100vw, 300px\" \/><\/p>\n<p>Es una aplicaci\u00f3n online que permite crear cuestionarios y que los estudiantes participen de forma interactiva, bien guiados por el profesor o mediante un test cl\u00e1sico con temporizaci\u00f3n donde los estudiantes responden a las preguntas a su ritmo.<\/p>\n<p>Tiene una biblioteca de temas, que va desde ciencias, matem\u00e1ticas hasta ingl\u00e9s, artes creativas o salud, donde puedes elegir test o lecciones para los estudiantes de tu clase.<\/p>\n<p><img loading=\"lazy\" decoding=\"async\" class=\"alignnone wp-image-83\" src=\"https:\/\/blogsaverroes.juntadeandalucia.es\/mmblog\/files\/2022\/01\/bibliotecaQuizizz-300x161.png\" alt=\"\" width=\"414\" height=\"222\" srcset=\"https:\/\/blogsaverroes.juntadeandalucia.es\/mmblog\/files\/2022\/01\/bibliotecaQuizizz-300x161.png 300w, https:\/\/blogsaverroes.juntadeandalucia.es\/mmblog\/files\/2022\/01\/bibliotecaQuizizz-1024x549.png 1024w, https:\/\/blogsaverroes.juntadeandalucia.es\/mmblog\/files\/2022\/01\/bibliotecaQuizizz-768x412.png 768w, https:\/\/blogsaverroes.juntadeandalucia.es\/mmblog\/files\/2022\/01\/bibliotecaQuizizz-1536x824.png 1536w, https:\/\/blogsaverroes.juntadeandalucia.es\/mmblog\/files\/2022\/01\/bibliotecaQuizizz-700x376.png 700w, https:\/\/blogsaverroes.juntadeandalucia.es\/mmblog\/files\/2022\/01\/bibliotecaQuizizz-332x178.png 332w, https:\/\/blogsaverroes.juntadeandalucia.es\/mmblog\/files\/2022\/01\/bibliotecaQuizizz.png 1920w\" sizes=\"(max-width: 414px) 100vw, 414px\" \/><\/p>\n<p>El docente debe crearse una cuenta como administrador del sitio, donde puedes crear tu clase con los alumnos y ver los informes de resultados de los distintos test, adem\u00e1s de lanzarlos.<\/p>\n<p>Hay tres modos de lanzamiento, como un examen, cl\u00e1sico o equipo. Adem\u00e1s se puede vincular con Google Classroom y los alumnos y alumnas pueden acceder desde ah\u00ed. Se pueden configurar los intentos, que se muestre la respuesta&nbsp; o no, indicar los tiempo, que se muestre la tabla de l\u00edderes, entre otras muchas cosas.<\/p>\n<p>Los alumnos acceder\u00e1n mediante una url y un c\u00f3digo por lo que no es necesario que se registren, tal y como se puede ver en la siguiente imagen:<\/p>\n<p><img loading=\"lazy\" decoding=\"async\" class=\"alignnone size-medium wp-image-84\" src=\"https:\/\/blogsaverroes.juntadeandalucia.es\/mmblog\/files\/2022\/01\/InicioTesQuizizz-300x161.png\" alt=\"\" width=\"300\" height=\"161\" srcset=\"https:\/\/blogsaverroes.juntadeandalucia.es\/mmblog\/files\/2022\/01\/InicioTesQuizizz-300x161.png 300w, https:\/\/blogsaverroes.juntadeandalucia.es\/mmblog\/files\/2022\/01\/InicioTesQuizizz-1024x549.png 1024w, https:\/\/blogsaverroes.juntadeandalucia.es\/mmblog\/files\/2022\/01\/InicioTesQuizizz-768x412.png 768w, https:\/\/blogsaverroes.juntadeandalucia.es\/mmblog\/files\/2022\/01\/InicioTesQuizizz-1536x824.png 1536w, https:\/\/blogsaverroes.juntadeandalucia.es\/mmblog\/files\/2022\/01\/InicioTesQuizizz-700x376.png 700w, https:\/\/blogsaverroes.juntadeandalucia.es\/mmblog\/files\/2022\/01\/InicioTesQuizizz-332x178.png 332w, https:\/\/blogsaverroes.juntadeandalucia.es\/mmblog\/files\/2022\/01\/InicioTesQuizizz.png 1920w\" sizes=\"(max-width: 300px) 100vw, 300px\" \/><\/p>\n<p>Puedes acceder desde <a href=\"https:\/\/quizizz.com\/\">quizizz.com<\/a> o bien mediante Quizizz en el App Store o Google Play.<\/p>\n<p>Os dejo un video d\u00f3nde pod\u00e9is ver como se usa:<\/p>\n<p><iframe loading=\"lazy\" src=\"\/\/www.youtube.com\/embed\/kRMqD_fWsYo\" width=\"560\" height=\"314\"><\/iframe><\/p>\n","protected":false},"excerpt":{"rendered":"<p>Quizizz Es una aplicaci\u00f3n online que permite crear cuestionarios y que los estudiantes participen de forma interactiva, bien guiados por el profesor o mediante un test cl\u00e1sico con temporizaci\u00f3n donde los estudiantes responden a&#46;&#46;&#46;<\/p>\n","protected":false},"author":14348,"featured_media":0,"parent":63,"menu_order":0,"comment_status":"closed","ping_status":"closed","template":"","meta":{"ngg_post_thumbnail":0,"footnotes":""},"aioseo_notices":[],"_links":{"self":[{"href":"https:\/\/blogsaverroes.juntadeandalucia.es\/mmblog\/wp-json\/wp\/v2\/pages\/81"}],"collection":[{"href":"https:\/\/blogsaverroes.juntadeandalucia.es\/mmblog\/wp-json\/wp\/v2\/pages"}],"about":[{"href":"https:\/\/blogsaverroes.juntadeandalucia.es\/mmblog\/wp-json\/wp\/v2\/types\/page"}],"author":[{"embeddable":true,"href":"https:\/\/blogsaverroes.juntadeandalucia.es\/mmblog\/wp-json\/wp\/v2\/users\/14348"}],"replies":[{"embeddable":true,"href":"https:\/\/blogsaverroes.juntadeandalucia.es\/mmblog\/wp-json\/wp\/v2\/comments?post=81"}],"version-history":[{"count":1,"href":"https:\/\/blogsaverroes.juntadeandalucia.es\/mmblog\/wp-json\/wp\/v2\/pages\/81\/revisions"}],"predecessor-version":[{"id":85,"href":"https:\/\/blogsaverroes.juntadeandalucia.es\/mmblog\/wp-json\/wp\/v2\/pages\/81\/revisions\/85"}],"up":[{"embeddable":true,"href":"https:\/\/blogsaverroes.juntadeandalucia.es\/mmblog\/wp-json\/wp\/v2\/pages\/63"}],"wp:attachment":[{"href":"https:\/\/blogsaverroes.juntadeandalucia.es\/mmblog\/wp-json\/wp\/v2\/media?parent=81"}],"curies":[{"name":"wp","href":"https:\/\/api.w.org\/{rel}","templated":true}]}}