{"id":97,"date":"2022-02-14T17:32:39","date_gmt":"2022-02-14T17:32:39","guid":{"rendered":"https:\/\/blogsaverroes.juntadeandalucia.es\/mmblog\/?page_id=97"},"modified":"2022-02-14T17:32:39","modified_gmt":"2022-02-14T17:32:39","slug":"educoplay","status":"publish","type":"page","link":"https:\/\/blogsaverroes.juntadeandalucia.es\/mmblog\/test\/educoplay\/","title":{"rendered":"Educoplay"},"content":{"rendered":"<section class=\"elementor-section elementor-top-section elementor-element elementor-element-16529f21 elementor-section-boxed elementor-section-height-default elementor-section-height-default\" data-id=\"16529f21\">\n<div class=\"elementor-container elementor-column-gap-default\">\n<div class=\"elementor-row\">\n<div class=\"elementor-column elementor-col-100 elementor-top-column elementor-element elementor-element-304b7805\" data-id=\"304b7805\">\n<div class=\"elementor-column-wrap elementor-element-populated\">\n<div class=\"elementor-widget-wrap\">\n<div class=\"elementor-element elementor-element-2227dce elementor-widget elementor-widget-text-editor\" data-id=\"2227dce\">\n<div class=\"elementor-widget-container\">\n<div class=\"elementor-text-editor elementor-clearfix\">\n<h2><strong>\u00bfQu\u00e9 es <a href=\"https:\/\/es.educaplay.com\/\">Educaplay<\/a>?<\/strong>&nbsp;&nbsp;<\/h2>\n<p>Educaplay es una <strong>plataforma educativa que permite crear y compartir actividades multimedia y juegos<\/strong> de tipo educativo f\u00e1cilmente y de forma muy intuitiva.<\/p>\n<p><strong>Educaplay es gratuita<\/strong>, por lo que puedes aportar un gran valor pedag\u00f3gico sin ning\u00fan coste. Si quieres ir a un nivel superior en la creaci\u00f3n de tus actividades y juegos Educaplay ofrece un servicio premium en el que obtienes una serie de ventajas y opciones, pero para un uso b\u00e1sico con el gratuito es suficiente.<\/p>\n<p><span id=\"elementor-toc__heading-anchor-1\" class=\"elementor-menu-anchor \"><\/span>Con Educaplay puedes <strong>crear y compartir tus propias actividades educativas multimedia<\/strong>, elegir entre 14 tipos de actividades y 11 idiomas disponibles, todo de forma sencilla, intuitiva y completamente gratuita. Puedes reproducirlo desde cualquier dispositivo gracias a su tecnolog\u00eda basada en html5 y puedes integrar f\u00e1cilmente las actividades en blogs y plataformas LCMS, como Moodle, compatibles con Scorm.&nbsp;&nbsp;<\/p>\n<p>Adem\u00e1s de permitir la creaci\u00f3n de actividades propias, Educaplay ofrece un <strong>amplio repositorio de juegos y actividades realizadas por otros usuarios<\/strong>. Los diferentes objetos est\u00e1n categorizados por niveles y se ha creado una <strong>gran comunidad de aprendizaje<\/strong> en la que los usuarios comparten conocimientos gracias a las herramientas de colaboraci\u00f3n que presenta la plataforma.<\/p>\n<p><span data-ccp-props=\"{&quot;201341983&quot;:0,&quot;335559685&quot;:720,&quot;335559739&quot;:0,&quot;335559740&quot;:240}\">&nbsp;<\/span><span data-contrast=\"auto\">En la p\u00e1gina<a href=\"https:\/\/es.educaplay.com\/\"> educaplay<\/a> <\/span><span data-contrast=\"auto\">pod\u00e9is obtener m\u00e1s informaci\u00f3n y v\u00eddeos explicativos, la realidad es que hay que verlo. Desde esa p\u00e1gina te puedes registrar y gestionar tus presentaciones.<\/span><span data-ccp-props=\"{&quot;201341983&quot;:0,&quot;335559739&quot;:0,&quot;335559740&quot;:240}\">&nbsp;<\/span><\/p>\n<p><span id=\"elementor-toc__heading-anchor-2\" class=\"elementor-menu-anchor \"><\/span><span id=\"elementor-toc__heading-anchor-3\" class=\"elementor-menu-anchor \"><\/span><\/p>\n<h2><strong>\u00bfC\u00f3mo crear actividades en Educaplay?&nbsp;<\/strong><\/h2>\n<p>A la hora de crear materiales did\u00e1cticos y actividades educativas, el profesor puede nombrarlos utilizando el nombre de las distintas asignaturas y el curso, de hecho, <strong>es posible crear recursos y actividades para todas las materias<\/strong>, desde lenguas extranjeras hasta matem\u00e1ticas y literatura.<\/p>\n<p><img decoding=\"async\" class=\"lazyloaded\" src=\"https:\/\/www.theglobeformacion.com\/wp-content\/uploads\/2021\/03\/Screenshot_3-1.png\" alt=\"Seleccionar tipo de actividad y t\u00edtulo para crear un juego en Educaplay\" data-ll-status=\"loaded\">Se pueden utilizar las propias <strong>asignaturas o cursos para localizar otras actividades creadas por otros usuarios<\/strong>,esto promueve la colaboraci\u00f3n y el intercambio de ideas digitales y abre la puerta a una <strong>colaboraci\u00f3n continua y constructiva<\/strong>.&nbsp;&nbsp;<img decoding=\"async\" class=\"lazyloaded\" src=\"https:\/\/www.theglobeformacion.com\/wp-content\/uploads\/2021\/03\/Screenshot_5.png\" alt=\"clasificaci\u00f3n de la actividad creada para Educaplay\" data-ll-status=\"loaded\"><\/p>\n<p>Los profesores pueden<strong> seguir paso a paso todo el trabajo realizado por los alumnos<\/strong> y <strong>los resultados educativos obtenidos se pueden exportar a una hoja de c\u00e1lculo de Excel<\/strong>.&nbsp;&nbsp;<\/p>\n<p>Para participar en esta plataforma educativa, <strong>no es necesario descargar ning\u00fan programa<\/strong> en el ordenador, simplemente utilizando un navegador actualizado puedes hacer uso sin ning\u00fan problema.<\/p>\n<p>Mediante la filosof\u00eda del aprendizaje a trav\u00e9s del juego, Educaplay estimula <strong>la imaginaci\u00f3n y la creatividad de los alumnos<\/strong>, dos de los pilares que se objetivo a trabajar con la <a href=\"https:\/\/www.theglobeformacion.com\/blog\/transformacion-digital-educacion\/\" target=\"_blank\" rel=\"noreferrer noopener\"><strong>transformaci\u00f3n digital en la educaci\u00f3n<\/strong><\/a>. Gracias a esta plataforma educativa, los estudiantes pueden dedicarse a resolver actividades de las formas m\u00e1s variadas y originales.<\/p>\n<\/div>\n<\/div>\n<\/div>\n<\/div>\n<\/div>\n<\/div>\n<\/div>\n<\/div>\n<\/section>\n","protected":false},"excerpt":{"rendered":"<p>\u00bfQu\u00e9 es Educaplay?&nbsp;&nbsp; Educaplay es una plataforma educativa que permite crear y compartir actividades multimedia y juegos de tipo educativo f\u00e1cilmente y de forma muy intuitiva. Educaplay es gratuita, por lo que puedes aportar&#46;&#46;&#46;<\/p>\n","protected":false},"author":12995,"featured_media":98,"parent":63,"menu_order":0,"comment_status":"closed","ping_status":"closed","template":"","meta":{"ngg_post_thumbnail":0,"footnotes":""},"aioseo_notices":[],"_links":{"self":[{"href":"https:\/\/blogsaverroes.juntadeandalucia.es\/mmblog\/wp-json\/wp\/v2\/pages\/97"}],"collection":[{"href":"https:\/\/blogsaverroes.juntadeandalucia.es\/mmblog\/wp-json\/wp\/v2\/pages"}],"about":[{"href":"https:\/\/blogsaverroes.juntadeandalucia.es\/mmblog\/wp-json\/wp\/v2\/types\/page"}],"author":[{"embeddable":true,"href":"https:\/\/blogsaverroes.juntadeandalucia.es\/mmblog\/wp-json\/wp\/v2\/users\/12995"}],"replies":[{"embeddable":true,"href":"https:\/\/blogsaverroes.juntadeandalucia.es\/mmblog\/wp-json\/wp\/v2\/comments?post=97"}],"version-history":[{"count":2,"href":"https:\/\/blogsaverroes.juntadeandalucia.es\/mmblog\/wp-json\/wp\/v2\/pages\/97\/revisions"}],"predecessor-version":[{"id":101,"href":"https:\/\/blogsaverroes.juntadeandalucia.es\/mmblog\/wp-json\/wp\/v2\/pages\/97\/revisions\/101"}],"up":[{"embeddable":true,"href":"https:\/\/blogsaverroes.juntadeandalucia.es\/mmblog\/wp-json\/wp\/v2\/pages\/63"}],"wp:featuredmedia":[{"embeddable":true,"href":"https:\/\/blogsaverroes.juntadeandalucia.es\/mmblog\/wp-json\/wp\/v2\/media\/98"}],"wp:attachment":[{"href":"https:\/\/blogsaverroes.juntadeandalucia.es\/mmblog\/wp-json\/wp\/v2\/media?parent=97"}],"curies":[{"name":"wp","href":"https:\/\/api.w.org\/{rel}","templated":true}]}}