{"id":1023,"date":"2023-02-25T18:47:24","date_gmt":"2023-02-25T17:47:24","guid":{"rendered":"https:\/\/blogsaverroes.juntadeandalucia.es\/modiel\/?page_id=1023"},"modified":"2023-02-25T20:13:07","modified_gmt":"2023-02-25T19:13:07","slug":"aula-especifica-tea","status":"publish","type":"page","link":"https:\/\/blogsaverroes.juntadeandalucia.es\/modiel\/aula-especifica-tea\/","title":{"rendered":"Aula Espec\u00edfica (TEA)"},"content":{"rendered":"<p>El Aula Espec\u00edfica del CEIP Marismas del Odiel est\u00e1 dise\u00f1ada para ofrecer una educaci\u00f3n inclusiva y de calidad para los estudiantes con Trastornos del Espectro Autista (TEA). Nuestro equipo de educadores altamente capacitados est\u00e1 comprometido a proporcionar un entorno de aprendizaje seguro, acogedor y estimulante para nuestros estudiantes.<\/p>\n<p>En el Aula TEA, nuestros estudiantes reciben un enfoque personalizado y adaptado a sus necesidades individuales. Trabajamos en estrecha colaboraci\u00f3n con los padres y tutores para desarrollar planes educativos personalizados que aborden las necesidades \u00fanicas de cada estudiante.<\/p>\n<p>Adem\u00e1s, ofrecemos una variedad de servicios de apoyo, incluyendo terapia ocupacional, terapia del habla y terapia f\u00edsica para ayudar a nuestros estudiantes a alcanzar su m\u00e1ximo potencial.<\/p>\n<p>Nuestra escuela se enorgullece de ofrecer un ambiente de aprendizaje seguro y positivo para todos nuestros estudiantes. Trabajamos en estrecha colaboraci\u00f3n con padres y tutores para asegurarnos de que cada estudiante reciba el apoyo que necesitan para tener \u00e9xito.<\/p>\n<p>&nbsp;<\/p>\n<p><img loading=\"lazy\" decoding=\"async\" class=\" wp-image-1075 aligncenter\" src=\"https:\/\/blogsaverroes.juntadeandalucia.es\/modiel\/files\/2023\/02\/nR9h7dbi45RXAaOkuhFRH8XUn9I8iwrzW6QFlcI0-300x199.png\" alt=\"\" width=\"504\" height=\"334\"><\/p>\n","protected":false},"excerpt":{"rendered":"<p>El Aula Espec\u00edfica del CEIP Marismas del Odiel est\u00e1 dise\u00f1ada para ofrecer una educaci\u00f3n inclusiva y de calidad para los estudiantes con Trastornos del Espectro Autista (TEA). Nuestro equipo de educadores altamente capacitados est\u00e1 comprometido a proporcionar un entorno de aprendizaje seguro, acogedor y estimulante para nuestros estudiantes. En el Aula TEA, nuestros estudiantes reciben [&hellip;]<\/p>\n","protected":false},"author":15298,"featured_media":0,"parent":0,"menu_order":0,"comment_status":"closed","ping_status":"closed","template":"","meta":{"_et_pb_use_builder":"","_et_pb_old_content":"","_et_gb_content_width":"","ngg_post_thumbnail":0,"footnotes":""},"aioseo_notices":[],"_links":{"self":[{"href":"https:\/\/blogsaverroes.juntadeandalucia.es\/modiel\/wp-json\/wp\/v2\/pages\/1023"}],"collection":[{"href":"https:\/\/blogsaverroes.juntadeandalucia.es\/modiel\/wp-json\/wp\/v2\/pages"}],"about":[{"href":"https:\/\/blogsaverroes.juntadeandalucia.es\/modiel\/wp-json\/wp\/v2\/types\/page"}],"author":[{"embeddable":true,"href":"https:\/\/blogsaverroes.juntadeandalucia.es\/modiel\/wp-json\/wp\/v2\/users\/15298"}],"replies":[{"embeddable":true,"href":"https:\/\/blogsaverroes.juntadeandalucia.es\/modiel\/wp-json\/wp\/v2\/comments?post=1023"}],"version-history":[{"count":4,"href":"https:\/\/blogsaverroes.juntadeandalucia.es\/modiel\/wp-json\/wp\/v2\/pages\/1023\/revisions"}],"predecessor-version":[{"id":1076,"href":"https:\/\/blogsaverroes.juntadeandalucia.es\/modiel\/wp-json\/wp\/v2\/pages\/1023\/revisions\/1076"}],"wp:attachment":[{"href":"https:\/\/blogsaverroes.juntadeandalucia.es\/modiel\/wp-json\/wp\/v2\/media?parent=1023"}],"curies":[{"name":"wp","href":"https:\/\/api.w.org\/{rel}","templated":true}]}}