{"id":1024,"date":"2023-02-25T18:47:24","date_gmt":"2023-02-25T17:47:24","guid":{"rendered":"https:\/\/blogsaverroes.juntadeandalucia.es\/modiel\/?page_id=1024"},"modified":"2023-03-02T22:12:09","modified_gmt":"2023-03-02T21:12:09","slug":"cooeducacion","status":"publish","type":"page","link":"https:\/\/blogsaverroes.juntadeandalucia.es\/modiel\/cooeducacion\/","title":{"rendered":"Cooeducaci\u00f3n"},"content":{"rendered":"<p>En el CEIP Marismas del Odiel, nos comprometemos a proporcionar una educaci\u00f3n de calidad que fomente la igualdad de g\u00e9nero y la inclusi\u00f3n en todas las \u00e1reas de nuestra escuela. Creemos que la coeducaci\u00f3n es esencial para asegurar que todos los estudiantes tengan igualdad de oportunidades y se sientan valorados y respetados en su aprendizaje.<\/p>\n<p>Nuestro enfoque de coeducaci\u00f3n implica proporcionar un ambiente seguro y respetuoso donde los estudiantes pueden aprender y desarrollarse sin prejuicios de g\u00e9nero. Nuestro equipo educativo trabaja activamente para identificar y desafiar los estereotipos de g\u00e9nero y fomentar una cultura escolar de igualdad y respeto mutuo.<\/p>\n<p>Adem\u00e1s, ofrecemos programas educativos y actividades que promueven la inclusi\u00f3n y la igualdad de g\u00e9nero. Nuestros estudiantes participan en talleres y proyectos que fomentan la colaboraci\u00f3n y el respeto mutuo, y aprenden sobre la diversidad y la igualdad de g\u00e9nero en todas las materias acad\u00e9micas.<\/p>\n<p>En nuestra p\u00e1gina web, puedes encontrar m\u00e1s informaci\u00f3n sobre nuestra filosof\u00eda de coeducaci\u00f3n, nuestros programas educativos y actividades, y c\u00f3mo trabajamos para crear un ambiente escolar inclusivo y respetuoso. \u00a1Gracias por visitar nuestro sitio web!<\/p>\n<p>&nbsp;<\/p>\n<p><img loading=\"lazy\" decoding=\"async\" class=\" wp-image-1091 aligncenter\" src=\"https:\/\/blogsaverroes.juntadeandalucia.es\/modiel\/files\/2023\/02\/Captura-de-Pantalla-2023-02-25-a-las-20.25.02-300x196.png\" alt=\"\" width=\"534\" height=\"349\"><\/p>\n","protected":false},"excerpt":{"rendered":"<p>En el CEIP Marismas del Odiel, nos comprometemos a proporcionar una educaci\u00f3n de calidad que fomente la igualdad de g\u00e9nero y la inclusi\u00f3n en todas las \u00e1reas de nuestra escuela. Creemos que la coeducaci\u00f3n es esencial para asegurar que todos los estudiantes tengan igualdad de oportunidades y se sientan valorados y respetados en su aprendizaje. [&hellip;]<\/p>\n","protected":false},"author":15298,"featured_media":0,"parent":0,"menu_order":0,"comment_status":"closed","ping_status":"closed","template":"","meta":{"_et_pb_use_builder":"","_et_pb_old_content":"","_et_gb_content_width":"","ngg_post_thumbnail":0,"footnotes":""},"aioseo_notices":[],"_links":{"self":[{"href":"https:\/\/blogsaverroes.juntadeandalucia.es\/modiel\/wp-json\/wp\/v2\/pages\/1024"}],"collection":[{"href":"https:\/\/blogsaverroes.juntadeandalucia.es\/modiel\/wp-json\/wp\/v2\/pages"}],"about":[{"href":"https:\/\/blogsaverroes.juntadeandalucia.es\/modiel\/wp-json\/wp\/v2\/types\/page"}],"author":[{"embeddable":true,"href":"https:\/\/blogsaverroes.juntadeandalucia.es\/modiel\/wp-json\/wp\/v2\/users\/15298"}],"replies":[{"embeddable":true,"href":"https:\/\/blogsaverroes.juntadeandalucia.es\/modiel\/wp-json\/wp\/v2\/comments?post=1024"}],"version-history":[{"count":5,"href":"https:\/\/blogsaverroes.juntadeandalucia.es\/modiel\/wp-json\/wp\/v2\/pages\/1024\/revisions"}],"predecessor-version":[{"id":1139,"href":"https:\/\/blogsaverroes.juntadeandalucia.es\/modiel\/wp-json\/wp\/v2\/pages\/1024\/revisions\/1139"}],"wp:attachment":[{"href":"https:\/\/blogsaverroes.juntadeandalucia.es\/modiel\/wp-json\/wp\/v2\/media?parent=1024"}],"curies":[{"name":"wp","href":"https:\/\/api.w.org\/{rel}","templated":true}]}}