{"id":824,"date":"2020-12-18T08:31:23","date_gmt":"2020-12-18T07:31:23","guid":{"rendered":"https:\/\/blogsaverroes.juntadeandalucia.es\/pre\/plantilla-pencil\/?page_id=817"},"modified":"2023-03-02T22:13:02","modified_gmt":"2023-03-02T21:13:02","slug":"1o-ciclo-de-educacion-primaria","status":"publish","type":"page","link":"https:\/\/blogsaverroes.juntadeandalucia.es\/modiel\/1o-ciclo-de-educacion-primaria\/","title":{"rendered":"1\u00ba Ciclo de Educaci\u00f3n Primaria"},"content":{"rendered":"<p><img loading=\"lazy\" decoding=\"async\" class=\" wp-image-1126 aligncenter\" src=\"https:\/\/blogsaverroes.juntadeandalucia.es\/modiel\/files\/2023\/03\/Captura-de-pantalla-2023-03-02-a-las-21.55.19-300x186.png\" alt=\"\" width=\"432\" height=\"268\"><\/p>\n<p>&nbsp;<\/p>\n<p>Nuestro primer ciclo de educaci\u00f3n primaria est\u00e1 dise\u00f1ado para proporcionar una base s\u00f3lida para el aprendizaje de nuestros estudiantes. Los estudiantes en este ciclo est\u00e1n en los grados 1-2 y est\u00e1n en una etapa crucial en su desarrollo educativo.<\/p>\n<p>En el CEIP Marismas del Odiel, nos comprometemos a proporcionar una educaci\u00f3n de calidad que fomente el desarrollo acad\u00e9mico, social y emocional de nuestros estudiantes. Nuestro equipo de educadores altamente capacitados utiliza un enfoque de ense\u00f1anza personalizado y adaptado a las necesidades de cada estudiante para garantizar el \u00e9xito.<\/p>\n<p>En nuestro primer ciclo de educaci\u00f3n primaria, nuestros estudiantes aprenden habilidades esenciales como la lectura, la escritura, la matem\u00e1tica y la ciencia. Tambi\u00e9n ofrecemos una variedad de programas especializados, como arte, m\u00fasica y educaci\u00f3n f\u00edsica, para ayudar a nuestros estudiantes a desarrollar habilidades m\u00e1s all\u00e1 de las materias acad\u00e9micas.<\/p>\n<p>Adem\u00e1s, en nuestro primer ciclo de educaci\u00f3n primaria, nos enfocamos en fomentar una atm\u00f3sfera de aprendizaje positiva y segura. Trabajamos en estrecha colaboraci\u00f3n con los padres y tutores para crear un ambiente de apoyo y ayudar a nuestros estudiantes a desarrollar relaciones saludables con sus compa\u00f1eros.<\/p>\n","protected":false},"excerpt":{"rendered":"<p>&nbsp; Nuestro primer ciclo de educaci\u00f3n primaria est\u00e1 dise\u00f1ado para proporcionar una base s\u00f3lida para el aprendizaje de nuestros estudiantes. Los estudiantes en este ciclo est\u00e1n en los grados 1-2 y est\u00e1n en una etapa crucial en su desarrollo educativo. En el CEIP Marismas del Odiel, nos comprometemos a proporcionar una educaci\u00f3n de calidad que [&hellip;]<\/p>\n","protected":false},"author":15298,"featured_media":0,"parent":0,"menu_order":0,"comment_status":"closed","ping_status":"closed","template":"","meta":{"_et_pb_use_builder":"off","_et_pb_old_content":"","_et_gb_content_width":"","ngg_post_thumbnail":0,"footnotes":""},"aioseo_notices":[],"_links":{"self":[{"href":"https:\/\/blogsaverroes.juntadeandalucia.es\/modiel\/wp-json\/wp\/v2\/pages\/824"}],"collection":[{"href":"https:\/\/blogsaverroes.juntadeandalucia.es\/modiel\/wp-json\/wp\/v2\/pages"}],"about":[{"href":"https:\/\/blogsaverroes.juntadeandalucia.es\/modiel\/wp-json\/wp\/v2\/types\/page"}],"author":[{"embeddable":true,"href":"https:\/\/blogsaverroes.juntadeandalucia.es\/modiel\/wp-json\/wp\/v2\/users\/15298"}],"replies":[{"embeddable":true,"href":"https:\/\/blogsaverroes.juntadeandalucia.es\/modiel\/wp-json\/wp\/v2\/comments?post=824"}],"version-history":[{"count":6,"href":"https:\/\/blogsaverroes.juntadeandalucia.es\/modiel\/wp-json\/wp\/v2\/pages\/824\/revisions"}],"predecessor-version":[{"id":1141,"href":"https:\/\/blogsaverroes.juntadeandalucia.es\/modiel\/wp-json\/wp\/v2\/pages\/824\/revisions\/1141"}],"wp:attachment":[{"href":"https:\/\/blogsaverroes.juntadeandalucia.es\/modiel\/wp-json\/wp\/v2\/media?parent=824"}],"curies":[{"name":"wp","href":"https:\/\/api.w.org\/{rel}","templated":true}]}}