{"id":825,"date":"2020-12-18T08:32:50","date_gmt":"2020-12-18T07:32:50","guid":{"rendered":"https:\/\/blogsaverroes.juntadeandalucia.es\/pre\/plantilla-pencil\/?page_id=824"},"modified":"2023-03-02T21:54:20","modified_gmt":"2023-03-02T20:54:20","slug":"2o-ciclo-de-educacion-infantil","status":"publish","type":"page","link":"https:\/\/blogsaverroes.juntadeandalucia.es\/modiel\/2o-ciclo-de-educacion-infantil\/","title":{"rendered":"2\u00ba Ciclo de Educaci\u00f3n Infantil"},"content":{"rendered":"<p><img loading=\"lazy\" decoding=\"async\" class=\" wp-image-1122 aligncenter\" src=\"https:\/\/blogsaverroes.juntadeandalucia.es\/modiel\/files\/2023\/03\/Captura-de-pantalla-2023-03-02-a-las-21.52.43-300x156.png\" alt=\"\" width=\"517\" height=\"269\"><\/p>\n<p>&nbsp;<\/p>\n<p>Nuestro segundo ciclo de educaci\u00f3n infantil est\u00e1 dise\u00f1ado para continuar el desarrollo integral de los ni\u00f1os y ni\u00f1as a trav\u00e9s del juego y la exploraci\u00f3n. Los ni\u00f1os y ni\u00f1as en este ciclo tienen edades comprendidas entre los 3 y 6 a\u00f1os.<\/p>\n<p>En el CEIP Marismas del Odiel, nos comprometemos a proporcionar una educaci\u00f3n de calidad que fomente el desarrollo integral de los ni\u00f1os y ni\u00f1as. Nuestro equipo de educadores altamente capacitados utiliza un enfoque de ense\u00f1anza personalizado y adaptado a las necesidades de cada ni\u00f1o y ni\u00f1a para garantizar su \u00e9xito.<\/p>\n<p>En nuestro segundo ciclo de educaci\u00f3n infantil, los ni\u00f1os y ni\u00f1as contin\u00faan aprendiendo habilidades esenciales, como el lenguaje, las matem\u00e1ticas y la motricidad, pero tambi\u00e9n se centran en habilidades m\u00e1s avanzadas. Nuestros programas especializados, como la m\u00fasica, el arte y la educaci\u00f3n f\u00edsica, ayudan a los ni\u00f1os y ni\u00f1as a desarrollar habilidades m\u00e1s all\u00e1 de las materias acad\u00e9micas.<\/p>\n<p>Adem\u00e1s, en el CEIP Marismas del Odiel, creemos que el aprendizaje debe ser divertido y emocionante. Fomentamos un ambiente de aprendizaje positivo y seguro donde los ni\u00f1os y ni\u00f1as puedan explorar y experimentar de manera segura.<\/p>\n","protected":false},"excerpt":{"rendered":"<p>&nbsp; Nuestro segundo ciclo de educaci\u00f3n infantil est\u00e1 dise\u00f1ado para continuar el desarrollo integral de los ni\u00f1os y ni\u00f1as a trav\u00e9s del juego y la exploraci\u00f3n. Los ni\u00f1os y ni\u00f1as en este ciclo tienen edades comprendidas entre los 3 y 6 a\u00f1os. En el CEIP Marismas del Odiel, nos comprometemos a proporcionar una educaci\u00f3n de [&hellip;]<\/p>\n","protected":false},"author":15298,"featured_media":0,"parent":0,"menu_order":0,"comment_status":"closed","ping_status":"closed","template":"","meta":{"_et_pb_use_builder":"off","_et_pb_old_content":"","_et_gb_content_width":"","ngg_post_thumbnail":0,"footnotes":""},"aioseo_notices":[],"_links":{"self":[{"href":"https:\/\/blogsaverroes.juntadeandalucia.es\/modiel\/wp-json\/wp\/v2\/pages\/825"}],"collection":[{"href":"https:\/\/blogsaverroes.juntadeandalucia.es\/modiel\/wp-json\/wp\/v2\/pages"}],"about":[{"href":"https:\/\/blogsaverroes.juntadeandalucia.es\/modiel\/wp-json\/wp\/v2\/types\/page"}],"author":[{"embeddable":true,"href":"https:\/\/blogsaverroes.juntadeandalucia.es\/modiel\/wp-json\/wp\/v2\/users\/15298"}],"replies":[{"embeddable":true,"href":"https:\/\/blogsaverroes.juntadeandalucia.es\/modiel\/wp-json\/wp\/v2\/comments?post=825"}],"version-history":[{"count":4,"href":"https:\/\/blogsaverroes.juntadeandalucia.es\/modiel\/wp-json\/wp\/v2\/pages\/825\/revisions"}],"predecessor-version":[{"id":1125,"href":"https:\/\/blogsaverroes.juntadeandalucia.es\/modiel\/wp-json\/wp\/v2\/pages\/825\/revisions\/1125"}],"wp:attachment":[{"href":"https:\/\/blogsaverroes.juntadeandalucia.es\/modiel\/wp-json\/wp\/v2\/media?parent=825"}],"curies":[{"name":"wp","href":"https:\/\/api.w.org\/{rel}","templated":true}]}}