{"id":831,"date":"2020-12-18T08:35:33","date_gmt":"2020-12-18T07:35:33","guid":{"rendered":"https:\/\/blogsaverroes.juntadeandalucia.es\/pre\/plantilla-pencil\/?page_id=831"},"modified":"2023-03-02T22:13:55","modified_gmt":"2023-03-02T21:13:55","slug":"3o-ciclo-de-educacion-primaria","status":"publish","type":"page","link":"https:\/\/blogsaverroes.juntadeandalucia.es\/modiel\/3o-ciclo-de-educacion-primaria\/","title":{"rendered":"3\u00ba Ciclo de Educaci\u00f3n Primaria"},"content":{"rendered":"<p><img loading=\"lazy\" decoding=\"async\" class=\" wp-image-1126 aligncenter\" src=\"https:\/\/blogsaverroes.juntadeandalucia.es\/modiel\/files\/2023\/03\/Captura-de-pantalla-2023-03-02-a-las-21.55.19-300x186.png\" alt=\"\" width=\"432\" height=\"268\"><\/p>\n<p>&nbsp;<\/p>\n<p>Nuestro segundo ciclo de educaci\u00f3n primaria est\u00e1 dise\u00f1ado para seguir desarrollando las habilidades acad\u00e9micas, sociales y emocionales de nuestros estudiantes. Los estudiantes en este ciclo est\u00e1n en los grados 5-6 y est\u00e1n en una etapa importante en su desarrollo educativo.<\/p>\n<p>En el CEIP Marismas del Odiel, nos comprometemos a proporcionar una educaci\u00f3n de calidad que fomente el desarrollo integral de nuestros estudiantes. Nuestro equipo de educadores altamente capacitados utiliza un enfoque de ense\u00f1anza personalizado y adaptado a las necesidades de cada estudiante para garantizar el \u00e9xito.<\/p>\n<p>En nuestro segundo ciclo de educaci\u00f3n primaria, nuestros estudiantes contin\u00faan aprendiendo habilidades acad\u00e9micas esenciales, como la lectura, la escritura, la matem\u00e1tica y la ciencia, pero tambi\u00e9n se centran en habilidades m\u00e1s avanzadas. Los estudiantes tambi\u00e9n tienen la oportunidad de participar en programas especializados, como inform\u00e1tica, educaci\u00f3n art\u00edstica y deportes, para desarrollar habilidades m\u00e1s all\u00e1 de las materias acad\u00e9micas.<\/p>\n<p>Adem\u00e1s, en nuestro segundo ciclo de educaci\u00f3n primaria, trabajamos en estrecha colaboraci\u00f3n con los padres y tutores para fomentar una atm\u00f3sfera de aprendizaje positiva y segura. Queremos asegurarnos de que nuestros estudiantes se sientan apoyados y motivados en su aprendizaje, y de que desarrollen relaciones saludables y positivas con sus compa\u00f1eros.<\/p>\n","protected":false},"excerpt":{"rendered":"<p>&nbsp; Nuestro segundo ciclo de educaci\u00f3n primaria est\u00e1 dise\u00f1ado para seguir desarrollando las habilidades acad\u00e9micas, sociales y emocionales de nuestros estudiantes. Los estudiantes en este ciclo est\u00e1n en los grados 5-6 y est\u00e1n en una etapa importante en su desarrollo educativo. En el CEIP Marismas del Odiel, nos comprometemos a proporcionar una educaci\u00f3n de calidad [&hellip;]<\/p>\n","protected":false},"author":15298,"featured_media":0,"parent":0,"menu_order":0,"comment_status":"closed","ping_status":"closed","template":"","meta":{"_et_pb_use_builder":"off","_et_pb_old_content":"","_et_gb_content_width":"","ngg_post_thumbnail":0,"footnotes":""},"aioseo_notices":[],"_links":{"self":[{"href":"https:\/\/blogsaverroes.juntadeandalucia.es\/modiel\/wp-json\/wp\/v2\/pages\/831"}],"collection":[{"href":"https:\/\/blogsaverroes.juntadeandalucia.es\/modiel\/wp-json\/wp\/v2\/pages"}],"about":[{"href":"https:\/\/blogsaverroes.juntadeandalucia.es\/modiel\/wp-json\/wp\/v2\/types\/page"}],"author":[{"embeddable":true,"href":"https:\/\/blogsaverroes.juntadeandalucia.es\/modiel\/wp-json\/wp\/v2\/users\/15298"}],"replies":[{"embeddable":true,"href":"https:\/\/blogsaverroes.juntadeandalucia.es\/modiel\/wp-json\/wp\/v2\/comments?post=831"}],"version-history":[{"count":5,"href":"https:\/\/blogsaverroes.juntadeandalucia.es\/modiel\/wp-json\/wp\/v2\/pages\/831\/revisions"}],"predecessor-version":[{"id":1143,"href":"https:\/\/blogsaverroes.juntadeandalucia.es\/modiel\/wp-json\/wp\/v2\/pages\/831\/revisions\/1143"}],"wp:attachment":[{"href":"https:\/\/blogsaverroes.juntadeandalucia.es\/modiel\/wp-json\/wp\/v2\/media?parent=831"}],"curies":[{"name":"wp","href":"https:\/\/api.w.org\/{rel}","templated":true}]}}