{"id":845,"date":"2020-12-18T08:40:01","date_gmt":"2020-12-18T07:40:01","guid":{"rendered":"https:\/\/blogsaverroes.juntadeandalucia.es\/pre\/plantilla-pencil\/?page_id=845"},"modified":"2023-03-02T21:49:59","modified_gmt":"2023-03-02T20:49:59","slug":"aula-matinal","status":"publish","type":"page","link":"https:\/\/blogsaverroes.juntadeandalucia.es\/modiel\/aula-matinal\/","title":{"rendered":"Aula matinal"},"content":{"rendered":"<p><img loading=\"lazy\" decoding=\"async\" class=\"wp-image-1117 aligncenter\" src=\"https:\/\/blogsaverroes.juntadeandalucia.es\/modiel\/files\/2023\/03\/Captura-de-pantalla-2023-03-02-a-las-21.47.36-300x176.png\" alt=\"\" width=\"525\" height=\"308\"><\/p>\n<h2>&nbsp;<\/h2>\n<p>Nuestro programa de Aula Matinal est\u00e1 dise\u00f1ado para proporcionar un ambiente seguro y acogedor para los estudiantes antes del inicio de la jornada escolar. Est\u00e1 dirigido por nuestro equipo de educadores altamente capacitados y se lleva a cabo en nuestras instalaciones escolares.<\/p>\n<p>En el Aula Matinal, los estudiantes pueden participar en actividades educativas y recreativas que fomentan el aprendizaje temprano y el desarrollo social. Adem\u00e1s, ofrecemos un desayuno saludable y nutritivo para asegurar que los estudiantes comiencen el d\u00eda con energ\u00eda y preparados para el d\u00eda escolar.<\/p>\n<p>Nuestro programa de Aula Matinal es una soluci\u00f3n pr\u00e1ctica para las familias que necesitan servicios de cuidado temprano para sus hijos e hijas. Ofrecemos horarios flexibles y precios asequibles para adaptarnos a las necesidades de cada familia.<\/p>\n","protected":false},"excerpt":{"rendered":"<p>&nbsp; Nuestro programa de Aula Matinal est\u00e1 dise\u00f1ado para proporcionar un ambiente seguro y acogedor para los estudiantes antes del inicio de la jornada escolar. Est\u00e1 dirigido por nuestro equipo de educadores altamente capacitados y se lleva a cabo en nuestras instalaciones escolares. En el Aula Matinal, los estudiantes pueden participar en actividades educativas y [&hellip;]<\/p>\n","protected":false},"author":15298,"featured_media":0,"parent":0,"menu_order":0,"comment_status":"closed","ping_status":"closed","template":"","meta":{"_et_pb_use_builder":"off","_et_pb_old_content":"","_et_gb_content_width":"","ngg_post_thumbnail":0,"footnotes":""},"aioseo_notices":[],"_links":{"self":[{"href":"https:\/\/blogsaverroes.juntadeandalucia.es\/modiel\/wp-json\/wp\/v2\/pages\/845"}],"collection":[{"href":"https:\/\/blogsaverroes.juntadeandalucia.es\/modiel\/wp-json\/wp\/v2\/pages"}],"about":[{"href":"https:\/\/blogsaverroes.juntadeandalucia.es\/modiel\/wp-json\/wp\/v2\/types\/page"}],"author":[{"embeddable":true,"href":"https:\/\/blogsaverroes.juntadeandalucia.es\/modiel\/wp-json\/wp\/v2\/users\/15298"}],"replies":[{"embeddable":true,"href":"https:\/\/blogsaverroes.juntadeandalucia.es\/modiel\/wp-json\/wp\/v2\/comments?post=845"}],"version-history":[{"count":6,"href":"https:\/\/blogsaverroes.juntadeandalucia.es\/modiel\/wp-json\/wp\/v2\/pages\/845\/revisions"}],"predecessor-version":[{"id":1120,"href":"https:\/\/blogsaverroes.juntadeandalucia.es\/modiel\/wp-json\/wp\/v2\/pages\/845\/revisions\/1120"}],"wp:attachment":[{"href":"https:\/\/blogsaverroes.juntadeandalucia.es\/modiel\/wp-json\/wp\/v2\/media?parent=845"}],"curies":[{"name":"wp","href":"https:\/\/api.w.org\/{rel}","templated":true}]}}