{"id":141,"date":"2015-03-17T07:13:24","date_gmt":"2015-03-17T07:13:24","guid":{"rendered":"http:\/\/blogsaverroes.juntadeandalucia.es\/pre\/ceip\/?page_id=141"},"modified":"2018-07-26T12:04:13","modified_gmt":"2018-07-26T10:04:13","slug":"oferta_educativa","status":"publish","type":"page","link":"https:\/\/blogsaverroes.juntadeandalucia.es\/molinilloviejo\/oferta_educativa\/","title":{"rendered":"Oferta Educativa"},"content":{"rendered":"<p>Uno de los objetivos principales de nuestro Secci\u00f3n para el curso 2018-19 es ofertar &nbsp;a la poblaci\u00f3n (dentro de nuestras posibilidades) un abanico de posibilidades formativas que atienda a la demanda, cada vez m\u00e1s plural y diversa, a trav\u00e9s de los diferentes Planes Educativos.<\/p>\n<p>En el presente curso escolar ofertamos estos Planes de Estudios:<\/p>\n<ul>\n<li>PLAN DE FORMACI\u00d3N B\u00c1SICA: NIVEL I ,&nbsp;II<\/li>\n<li>PREPARACI\u00d3N PARA LA PRUEBA LIBRE DE GRADUADO EN EDUCACI\u00d3N SECUNDARIA<\/li>\n<li>PLAN EDUCATIVO DE PREPARACI\u00d3N PARA EL ACCESO A LA UNIVERSIDAD PARA MAYORES DE 45 A\u00d1OS<\/li>\n<li>PLAN EDUCATIVO DE USO B\u00c1SICO DE TECNOLOG\u00cdA DE LA INFORMACI\u00d3N Y LA COMUNICACI\u00d3N (T.I.C)<\/li>\n<li>PLAN EDUCATIVO DE USO B\u00c1SICO DE IDIOMA EXTRANJERO (INGL\u00c9S).<\/li>\n<li>PLAN EDUCATIVO PARA LA ADQUISICI\u00d3N DE H\u00c1BITOS DE VIDA SALUDABLE.<\/li>\n<li>PLAN&nbsp;EDUCATIVO DE FOMENTO DEL CONOCIMIENTO Y CONSERVACI\u00d3N DEL PATRIMONIO&nbsp;CULTURAL ANDALUZ Y SU ENTORNO NATURAL.<a href=\"https:\/\/www.flickr.com\/photos\/deporcuna\/41769186514\/sizes\/h\/\" target=\"_blank\" rel=\"noopener\"><img loading=\"lazy\" decoding=\"async\" class=\"aligncenter\" src=\"https:\/\/c2.staticflickr.com\/2\/1754\/41769186514_c580060b7d_b.jpg\" alt=\"\" width=\"693\" height=\"1024\"><\/a><\/li>\n<\/ul>\n","protected":false},"excerpt":{"rendered":"<p>Uno de los objetivos principales de nuestro Secci\u00f3n para el curso 2018-19 es ofertar &nbsp;a la poblaci\u00f3n (dentro de nuestras posibilidades) un abanico de posibilidades formativas que atienda a la demanda, cada vez m\u00e1s&#46;&#46;&#46;<\/p>\n","protected":false},"author":1,"featured_media":0,"parent":0,"menu_order":0,"comment_status":"closed","ping_status":"open","template":"","meta":{"ngg_post_thumbnail":0,"footnotes":"","_mc_calendar":[]},"aioseo_notices":[],"_links":{"self":[{"href":"https:\/\/blogsaverroes.juntadeandalucia.es\/molinilloviejo\/wp-json\/wp\/v2\/pages\/141"}],"collection":[{"href":"https:\/\/blogsaverroes.juntadeandalucia.es\/molinilloviejo\/wp-json\/wp\/v2\/pages"}],"about":[{"href":"https:\/\/blogsaverroes.juntadeandalucia.es\/molinilloviejo\/wp-json\/wp\/v2\/types\/page"}],"author":[{"embeddable":true,"href":"https:\/\/blogsaverroes.juntadeandalucia.es\/molinilloviejo\/wp-json\/wp\/v2\/users\/1"}],"replies":[{"embeddable":true,"href":"https:\/\/blogsaverroes.juntadeandalucia.es\/molinilloviejo\/wp-json\/wp\/v2\/comments?post=141"}],"version-history":[{"count":9,"href":"https:\/\/blogsaverroes.juntadeandalucia.es\/molinilloviejo\/wp-json\/wp\/v2\/pages\/141\/revisions"}],"predecessor-version":[{"id":13399,"href":"https:\/\/blogsaverroes.juntadeandalucia.es\/molinilloviejo\/wp-json\/wp\/v2\/pages\/141\/revisions\/13399"}],"wp:attachment":[{"href":"https:\/\/blogsaverroes.juntadeandalucia.es\/molinilloviejo\/wp-json\/wp\/v2\/media?parent=141"}],"curies":[{"name":"wp","href":"https:\/\/api.w.org\/{rel}","templated":true}]}}