{"id":2312,"date":"2015-11-18T11:52:26","date_gmt":"2015-11-18T11:52:26","guid":{"rendered":"http:\/\/blogsaverroes.juntadeandalucia.es\/molinilloviejo\/?page_id=2312"},"modified":"2016-06-04T13:07:29","modified_gmt":"2016-06-04T11:07:29","slug":"enlaces","status":"publish","type":"page","link":"https:\/\/blogsaverroes.juntadeandalucia.es\/molinilloviejo\/enlaces\/","title":{"rendered":"Enlaces"},"content":{"rendered":"<h3><span style=\"color: #ff0000\"><b><span lang=\"es\">Centros de Adultos<\/span><\/b><\/span>:<\/h3>\n<ul>\n<li><span lang=\"es\"><a href=\"http:\/\/www.juntadeandalucia.es\/averroes\/pedrodeescavias\/\" target=\"_blank\">CEPER \u00abPedro de Escavias\u00bb &#8211; And\u00fajar (Ja\u00e9n)<\/a><\/span><\/li>\n<li><a href=\"http:\/\/sep2013.blogspot.com.es\/\" target=\"_blank\">SEPER \u00abNuestra Se\u00f1ora de la Inmaculada\u00bb &#8211; Higuera y Santigo de Calatrava<\/a><\/li>\n<li><span lang=\"es\"><a href=\"http:\/\/www.ceperalmaden.es\/\" target=\"_blank\">CEPER \u00abAlmad\u00e9n\u00bb de Ja\u00e9n<\/a><\/span><\/li>\n<li><span lang=\"es\"><a href=\"http:\/\/www.juntadeandalucia.es\/averroes\/lebla\/\" target=\"_blank\">\u00abLebla\u00bb &#8211; Niebla (Huelva)<\/a><\/span><\/li>\n<li><span lang=\"es\"><a href=\"http:\/\/www.juntadeandalucia.es\/averroes\/~23500462\/\" target=\"_blank\">C.E.A. Pegalajar &#8211; La Guardia (Ja\u00e9n)<\/a><\/span><\/li>\n<li><span lang=\"es\"><a href=\"http:\/\/www.juntadeandalucia.es\/averroes\/ceaalbox\/\" target=\"_blank\">C.E.A. de Albox (Almer\u00eda)<\/a><\/span><\/li>\n<li><span lang=\"es\"><a href=\"http:\/\/www.juntadeandalucia.es\/averroes\/beturia\/\" target=\"_blank\">Adultos Beturia (Huelva)<\/a><\/span><\/li>\n<li><span lang=\"es\"><a href=\"https:\/\/sites.google.com\/site\/centroeducacionpermanentecehel\/\" target=\"_blank\">CEPER \u00abCEHEL\u00bb<\/a><\/span><\/li>\n<li><span lang=\"es\"><a href=\"http:\/\/www.juntadeandalucia.es\/averroes\/ceautrera\/recursos.htm\" target=\"_blank\">CEPER HERMANOS MACHADO (Utrera)<\/a><\/span><\/li>\n<li><span lang=\"es\"><a href=\"http:\/\/cepervelez.es\/index.php\" target=\"_blank\">CEPER MAR\u00cdA ZAMBRANO (V\u00e9lez-M\u00e1laga)<\/a>\u00a0<\/span><\/li>\n<li><span lang=\"es\"><a href=\"http:\/\/www.juntadeandalucia.es\/averroes\/~18500899\/joomla\/\" target=\"_blank\">CEPER Almanj\u00e1yar-Cartuja (Granada)<\/a>\u00a0<\/span><\/li>\n<\/ul>\n<h3><span style=\"color: #ff0000\"><b><b>E<b>ducaci\u00f3n Permanente<\/b><\/b>:<\/b><\/span><\/h3>\n<ul>\n<li><a href=\"http:\/\/elmaestroandres.blogspot.com.es\/\" target=\"_blank\">Educaci\u00f3n Permanente y m\u00e1s&#8230;<\/a> (El maestro Andr\u00e9s)<\/li>\n<\/ul>\n<h3><span style=\"color: #ff0000\"><b>Centros de Primaria y Secundaria:<\/b><\/span><\/h3>\n<ul>\n<li><span lang=\"es\"><a href=\"http:\/\/www.iesporcuna.org\/\" target=\"_blank\">I.E.S. de Porcuna<\/a><\/span><\/li>\n<li><span lang=\"es\"><a href=\"http:\/\/colegiosantateresaporcuna.blogspot.com.es\/\" target=\"_blank\">Colegio Santa Teresa de Porcuna<\/a><\/span><\/li>\n<li><span lang=\"es\"><a href=\"http:\/\/ceipjuancarlosprimero.blogspot.com.es\/\" target=\"_blank\">Colegio Juan Carlos I<\/a><\/span><\/li>\n<\/ul>\n<h3><span style=\"color: #ff0000\"><b>Otras:<\/b><\/span><\/h3>\n<ul>\n<li><span lang=\"es\"><a href=\"http:\/\/www.adideandalucia.es\/\" target=\"_blank\">Adide-Andaluc\u00eda<\/a><\/span><\/li>\n<li><span lang=\"es\"><a href=\"https:\/\/ws045.juntadeandalucia.es\/empleadopublico\/emp-cat-.html?p=\/Categorias_Principales\/&amp;s=\/Categorias_Principales\/Tramites_Laborales\/Ayudas_Accion_Social\/\" target=\"_blank\">Ayudas de Acci\u00f3n Social<\/a><\/span><\/li>\n<\/ul>\n","protected":false},"excerpt":{"rendered":"<p>Centros de Adultos: CEPER \u00abPedro de Escavias\u00bb &#8211; And\u00fajar (Ja\u00e9n) SEPER \u00abNuestra Se\u00f1ora de la Inmaculada\u00bb &#8211; Higuera y Santigo de Calatrava CEPER \u00abAlmad\u00e9n\u00bb de Ja\u00e9n \u00abLebla\u00bb &#8211; Niebla (Huelva) C.E.A. Pegalajar &#8211; La&#46;&#46;&#46;<\/p>\n","protected":false},"author":2172,"featured_media":0,"parent":0,"menu_order":0,"comment_status":"open","ping_status":"open","template":"","meta":{"ngg_post_thumbnail":0,"footnotes":"","_mc_calendar":[]},"aioseo_notices":[],"_links":{"self":[{"href":"https:\/\/blogsaverroes.juntadeandalucia.es\/molinilloviejo\/wp-json\/wp\/v2\/pages\/2312"}],"collection":[{"href":"https:\/\/blogsaverroes.juntadeandalucia.es\/molinilloviejo\/wp-json\/wp\/v2\/pages"}],"about":[{"href":"https:\/\/blogsaverroes.juntadeandalucia.es\/molinilloviejo\/wp-json\/wp\/v2\/types\/page"}],"author":[{"embeddable":true,"href":"https:\/\/blogsaverroes.juntadeandalucia.es\/molinilloviejo\/wp-json\/wp\/v2\/users\/2172"}],"replies":[{"embeddable":true,"href":"https:\/\/blogsaverroes.juntadeandalucia.es\/molinilloviejo\/wp-json\/wp\/v2\/comments?post=2312"}],"version-history":[{"count":8,"href":"https:\/\/blogsaverroes.juntadeandalucia.es\/molinilloviejo\/wp-json\/wp\/v2\/pages\/2312\/revisions"}],"predecessor-version":[{"id":5453,"href":"https:\/\/blogsaverroes.juntadeandalucia.es\/molinilloviejo\/wp-json\/wp\/v2\/pages\/2312\/revisions\/5453"}],"wp:attachment":[{"href":"https:\/\/blogsaverroes.juntadeandalucia.es\/molinilloviejo\/wp-json\/wp\/v2\/media?parent=2312"}],"curies":[{"name":"wp","href":"https:\/\/api.w.org\/{rel}","templated":true}]}}