{"id":2827,"date":"2016-01-17T13:04:53","date_gmt":"2016-01-17T12:04:53","guid":{"rendered":"http:\/\/blogsaverroes.juntadeandalucia.es\/molinilloviejo\/?page_id=2827"},"modified":"2016-05-26T11:00:48","modified_gmt":"2016-05-26T09:00:48","slug":"lengua","status":"publish","type":"page","link":"https:\/\/blogsaverroes.juntadeandalucia.es\/molinilloviejo\/enlaces\/recursos-y-utilidades\/lengua\/","title":{"rendered":"Enlaces de Lengua"},"content":{"rendered":"<h3><strong><span style=\"color: #ff0000\">Recursos did\u00e1cticos y utilidades:<\/span><\/strong><\/h3>\n<ul>\n<li><span lang=\"es\">Analizadores ling\u00fc\u00edsticos:<\/span>\n<ul>\n<li><span lang=\"es\"> <a href=\"http:\/\/cartago.lllf.uam.es\/grampal\/grampal.cgi\" target=\"_blank\"> GRAMPAL, analizador morfol\u00f3gico<\/a> <\/span><\/li>\n<li><a href=\"http:\/\/gedlc.ulpgc.es\/index.html\" target=\"_blank\"> Grupo de Estructuras de Datos y Ling\u00fc\u00edstica Computacional<\/a><\/li>\n<li><span lang=\"es\"> <a href=\"http:\/\/tip.dis.ulpgc.es\/flexionador\/\" target=\"_blank\"> Flexionador TIP<\/a> <\/span><\/li>\n<li><a href=\"http:\/\/stilus.daedalus.es\/demoIL.php\" target=\"_blank\"> Herramientas de ingenier\u00eda ling\u00fc\u00edstica<span lang=\"es\"> STILUS<\/span><\/a><\/li>\n<li><span lang=\"es\"> <a href=\"http:\/\/www.lenguaje.com\/herramientas\/herramientas.php\" target=\"_blank\"> Herramientas de lenguaje.com<\/a><\/span><\/li>\n<li><span lang=\"es\"> <a href=\"http:\/\/www.thera-clic.com\/\" target=\"_blank\">Recursos ling\u00fc\u00edsticos Thera<\/a><\/span><\/li>\n<\/ul>\n<\/li>\n<li><span lang=\"es\"> <a href=\"http:\/\/www.apuntesdelengua.com\/blog\/\" target=\"_blank\"> Apuntes de lengua<\/a> (Secundaria) <\/span><\/li>\n<li><span lang=\"es\"> <a href=\"http:\/\/www.auladeletras.net\" target=\"_blank\">Aula de Letras<\/a> <\/span><\/li>\n<li><span lang=\"es\"> <a href=\"http:\/\/www.aulapt.org\/tag\/expresion-escrita\/\" target=\"_blank\"> Actividades de expresi\u00f3n escrita en Aula PT<\/a> <\/span><\/li>\n<li><span lang=\"es\">Conjugadores de verbos: <\/span>\n<ul>\n<li><span lang=\"es\"> <a href=\"http:\/\/conjugador.reverso.net\/conjugacion-espanol.html\" target=\"_blank\">Reverso<\/a><\/span><\/li>\n<li><span lang=\"es\"> <a href=\"http:\/\/conexionespanol.com\/herramientas\/conjugadores.html\" target=\"_blank\">Conexi\u00f3n espa\u00f1ol<\/a><\/span><\/li>\n<li><span lang=\"es\"> <a href=\"http:\/\/www.verbolog.com\/conju3.htm\" target=\"_blank\">Compjugador<\/a><\/span><\/li>\n<li><a href=\"http:\/\/www.lenguaje.com\/herramientas\/conjugador.php\"> <span lang=\"es\">Signum<\/span><\/a><\/li>\n<li><span lang=\"es\"> <a href=\"http:\/\/www.onoma.es\/\" target=\"_blank\">Onoma<\/a><\/span><\/li>\n<li><span lang=\"es\"> <a href=\"http:\/\/www.wordreference.com\/conj\/EsVerbs.aspx\" target=\"_blank\">WordReference<\/a><\/span><\/li>\n<li><span lang=\"es\"> <a href=\"http:\/\/www6.uniovi.es\/dic\/conjuga.html\" target=\"_blank\">Universidad de Oviedo<\/a><\/span><\/li>\n<li><a href=\"http:\/\/www.lexiapark.com\/es\/utilidades\/conjugador-de-verbos\">Lexiapark<\/a><\/li>\n<\/ul>\n<\/li>\n<li><span lang=\"es\"> <a href=\"http:\/\/contenidos.educarex.es\/mci\/2006\/08\/html\/menu.htm\" target=\"_blank\"> El punto sobre la i<\/a> (aprendizaje de la ortograf\u00eda)\u00a0<\/span><\/li>\n<li><span lang=\"es\"> <a href=\"http:\/\/elvelerodigital.com\/apuntes\/lyl\/index.html\" target=\"_blank\"> El Velero Digital <\/a>(apuntes y ejercicios de lengua ESO y Bachillerato)<\/span><\/li>\n<li>Examen de sintaxis (Aplicaciones did\u00e1cticas): <a href=\"http:\/\/blogsaverroes.juntadeandalucia.es\/molinilloviejo\/files\/2016\/02\/flecha_nuevo.gif\"><img loading=\"lazy\" decoding=\"async\" class=\" size-full wp-image-2934 alignnone\" src=\"http:\/\/blogsaverroes.juntadeandalucia.es\/molinilloviejo\/files\/2016\/02\/flecha_nuevo.gif\" alt=\"flecha_nuevo\" width=\"32\" height=\"9\" \/><\/a>\n<ul>\n<li><a href=\"http:\/\/www.aplicaciones.info\/lengua\/sintax1.htm\" target=\"_blank\">Examen de sintaxis n\u00ba 1<\/a><\/li>\n<li><a href=\"http:\/\/www.aplicaciones.info\/lengua\/sintax2.htm\" target=\"_blank\">Examen de sintaxis n\u00ba 2<\/a><\/li>\n<li><a href=\"http:\/\/www.aplicaciones.info\/lengua\/sintax3.htm\" target=\"_blank\">Examen de sintaxis n\u00ba 3<\/a><\/li>\n<\/ul>\n<\/li>\n<li>Funciones del lenguaje, ejercicios interactivos:\u00a0<a href=\"http:\/\/blogsaverroes.juntadeandalucia.es\/molinilloviejo\/files\/2016\/02\/flecha_nuevo.gif\"><img loading=\"lazy\" decoding=\"async\" class=\" size-full wp-image-2934 alignnone\" src=\"http:\/\/blogsaverroes.juntadeandalucia.es\/molinilloviejo\/files\/2016\/02\/flecha_nuevo.gif\" alt=\"flecha_nuevo\" width=\"32\" height=\"9\" \/><\/a>\n<ul>\n<li><a href=\"http:\/\/roble.pntic.mec.es\/msanto1\/lengua\/comunica.htm\" target=\"_blank\">Ejercicios sencillos y simples<\/a><\/li>\n<li><a href=\"http:\/\/www.tinglado.net\/tic\/manuel\/funciones\/funciones.html\" target=\"_blank\">Victoria de la Seleccion Espa\u00f1ola en el mundial de f\u00fatbol de Sud\u00e1frica<\/a><\/li>\n<li><a href=\"http:\/\/www.auladeletras.net\/material\/Repaso\/ejercicios\/Funciones.htm\" target=\"_blank\">Ejercicios de respuesta corta<\/a><\/li>\n<li><a href=\"http:\/\/www.apuntesdelengua.com\/\/archivos\/2ESO\/funcionesdellenguaje\/HP\/01.htm\" target=\"_blank\">Ejercicios de relaci\u00f3n\u00a0 <\/a>&#8211; <a href=\"http:\/\/apuntesdelengua.com\/\/archivos\/2ESO\/funcionesdellenguaje\/HP\/02.htm\">Otro m\u00e1s<\/a><\/li>\n<li><a href=\"https:\/\/jghlenguajepsu.files.wordpress.com\/2012\/05\/guc3ada-ejercicios-funciones-del-lenguaje-y-registros-de-habla-doc1.pdf\" target=\"_blank\">Gu\u00eda de ejercicios de funciones del lenguaje y registros de habla<\/a> (pdf)<\/li>\n<li><a href=\"http:\/\/es.scribd.com\/doc\/170706007\/Funciones-Del-Lenguaje-RESUELTOS#scribd\" target=\"_blank\">Ejercicios resueltos<\/a> (pdf)<\/li>\n<\/ul>\n<\/li>\n<li><span lang=\"es\"> <a href=\"http:\/\/pot-pourri.fltr.ucl.ac.be\/gra\/exercices\/default.htm\" target=\"_blank\"> Gram@clicando<\/a><\/span><\/li>\n<li><span lang=\"es\"> <a href=\"http:\/\/www.juntadeandalucia.es\/averroes\/ceautrera\/lengua.htm\" target=\"_blank\"> Lengua Acceso a la Universidad (CEPER de Utrera)<\/a> <\/span><\/li>\n<li><span lang=\"es\"> <a href=\"http:\/\/www.xtec.cat\/%7Ejgenover\/entrada.htm\" target=\"_blank\"> Lengua Activa.edu (Act. Morfolog\u00eda y sintaxis)<\/a> <\/span><\/li>\n<li><span lang=\"es\"> <a href=\"http:\/\/www.lenguaparatontos.es\/\" target=\"_blank\">Lengua para tontos<\/a> <\/span><\/li>\n<li><span lang=\"es\"> <a href=\"http:\/\/roble.pntic.mec.es\/%7Emsanto1\/lengua\/\" target=\"_blank\"> Lengua y Literatura ESO<\/a> <\/span><\/li>\n<li><span lang=\"es\"> <a href=\"http:\/\/www.leoloqueveo.org\/\" target=\"_blank\">Leo lo que veo<\/a> (<\/span>Diccionario visual en castellano <span lang=\"es\"> e ingl\u00e9s <\/span>clasificado por temas: Conceptos b\u00e1sicos, cuerpo, alimentos, ropa, &#8230;.<span lang=\"es\">) <\/span><\/li>\n<li><span lang=\"es\"> <a href=\"http:\/\/ortoflash.masterd.es\/\" target=\"_blank\">MasterD (ortograf\u00eda para&#8230;)<\/a><\/span><\/li>\n<li>M\u00e9trica:\n<ul>\n<li><a href=\"http:\/\/www.educa.jcyl.es\/educacyl\/cm\/gallery\/recursos_educativa\/metrica\/index.html\" target=\"_blank\">Clases de M\u00e9trica<\/a><\/li>\n<li><a href=\"http:\/\/www.tinglado.net\/?id=metrica\" target=\"_blank\">Libro de m\u00e9trica<\/a> (El Tinglado)<\/li>\n<\/ul>\n<\/li>\n<li><span lang=\"es\"> <a href=\"http:\/\/modelo-carta.com\/presentacion\/\" target=\"_blank\"> Modelo de cartas<\/a>\u00a0<\/span><\/li>\n<li><span lang=\"es\">Morfolog\u00eda:\u00a0<\/span>\n<ul>\n<li><span lang=\"es\"> <a href=\"http:\/\/www.latizavirtual.org\/castellano\/\" target=\"_blank\"> Ejercicios interactivos de morfolog\u00eda castellana<\/a><\/span><\/li>\n<li><span lang=\"es\"> <a href=\"http:\/\/88.27.243.197\/aulaz\/CAST\/InteractivasCast.html\" target=\"_blank\"> Actividades interactivas de Lengua y Literatura<\/a><\/span><\/li>\n<li><span lang=\"es\"> <a href=\"http:\/\/recursos.cnice.mec.es\/lengua\/alumnos\/eso1\/t2\/b3\/a1.htm\" target=\"_blank\"> Actividades on-line de lexemas y morfemas<\/a><\/span><\/li>\n<\/ul>\n<\/li>\n<li>Oraciones simples:\n<ul>\n<li><a href=\"http:\/\/www.librosvivos.net\/smtc\/homeTC.asp?TemaClave=1048\" target=\"_blank\">Explicaci\u00f3n y ejercicios del an\u00e1lisis sint\u00e1ctico de una oraci\u00f3n simple (SM)<\/a> <a href=\"http:\/\/blogsaverroes.juntadeandalucia.es\/molinilloviejo\/files\/2016\/02\/flecha_nuevo.gif\"><img loading=\"lazy\" decoding=\"async\" class=\" size-full wp-image-2934 alignnone\" src=\"http:\/\/blogsaverroes.juntadeandalucia.es\/molinilloviejo\/files\/2016\/02\/flecha_nuevo.gif\" alt=\"flecha_nuevo\" width=\"32\" height=\"9\" \/><\/a><\/li>\n<li><a href=\"http:\/\/www.ceipjuanherreraalcausa.es\/Recursosdidacticos\/SEXTO\/Lengua\/U12\/1203_01.htm\" target=\"_blank\">Localiza el Complemento Directo e Indirecto<\/a> (Anaya) <a href=\"http:\/\/blogsaverroes.juntadeandalucia.es\/molinilloviejo\/files\/2016\/02\/flecha_nuevo.gif\"><img loading=\"lazy\" decoding=\"async\" class=\" size-full wp-image-2934 alignnone\" src=\"http:\/\/blogsaverroes.juntadeandalucia.es\/molinilloviejo\/files\/2016\/02\/flecha_nuevo.gif\" alt=\"flecha_nuevo\" width=\"32\" height=\"9\" \/><\/a><\/li>\n<li><a href=\"http:\/\/www.ceipjuanherreraalcausa.es\/Recursosdidacticos\/SEXTO\/Lengua\/U12\/1203_02.htm\" target=\"_blank\">Sustituye con pronombres los complementos directos e indirectos<\/a> (Anaya) <a href=\"http:\/\/blogsaverroes.juntadeandalucia.es\/molinilloviejo\/files\/2016\/02\/flecha_nuevo.gif\"><img loading=\"lazy\" decoding=\"async\" class=\" size-full wp-image-2934 alignnone\" src=\"http:\/\/blogsaverroes.juntadeandalucia.es\/molinilloviejo\/files\/2016\/02\/flecha_nuevo.gif\" alt=\"flecha_nuevo\" width=\"32\" height=\"9\" \/><\/a><\/li>\n<\/ul>\n<\/li>\n<li><span lang=\"es\"> <a href=\"http:\/\/www.reglasdeortografia.com\/\" target=\"_blank\"> Reglas de Ortograf\u00eda<\/a><\/span><\/li>\n<li><a href=\"http:\/\/lenguayliteratura.org\/proyectoaula\/interactivos\/\" target=\"_blank\">Recursos interactivos<\/a> (Proyecto Aula) <a href=\"http:\/\/blogsaverroes.juntadeandalucia.es\/molinilloviejo\/files\/2016\/02\/flecha_nuevo.gif\"><img loading=\"lazy\" decoding=\"async\" class=\" size-full wp-image-2934 alignnone\" src=\"http:\/\/blogsaverroes.juntadeandalucia.es\/molinilloviejo\/files\/2016\/02\/flecha_nuevo.gif\" alt=\"flecha_nuevo\" width=\"32\" height=\"9\" \/><\/a><\/li>\n<li><a href=\"http:\/\/robaloveloz.wix.com\/besugoveloz\" target=\"_blank\"> Recursos para el plan de preparaci\u00f3n de la Prueba Libre<\/a> (\u00c1mbito Ling\u00fc\u00edstico y Social)<\/li>\n<li><a href=\"http:\/\/www.aplicaciones.info\/lengua\/sintaxis.htm\" target=\"_blank\">Sintaxis<\/a> (Aplicaciones did\u00e1cticas) <a href=\"http:\/\/blogsaverroes.juntadeandalucia.es\/molinilloviejo\/files\/2016\/02\/flecha_nuevo.gif\"><img loading=\"lazy\" decoding=\"async\" class=\" size-full wp-image-2934 alignnone\" src=\"http:\/\/blogsaverroes.juntadeandalucia.es\/molinilloviejo\/files\/2016\/02\/flecha_nuevo.gif\" alt=\"flecha_nuevo\" width=\"32\" height=\"9\" \/><\/a><\/li>\n<li><a href=\"http:\/\/www.jesusfelipe.es\/sintaxis.htm\" target=\"_blank\">Sintaxis <\/a>(Jes\u00fas Felipe) <a href=\"http:\/\/blogsaverroes.juntadeandalucia.es\/molinilloviejo\/files\/2016\/02\/flecha_nuevo.gif\"><img loading=\"lazy\" decoding=\"async\" class=\" size-full wp-image-2934 alignnone\" src=\"http:\/\/blogsaverroes.juntadeandalucia.es\/molinilloviejo\/files\/2016\/02\/flecha_nuevo.gif\" alt=\"flecha_nuevo\" width=\"32\" height=\"9\" \/><\/a><\/li>\n<li><span lang=\"es\"> <a href=\"http:\/\/ntic.educacion.es\/w3\/eos\/MaterialesEducativos\/mem2000\/lengua\/Contenidos1\/Nivel1\/1taller_lectura_frames.htm\" target=\"_blank\"> Taller de Lengua (lectura, escritura, habla&#8230;)<\/a> <\/span><\/li>\n<li><span lang=\"es\"> <a href=\"http:\/\/www.librosvivos.net\/smtc\/homeTC.asp?TemaClave=1047\" target=\"_blank\"> Tipos de textos<\/a> <\/span><\/li>\n<li><span lang=\"es\"> <a href=\"http:\/\/www.verbolog.com\/entrada.htm\">Verbolog<\/a> (todo sobre los verbos)<\/span><\/li>\n<li>Verbos:\n<ul>\n<li><a href=\"http:\/\/cplosangeles.juntaextremadura.net\/web\/lengua6\/conjugacionregular\/indice.htm\" target=\"_blank\">Ejercicios con conjugaciones regulares<\/a> <a href=\"http:\/\/blogsaverroes.juntadeandalucia.es\/molinilloviejo\/files\/2016\/02\/flecha_nuevo.gif\"><img loading=\"lazy\" decoding=\"async\" class=\" size-full wp-image-2934 alignnone\" src=\"http:\/\/blogsaverroes.juntadeandalucia.es\/molinilloviejo\/files\/2016\/02\/flecha_nuevo.gif\" alt=\"flecha_nuevo\" width=\"32\" height=\"9\" \/><\/a><\/li>\n<\/ul>\n<\/li>\n<\/ul>\n","protected":false},"excerpt":{"rendered":"<p>Recursos did\u00e1cticos y utilidades: Analizadores ling\u00fc\u00edsticos: GRAMPAL, analizador morfol\u00f3gico Grupo de Estructuras de Datos y Ling\u00fc\u00edstica Computacional Flexionador TIP Herramientas de ingenier\u00eda ling\u00fc\u00edstica STILUS Herramientas de lenguaje.com Recursos ling\u00fc\u00edsticos Thera Apuntes de lengua (Secundaria)&#46;&#46;&#46;<\/p>\n","protected":false},"author":2172,"featured_media":0,"parent":2318,"menu_order":0,"comment_status":"open","ping_status":"open","template":"","meta":{"ngg_post_thumbnail":0,"footnotes":"","_mc_calendar":[]},"aioseo_notices":[],"_links":{"self":[{"href":"https:\/\/blogsaverroes.juntadeandalucia.es\/molinilloviejo\/wp-json\/wp\/v2\/pages\/2827"}],"collection":[{"href":"https:\/\/blogsaverroes.juntadeandalucia.es\/molinilloviejo\/wp-json\/wp\/v2\/pages"}],"about":[{"href":"https:\/\/blogsaverroes.juntadeandalucia.es\/molinilloviejo\/wp-json\/wp\/v2\/types\/page"}],"author":[{"embeddable":true,"href":"https:\/\/blogsaverroes.juntadeandalucia.es\/molinilloviejo\/wp-json\/wp\/v2\/users\/2172"}],"replies":[{"embeddable":true,"href":"https:\/\/blogsaverroes.juntadeandalucia.es\/molinilloviejo\/wp-json\/wp\/v2\/comments?post=2827"}],"version-history":[{"count":16,"href":"https:\/\/blogsaverroes.juntadeandalucia.es\/molinilloviejo\/wp-json\/wp\/v2\/pages\/2827\/revisions"}],"predecessor-version":[{"id":5417,"href":"https:\/\/blogsaverroes.juntadeandalucia.es\/molinilloviejo\/wp-json\/wp\/v2\/pages\/2827\/revisions\/5417"}],"up":[{"embeddable":true,"href":"https:\/\/blogsaverroes.juntadeandalucia.es\/molinilloviejo\/wp-json\/wp\/v2\/pages\/2318"}],"wp:attachment":[{"href":"https:\/\/blogsaverroes.juntadeandalucia.es\/molinilloviejo\/wp-json\/wp\/v2\/media?parent=2827"}],"curies":[{"name":"wp","href":"https:\/\/api.w.org\/{rel}","templated":true}]}}