{"id":2844,"date":"2016-01-17T13:42:10","date_gmt":"2016-01-17T12:42:10","guid":{"rendered":"http:\/\/blogsaverroes.juntadeandalucia.es\/molinilloviejo\/?page_id=2844"},"modified":"2017-10-01T09:05:46","modified_gmt":"2017-10-01T07:05:46","slug":"enlaces-de-sociales","status":"publish","type":"page","link":"https:\/\/blogsaverroes.juntadeandalucia.es\/molinilloviejo\/enlaces\/recursos-y-utilidades\/enlaces-de-sociales\/","title":{"rendered":"Enlaces de Sociales"},"content":{"rendered":"<h3><strong><span style=\"color: #ff0000\">Recursos did\u00e1cticos y utilidades:<\/span><\/strong><\/h3>\n<ul>\n<li><span lang=\"es\"> <a href=\"http:\/\/aula2.elmundo.es\/aula\/laminas.html\" target=\"_blank\"> AULA de El Mundo: l\u00e1minas tem\u00e1ticas colecionables<\/a><\/span><\/li>\n<li><span lang=\"es\"> <a href=\"http:\/\/www.claseshistoria.com\/\" target=\"_blank\">Clases Historia<\/a> <\/span><\/li>\n<li><span lang=\"es\"> <a href=\"http:\/\/elespaciohumanizado.wikispaces.com\/\" target=\"_blank\"> El espacio humanizado<\/a> <\/span><\/li>\n<li><span lang=\"es\"> <a href=\"http:\/\/www.lopedevega.es\/users\/juanjoromero\/index.htm\" target=\"_blank\"> GEOEDUCA, recursos para el aprendizaje de la geograf\u00eda e historia de la ESO y Bachillerato<\/a>. <\/span><\/li>\n<li><span lang=\"es\"> <a href=\"http:\/\/www.juntadeandalucia.es\/averroes\/ceautrera\/geografia.htm\" target=\"_blank\"> Geograf\u00eda Acceso a la Universidad (CEPER de Utrera)<\/a> <\/span><\/li>\n<li><a href=\"https:\/\/www.youtube.com\/channel\/UCWzQmDWp_mjh3AOzPCZNzEQ\" target=\"_blank\">Historia en comentarios<\/a> (v\u00eddeos) <a href=\"http:\/\/blogsaverroes.juntadeandalucia.es\/molinilloviejo\/files\/2016\/02\/flecha_nuevo.gif\"><img loading=\"lazy\" decoding=\"async\" class=\" size-full wp-image-2934 alignnone\" src=\"http:\/\/blogsaverroes.juntadeandalucia.es\/molinilloviejo\/files\/2016\/02\/flecha_nuevo.gif\" alt=\"flecha_nuevo\" width=\"32\" height=\"9\"><\/a><\/li>\n<li><span lang=\"es\"> <a href=\"http:\/\/www.juntadeandalucia.es\/averroes\/ceautrera\/historia.htm\" target=\"_blank\"> Historia y Arte Acceso a la Universidad (CEPER de Utrera)<\/a> <\/span><\/li>\n<li><span lang=\"es\"> <a href=\"http:\/\/www.ign.es\/ign\/main\/index.do\" target=\"_blank\"> Instituto Geogr\u00e1fico Nacional<\/a>&nbsp;<\/span><\/li>\n<li><a href=\"http:\/\/serbal.pntic.mec.es\/ealg0027\/mapasflash.htm\" target=\"_blank\">Mapas Flash interactivos<\/a><span lang=\"es\">&nbsp;<\/span><\/li>\n<li><span lang=\"es\"> <a href=\"http:\/\/www.profesorfrancisco.es\/\" target=\"_blank\"> Profesor Francisco<\/a> <\/span><\/li>\n<li><span lang=\"es\"> <a href=\"http:\/\/www.recursosacademicos.net\/web\/\" target=\"_blank\"> Recursos acad\u00e9micos: Geograf\u00eda e Historia<\/a>&nbsp;<\/span><\/li>\n<li><a href=\"http:\/\/robaloveloz.wix.com\/besugoveloz\" target=\"_blank\"> Recursos para el plan de preparaci\u00f3n de la Prueba Libre<\/a> (\u00c1mbito Ling\u00fc\u00edstico y Social)<\/li>\n<li><span lang=\"es\"> <a href=\"http:\/\/www.clarionweb.es\/6_curso\/c_medio\/cm608\/cm60801.htm\" target=\"_blank\"> Relieve y r\u00edos de Espa\u00f1a<\/a>&nbsp;<\/span><\/li>\n<li><span lang=\"es\"> <a href=\"http:\/\/www.toporopa.eu\/es\/index.html\" target=\"_blank\"> Toporopa: Practica con distintos mapas de Europa<\/a> <\/span><\/li>\n<\/ul>\n<p>&nbsp;<\/p>\n","protected":false},"excerpt":{"rendered":"<p>Recursos did\u00e1cticos y utilidades: AULA de El Mundo: l\u00e1minas tem\u00e1ticas colecionables Clases Historia El espacio humanizado GEOEDUCA, recursos para el aprendizaje de la geograf\u00eda e historia de la ESO y Bachillerato. Geograf\u00eda Acceso a&#46;&#46;&#46;<\/p>\n","protected":false},"author":2172,"featured_media":0,"parent":2318,"menu_order":0,"comment_status":"open","ping_status":"open","template":"","meta":{"ngg_post_thumbnail":0,"footnotes":"","_mc_calendar":[]},"aioseo_notices":[],"_links":{"self":[{"href":"https:\/\/blogsaverroes.juntadeandalucia.es\/molinilloviejo\/wp-json\/wp\/v2\/pages\/2844"}],"collection":[{"href":"https:\/\/blogsaverroes.juntadeandalucia.es\/molinilloviejo\/wp-json\/wp\/v2\/pages"}],"about":[{"href":"https:\/\/blogsaverroes.juntadeandalucia.es\/molinilloviejo\/wp-json\/wp\/v2\/types\/page"}],"author":[{"embeddable":true,"href":"https:\/\/blogsaverroes.juntadeandalucia.es\/molinilloviejo\/wp-json\/wp\/v2\/users\/2172"}],"replies":[{"embeddable":true,"href":"https:\/\/blogsaverroes.juntadeandalucia.es\/molinilloviejo\/wp-json\/wp\/v2\/comments?post=2844"}],"version-history":[{"count":2,"href":"https:\/\/blogsaverroes.juntadeandalucia.es\/molinilloviejo\/wp-json\/wp\/v2\/pages\/2844\/revisions"}],"predecessor-version":[{"id":8930,"href":"https:\/\/blogsaverroes.juntadeandalucia.es\/molinilloviejo\/wp-json\/wp\/v2\/pages\/2844\/revisions\/8930"}],"up":[{"embeddable":true,"href":"https:\/\/blogsaverroes.juntadeandalucia.es\/molinilloviejo\/wp-json\/wp\/v2\/pages\/2318"}],"wp:attachment":[{"href":"https:\/\/blogsaverroes.juntadeandalucia.es\/molinilloviejo\/wp-json\/wp\/v2\/media?parent=2844"}],"curies":[{"name":"wp","href":"https:\/\/api.w.org\/{rel}","templated":true}]}}