{"id":2848,"date":"2016-01-18T09:49:47","date_gmt":"2016-01-18T08:49:47","guid":{"rendered":"http:\/\/blogsaverroes.juntadeandalucia.es\/molinilloviejo\/?page_id=2848"},"modified":"2018-01-17T12:41:07","modified_gmt":"2018-01-17T11:41:07","slug":"enlaces-de-tic-informatica","status":"publish","type":"page","link":"https:\/\/blogsaverroes.juntadeandalucia.es\/molinilloviejo\/enlaces\/recursos-y-utilidades\/enlaces-de-tic-informatica\/","title":{"rendered":"Enlaces de TIC-Inform\u00e1tica"},"content":{"rendered":"<h3><strong><span style=\"color: #ff0000\">Recursos did\u00e1cticos y utilidades:<\/span><\/strong><\/h3>\n<ul>\n<li><span lang=\"es\"><a href=\"http:\/\/www.ofimaticaparatorpes.com\/\" target=\"_blank\" rel=\"noopener\">Ofim\u00e1tica para torpes<\/a> (v\u00eddeos)&nbsp;<\/span><\/li>\n<li><a href=\"http:\/\/josenrique.es\/2011\/08\/calculos-con-fechas-y-horas-en-excel\/\" target=\"_blank\" rel=\"noopener\">C\u00e1lculos con fechas y horas en Excel<\/a><span lang=\"es\">&nbsp;<\/span><\/li>\n<li><span lang=\"es\"> <a href=\"http:\/\/www.juntadeandalucia.es\/educacion\/adistancia\/avep\/course\/view.php?id=93\" target=\"_blank\" rel=\"noopener\"> Curso B\u00e1sico TIC &#8211; Aula virtual de Educaci\u00f3n Permanente (entrar como invitado)<\/a>&nbsp;<\/span><\/li>\n<li><span lang=\"es\">Actividades interactivas Curso B\u00e1sico TIC:<\/span>\n<ul>\n<li><span lang=\"es\"> <a href=\"http:\/\/www.juntadeandalucia.es\/educacion\/adistancia\/avep\/file.php\/93\/interactivos\/actividades_interactivas1\/actividades_interactivas1.html\" target=\"_blank\" rel=\"noopener\"> Tema 01: Conociendo el equipo<\/a>&nbsp;<\/span><\/li>\n<li><span lang=\"es\"> <a href=\"http:\/\/www.juntadeandalucia.es\/educacion\/adistancia\/avep\/file.php\/93\/interactivos\/actividades_interactivas2\/actividades_interactivas2.html\"> Tema 02: Un nuevo entorn Gua<\/a>&nbsp;<\/span><\/li>\n<li><span lang=\"es\"> <a href=\"http:\/\/www.juntadeandalucia.es\/educacion\/adistancia\/avep\/file.php\/93\/interactivos\/actividades_interactivas2win\/actividades_interactivas2win.html\"> Tema 02: Un nuevo entorno Win<\/a>&nbsp;<\/span><\/li>\n<li><span lang=\"es\"> <a href=\"http:\/\/www.juntadeandalucia.es\/educacion\/adistancia\/avep\/file.php\/93\/interactivos\/actividades_interactivas3_guada\/actividades_interactivas3.html\" target=\"_blank\" rel=\"noopener\"> Tema 03: configurando mi espacio Gua<\/a>&nbsp;<\/span><\/li>\n<li><span lang=\"es\"> <a href=\"http:\/\/www.juntadeandalucia.es\/educacion\/adistancia\/avep\/file.php\/93\/interactivos\/actividades_interactivas3win\/actividades_interactivas3.html\" target=\"_blank\" rel=\"noopener\"> Tema 03: Configurando mi espacio Win<\/a>&nbsp;<\/span><\/li>\n<li><span lang=\"es\"> <a href=\"http:\/\/www.juntadeandalucia.es\/educacion\/adistancia\/avep\/file.php\/93\/interactivos\/actividades_interactivas4\/actividades_interactivas_4.html\" target=\"_blank\" rel=\"noopener\"> Tema 04: Organizando la informaci\u00f3n Gua<\/a>&nbsp;<\/span><\/li>\n<li><span lang=\"es\"> <a href=\"http:\/\/www.juntadeandalucia.es\/educacion\/adistancia\/avep\/file.php\/93\/interactivos\/actividades_interactivas4win\/actividades_interactivas_4.html\" target=\"_blank\" rel=\"noopener\"> Tema 04: Organizando la informaci\u00f3n Win<\/a>&nbsp;<\/span><\/li>\n<li><span lang=\"es\"> <a href=\"http:\/\/www.juntadeandalucia.es\/educacion\/adistancia\/avep\/file.php\/93\/interactivos\/actividades_interactivas_5\/actividades_interactivas_5.html\" target=\"_blank\" rel=\"noopener\"> Tema 05: Escribiendo con el ordenador Gua<\/a>&nbsp;<\/span><\/li>\n<li><span lang=\"es\"> <a href=\"http:\/\/www.juntadeandalucia.es\/educacion\/adistancia\/avep\/file.php\/93\/interactivos\/actividades_interactivas_5win\/actividades_interactivas_5w.html\" target=\"_blank\" rel=\"noopener\"> Tema 05: Escribiendo con el ordenador Win<\/a>&nbsp;<\/span><\/li>\n<\/ul>\n<\/li>\n<\/ul>\n<ul>\n<li>&nbsp;<a href=\"https:\/\/aprendemostecnologia.org\/2013\/09\/23\/practicas-de-openoffice-writer-2\/\" target=\"_blank\" rel=\"noopener\">Pr\u00e1cticas de OpenOffice Writer &#8211; Aprendemos Tecnolog\u00eda<\/a><\/li>\n<li><a href=\"https:\/\/emegeve.wordpress.com\/practicas-y-ejercicios-para-libreoffice-yo-openoffice-org\/\" target=\"_blank\" rel=\"noopener\">Pr\u00e1ctica y ejercicios para LibreOffice y OpenOffice &#8211; Emegeve<\/a><\/li>\n<li><a href=\"https:\/\/recursosticfree.wordpress.com\/paquete-ofimatico-openoffice\/ejercicios-writer\/\" target=\"_blank\" rel=\"noopener\">Ejercicios Writer &#8211; Recursos TIC Free<\/a><\/li>\n<li><a href=\"http:\/\/www.capacitacion.edu.uy\/files\/medios\/cd_writer2_2011\/ejercicios_writer2.pdf\" target=\"_blank\" rel=\"noopener\">Cuaderno de Ejercicios Writer &#8211; Capacitaci\u00f3n Edu<\/a><\/li>\n<li>Recursos para crear contenidos educativos: <a href=\"http:\/\/blogsaverroes.juntadeandalucia.es\/molinilloviejo\/files\/2016\/02\/flecha_nuevo.gif\"><img loading=\"lazy\" decoding=\"async\" class=\" size-full wp-image-2934 alignnone\" src=\"http:\/\/blogsaverroes.juntadeandalucia.es\/molinilloviejo\/files\/2016\/02\/flecha_nuevo.gif\" alt=\"flecha_nuevo\" width=\"32\" height=\"9\"><\/a>\n<ul>\n<li><a href=\"https:\/\/www.educaplay.com\/\" target=\"_blank\" rel=\"noopener\">EducaPlay<\/a> (para crear actividades educativa)<\/li>\n<li><a href=\"http:\/\/padlet.com\/\" target=\"_blank\" rel=\"noopener\">Padlet <\/a>(muro o tabl\u00f3n de trabajo colaborativo)<\/li>\n<li><a href=\"https:\/\/getkahoot.com\/\" target=\"_blank\" rel=\"noopener\">Kahoot <\/a>(creamos cuestionarios)<\/li>\n<li><a href=\"https:\/\/www.goconqr.com\/\" target=\"_blank\" rel=\"noopener\">GoCong<\/a> (crear contenido de aprendizaje: mapas conceptuales, diapositivas, test, diagramas&#8230;)<\/li>\n<li><a href=\"https:\/\/www.text2mindmap.com\/\" target=\"_blank\" rel=\"noopener\">Text 2 Mind Map<\/a> (creamos mapas conceptuales)<\/li>\n<li><a href=\"http:\/\/popplet.com\/\" target=\"_blank\" rel=\"noopener\">Popplet <\/a>(creamos un mapa conceptual interactivo)<\/li>\n<li><a href=\"http:\/\/www.readwritethink.org\/files\/resources\/interactives\/timeline_2\/\" target=\"_blank\" rel=\"noopener\">Timeline <\/a>(creamos l\u00edneas de tiempo)<\/li>\n<li><a href=\"http:\/\/www.qrcode.es\/es\/generador-qr-code\/\" target=\"_blank\" rel=\"noopener\">Generador QR-Code<\/a> (creamos mensajes secretos con c\u00f3digos QR)<\/li>\n<li><a href=\"https:\/\/www.easel.ly\/\" target=\"_blank\" rel=\"noopener\">EASEL.LY<\/a> (para crear infograf\u00edas)<\/li>\n<li><a href=\"http:\/\/www.toondoo.com\/\" target=\"_blank\" rel=\"noopener\">Toondoo <\/a>(para crear comics)<\/li>\n<li><a href=\"http:\/\/www.quizrevolution.com\/create\" target=\"_blank\" rel=\"noopener\">Quiz Revolution<\/a> (cuestionariospara nuestro blog, web, padlet, etc.)<\/li>\n<li><a href=\"https:\/\/pablo.buffer.com\/\" target=\"_blank\" rel=\"noopener\">Pablo <\/a>(para crear en segundos im\u00e1genes con un texto de forma profesional)<\/li>\n<li><a href=\"http:\/\/webresizer.com\/resizer\/?lang=es\" target=\"_blank\" rel=\"noopener\">Webresizer <\/a>(para reducir el peso y el tama\u00f1o de una imagen)<\/li>\n<\/ul>\n<\/li>\n<\/ul>\n","protected":false},"excerpt":{"rendered":"<p>Recursos did\u00e1cticos y utilidades: Ofim\u00e1tica para torpes (v\u00eddeos)&nbsp; C\u00e1lculos con fechas y horas en Excel&nbsp; Curso B\u00e1sico TIC &#8211; Aula virtual de Educaci\u00f3n Permanente (entrar como invitado)&nbsp; Actividades interactivas Curso B\u00e1sico TIC: Tema 01:&#46;&#46;&#46;<\/p>\n","protected":false},"author":2172,"featured_media":0,"parent":2318,"menu_order":0,"comment_status":"open","ping_status":"open","template":"","meta":{"ngg_post_thumbnail":0,"footnotes":"","_mc_calendar":[]},"aioseo_notices":[],"_links":{"self":[{"href":"https:\/\/blogsaverroes.juntadeandalucia.es\/molinilloviejo\/wp-json\/wp\/v2\/pages\/2848"}],"collection":[{"href":"https:\/\/blogsaverroes.juntadeandalucia.es\/molinilloviejo\/wp-json\/wp\/v2\/pages"}],"about":[{"href":"https:\/\/blogsaverroes.juntadeandalucia.es\/molinilloviejo\/wp-json\/wp\/v2\/types\/page"}],"author":[{"embeddable":true,"href":"https:\/\/blogsaverroes.juntadeandalucia.es\/molinilloviejo\/wp-json\/wp\/v2\/users\/2172"}],"replies":[{"embeddable":true,"href":"https:\/\/blogsaverroes.juntadeandalucia.es\/molinilloviejo\/wp-json\/wp\/v2\/comments?post=2848"}],"version-history":[{"count":17,"href":"https:\/\/blogsaverroes.juntadeandalucia.es\/molinilloviejo\/wp-json\/wp\/v2\/pages\/2848\/revisions"}],"predecessor-version":[{"id":10528,"href":"https:\/\/blogsaverroes.juntadeandalucia.es\/molinilloviejo\/wp-json\/wp\/v2\/pages\/2848\/revisions\/10528"}],"up":[{"embeddable":true,"href":"https:\/\/blogsaverroes.juntadeandalucia.es\/molinilloviejo\/wp-json\/wp\/v2\/pages\/2318"}],"wp:attachment":[{"href":"https:\/\/blogsaverroes.juntadeandalucia.es\/molinilloviejo\/wp-json\/wp\/v2\/media?parent=2848"}],"curies":[{"name":"wp","href":"https:\/\/api.w.org\/{rel}","templated":true}]}}