{"id":35,"date":"2015-03-13T08:21:43","date_gmt":"2015-03-13T08:21:43","guid":{"rendered":"http:\/\/blogsaverroes.juntadeandalucia.es\/pre\/ceip\/?page_id=35"},"modified":"2018-07-20T18:23:01","modified_gmt":"2018-07-20T16:23:01","slug":"datos_centro","status":"publish","type":"page","link":"https:\/\/blogsaverroes.juntadeandalucia.es\/molinilloviejo\/datos_centro\/","title":{"rendered":"Datos del centro"},"content":{"rendered":"<p>Desde el 28 de septiembre de 2005, que entr\u00f3 en vigor el <strong>DECRETO 196\/2005, de 13 de septiembre<\/strong>, por el que se aprueba el Reglamento Org\u00e1nico de los Centros de Educaci\u00f3n Permanente (BOJA de 27\/09\/2005), el Centro P\u00fablico Municipal para la Educaci\u00f3n de Adultos \u00abMolinillo Viejo\u00bb de Porcuna, pas\u00f3 a ser <strong>Secci\u00f3n de Educaci\u00f3n Permanente<\/strong>, <strong>adscrito al Centro de Educaci\u00f3n Permanente And\u00fajar<\/strong>, seg\u00fan la ORDEN de 13 de octubre de 2005, por la que se adscriben las Secciones de Educaci\u00f3n Permanente a Centros de Educaci\u00f3n Permanente y se establecen las correspondientes plantillas org\u00e1nicas (BOJA de 31\/10\/2005).<br \/>\nSeg\u00fan esta normativa, nuestro Centro cuenta con un total de 10 secciones adscritas, ubicadas en diferentes localidades de la comarca y con una plantilla org\u00e1nica de 24 profesores\/as.<\/p>\n<p><b>Secciones adscritas al <\/b><strong>CEPER \u00abPEDRO DE ESCAVIAS\u00bb<\/strong><span lang=\"es\"> de And\u00fajar<\/span><b><span lang=\"es\">:<\/span><\/b><\/p>\n<p>&#8211; \u00abURGAVO\u00bb de Arjona<br \/>\n&#8211; \u00abTROVADOR MAC\u00cdAS\u00bb de Arjonilla<br \/>\n&#8211; \u00abJUAN RAM\u00d3N JIM\u00c9NEZ\u00bb de Cazalilla<br \/>\n&#8211; \u00abEL PILAR\u00bb de Esca\u00f1uela<br \/>\n&#8211; \u00abNUESTRA SE\u00d1ORA DE LA INMACULADA\u00bb de Higuera de Calatrava<br \/>\n&#8211; \u00abSAN SEBASTI\u00c1N\u00bb de Lahiguera<br \/>\n&#8211; \u00abLUPARIA\u00bb de Lopera<br \/>\n&#8211; \u00abENTREOLIVOS\u00bb de Marmolejo<br \/>\n&#8211; \u00abMOLINILLO VIEJO\u00bb de Porcuna<br \/>\n&#8211; \u00abXIMENA JURADO\u00bb de Villanueva de la Reina<\/p>\n<h4><strong>Localizaci\u00f3n<\/strong><\/h4>\n<p><span lang=\"es\">Nuestra <strong>Secci\u00f3n de Educaci\u00f3n Permanente \u00abMolinillo Viejo\u00bb<\/strong> se encuentra situada en <strong>Porcuna<\/strong>, un pueblo de la provincia de Ja\u00e9n, situado en el sur de Espa\u00f1a, concretamente en la comunidad aut\u00f3noma de Andaluc\u00eda.<\/span><\/p>\n<p><a href=\"https:\/\/blogsaverroes.juntadeandalucia.es\/molinilloviejo\/files\/2015\/03\/localizacion_porcuna.jpg\"><img loading=\"lazy\" decoding=\"async\" class=\"aligncenter wp-image-2233 size-full\" src=\"https:\/\/blogsaverroes.juntadeandalucia.es\/molinilloviejo\/files\/2015\/03\/localizacion_porcuna.jpg\" alt=\"localizacion_porcuna\" width=\"522\" height=\"354\" srcset=\"https:\/\/blogsaverroes.juntadeandalucia.es\/molinilloviejo\/files\/2015\/03\/localizacion_porcuna.jpg 522w, https:\/\/blogsaverroes.juntadeandalucia.es\/molinilloviejo\/files\/2015\/03\/localizacion_porcuna-300x203.jpg 300w\" sizes=\"(max-width: 522px) 100vw, 522px\" \/><\/a><span lang=\"es\">E<\/span>st\u00e1 ubicada dentro del casco urbano, en la parte norte del pueblo, en la calle Alf\u00e9rez Joaqu\u00edn L\u00f3pez Ramos, aunque es m\u00e1s conocida por calle Molino Viejo. No es una zona c\u00e9ntrica del pueblo, pero los barrios del alrededor poseen un gran \u00edndice de analfabetismo. El acceso al mismo es un poco dif\u00edcil al encontrarse en este barrio bastantes calles estrechas, pendientes e incluso con escalones.<\/p>\n<p style=\"text-align: center\">[googlemaps https:\/\/www.google.com\/maps\/embed?pb=!1m21!1m12!1m3!1d12597.890235288867!2d-4.19174590000003!3d37.87263!2m3!1f0!2f0!3f0!3m2!1i1024!2i768!4f13.1!4m6!3e0!4m0!4m3!3m2!1d37.8729727!2d-4.1862318!5e0!3m2!1ses!2ses!4v1447665787170&amp;w=400&amp;h=300]\nMapa de situaci\u00f3n: <a href=\"https:\/\/goo.gl\/maps\/TsFYmZdxsC82\" target=\"_blank\" rel=\"noopener\">https:\/\/goo.gl\/maps\/TsFYmZdxsC82<\/a><\/p>\n<h4><strong>Datos de contacto<\/strong><\/h4>\n<h3 align=\"center\"><strong><span lang=\"es\"><span style=\"color: #006600;font-size: medium\">Secci\u00f3n de Educaci\u00f3n Permanente \u00abMOLINILLO VIEJO\u00bb<\/span><\/span><\/strong><\/h3>\n<p><strong>Direcci\u00f3n:<\/strong>&nbsp; <span lang=\"es\"><b>Calle Alf\u00e9rez Joaqu\u00edn L\u00f3pez Ramos (Molino Viejo), s\/n<br \/>\n23790 &#8211; Porcuna (Ja\u00e9n) &#8211; ESPA\u00d1A<\/b><\/span><\/p>\n<p><strong>Tel\u00e9fono: <\/strong><span lang=\"es\">953 539561 &#8211; <em>282561 (Co<\/em><\/span><em><span lang=\"es\">rporativo)<\/span><\/em><strong><em><span lang=\"es\"><b><br \/>\n<\/b><\/span><\/em>FAX:&nbsp; <\/strong><span lang=\"es\">953 539562 &#8211; <em>282562 (Corporativo)<b><br \/>\n<\/b><\/em><\/span><\/p>\n<p><strong>Email:<\/strong> <span lang=\"es\"><b><a href=\"mailto:23500565.edu@juntadeandalucia.es\" target=\"_blank\" rel=\"noopener\">23500565.edu@juntadeandalucia.es<\/a><\/b><\/span><br \/>\n<strong>Web: <a href=\"https:\/\/blogsaverroes.juntadeandalucia.es\/molinilloviejo\/\" target=\"_blank\" rel=\"noopener\">https:\/\/blogsaverroes.juntadeandalucia.es\/molinilloviejo\/<\/a><br \/>\n<\/strong><\/p>\n<h4><strong>Horarios<\/strong><\/h4>\n<p>El horario del alumnado y del profesorado estar\u00e1 en funci\u00f3n de las necesidades del grupo y de las disponibilidades organizativas del Centro respetando, en todo caso, las normativas que regulan dicho punto de la Consejer\u00eda de Educaci\u00f3n, sobre la Organizaci\u00f3n y Funcionamiento de los Centros P\u00fablicos que oferten Educaci\u00f3n de Adultos en nuestra Comunidad Aut\u00f3noma.<\/p>\n<p>En este curso escolar, el horario ha quedado establecido <span lang=\"es\">de la siguiente forma:<\/span><\/p>\n<p>La Secci\u00f3n de Educaci\u00f3n Permanente \u00abMolinillo Viejo\u00bb de Porcuna <span lang=\"es\">estar\u00e1<\/span> abierta durante todos los d\u00edas laborables de la semana <span lang=\"es\">en los horarios establecidos a continuaci\u00f3n tanto para los grupos como para el profesorado<\/span>.<\/p>\n<h4><strong>Oferta educativa<\/strong><\/h4>\n<p>Uno de los objetivos principales de nuestro Secci\u00f3n para este curso es ofertar a la poblaci\u00f3n (dentro de nuestras posibilidades) un abanico de posibilidades formativas que atienda a la demanda, cada vez m\u00e1s plural y diversa, a trav\u00e9s de los diferentes Planes Educativos:<\/p>\n<p>&#8211; PLAN DE FORMACI\u00d3N B\u00c1SICA<br \/>\n&#8211; PREPARACI\u00d3N PARA LA PRUEBA LIBRE DE GRADUADO EN EDUCACI\u00d3N SECUNDARIA<br \/>\n&#8211; PLAN EDUCATIVO DE PREPARACI\u00d3N PARA EL ACCESO A LA UNIVERSIDAD PARA MAYORES DE 45 A\u00d1OS.<br \/>\n&#8211; PLAN EDUCATIVO DE USO B\u00c1SICO DE TECNOLOG\u00cdA DE LA INFORMACI\u00d3N Y LA COMUNICACI\u00d3N (T.I.C)<br \/>\n&#8211; PLAN EDUCATIVO USO B\u00c1SICO DE IDIOMA EXTRANJERO.<br \/>\n&#8211; PLAN EDUCATIVO DE CONONOCIMIENTO Y CONSERVACI\u00d3N DEL PATRIMONIO CULTURAL DE ANDALUC\u00cdA Y DEL MEDIOAMBIENTE.<br \/>\n&#8211; PLAN EDUCATIVO PARA LA ADQUISICI\u00d3N DE H\u00c1BITOS DE VIDA SALUDABLE.<br \/>\n&#8211; PLAN DE CULTURA EMPRENDEDORA Y SOLIDARIA.<\/p>\n<h4><strong>Historia del Centro e Instalaciones<\/strong><\/h4>\n<p><span style=\"color: #000000\">El edificio es propiedad del Ayuntamiento de Porcuna siendo construido en el a\u00f1o 1.961 dentro del Plan Nacional de Construcciones Escolares. Se proyect\u00f3 con dos aulas en planta baja y dos viviendas en planta superior. En sus inicios fueron unas aulas anexas del Colegio Nacional \u00abSan Francisco\u00bb (hoy desaparecido), destinado a la 1\u00aa Etapa de E.G.B. y donde habitaban sus maestros\/as en la planta superior.<\/span><\/p>\n<p><span style=\"color: #000000\">Tras estar unos a\u00f1os desocupado y vac\u00edo de actividad, en 1.984 se estren\u00f3 como Centro de Adultos con la implantaci\u00f3n en nuestra localidad del Programa de Educaci\u00f3n de Adultos (PEA) de la Consejer\u00eda de Educaci\u00f3n de la Junta de Andaluc\u00eda, disponiendo de la totalidad de la planta baja.<\/span><\/p>\n<p>Desde el 28 de septiembre de 2005, dej\u00f3 de ser Centro P\u00fablico Municipal para la Educaci\u00f3n de Adultos, para pasar a ser <strong><u>Secci\u00f3n de Educaci\u00f3n Permanente<\/u><\/strong>, adscrito al Centro de Educaci\u00f3n Permanente de And\u00fajar.<\/p>\n<p><span style=\"color: #000000\">La conservaci\u00f3n de las instalaciones de la Secci\u00f3n corre por cuenta del Ayuntamiento. Es <span lang=\"es\">bastante buena debido a las \u00faltimas obras de remodelaci\u00f3n acabadas en el junio de 2008 y llevadas a cabo por el Ayuntamiento y la Diputaci\u00f3n Provincial.<\/span> Por otra parte, la limpieza se realiza dos veces a la semana, aunque ser\u00ede ideal que se realizara diariamente.<\/span><\/p>\n<p><span style=\"color: #000000\">Consta nuestra Secci\u00f3n<span lang=\"es\">,<\/span> <span lang=\"es\">de una planta, con<\/span> dos alas separad<span lang=\"es\">a<\/span>s por un patio, con un total de 304<b> <\/b>m<sup>2<\/sup>:<\/span><\/p>\n<p>&#8211; el ala <span lang=\"es\">de aulas<\/span>, consta de dos aulas espaciosas<span lang=\"es\"> y una sala de profesorado<\/span>. Es el espacio que utilizamos permanentemente.<br \/>\n&#8211; el ala <span lang=\"es\">de talleres<\/span>, consta de dos aulas separadas por un peque\u00f1o pasillo que da al patio y con <span lang=\"es\">dos <\/span>servicios higi\u00e9nicos. <span lang=\"es\">Las clases<\/span> de este ala se dedican a talleres y actividades.<\/p>\n<p><b>La financiaci\u00f3n de <b>l<\/b><\/b><span style=\"color: #000000\">os recursos econ\u00f3micos provienen de una parte de la Consejer\u00eda de Educaci\u00f3n, siendo m\u00ednimos (1\/4) y para gastos de funcionamiento; y por otra parte del Ayuntamiento, siendo el pilar de los mismos (3\/4).<\/span><\/p>\n","protected":false},"excerpt":{"rendered":"<p>Desde el 28 de septiembre de 2005, que entr\u00f3 en vigor el DECRETO 196\/2005, de 13 de septiembre, por el que se aprueba el Reglamento Org\u00e1nico de los Centros de Educaci\u00f3n Permanente (BOJA de&#46;&#46;&#46;<\/p>\n","protected":false},"author":1,"featured_media":0,"parent":0,"menu_order":0,"comment_status":"closed","ping_status":"open","template":"","meta":{"ngg_post_thumbnail":0,"footnotes":"","_mc_calendar":[]},"aioseo_notices":[],"_links":{"self":[{"href":"https:\/\/blogsaverroes.juntadeandalucia.es\/molinilloviejo\/wp-json\/wp\/v2\/pages\/35"}],"collection":[{"href":"https:\/\/blogsaverroes.juntadeandalucia.es\/molinilloviejo\/wp-json\/wp\/v2\/pages"}],"about":[{"href":"https:\/\/blogsaverroes.juntadeandalucia.es\/molinilloviejo\/wp-json\/wp\/v2\/types\/page"}],"author":[{"embeddable":true,"href":"https:\/\/blogsaverroes.juntadeandalucia.es\/molinilloviejo\/wp-json\/wp\/v2\/users\/1"}],"replies":[{"embeddable":true,"href":"https:\/\/blogsaverroes.juntadeandalucia.es\/molinilloviejo\/wp-json\/wp\/v2\/comments?post=35"}],"version-history":[{"count":24,"href":"https:\/\/blogsaverroes.juntadeandalucia.es\/molinilloviejo\/wp-json\/wp\/v2\/pages\/35\/revisions"}],"predecessor-version":[{"id":13395,"href":"https:\/\/blogsaverroes.juntadeandalucia.es\/molinilloviejo\/wp-json\/wp\/v2\/pages\/35\/revisions\/13395"}],"wp:attachment":[{"href":"https:\/\/blogsaverroes.juntadeandalucia.es\/molinilloviejo\/wp-json\/wp\/v2\/media?parent=35"}],"curies":[{"name":"wp","href":"https:\/\/api.w.org\/{rel}","templated":true}]}}