{"id":42,"date":"2015-03-13T08:40:47","date_gmt":"2015-03-13T08:40:47","guid":{"rendered":"http:\/\/blogsaverroes.juntadeandalucia.es\/pre\/ceip\/?page_id=42"},"modified":"2020-06-22T19:19:38","modified_gmt":"2020-06-22T17:19:38","slug":"equipo-directivo","status":"publish","type":"page","link":"https:\/\/blogsaverroes.juntadeandalucia.es\/molinilloviejo\/equipo-directivo\/","title":{"rendered":"Equipo directivo y profesorado"},"content":{"rendered":"<p><strong>Direcci\u00f3n del CEPER<\/strong>: Lourdes Vel\u00e1zquez Arguedas.<\/p>\n<p><strong>Jefatura de Estudios del CEPER: <\/strong>Pablo Ruiz Leyva.<strong><br \/>\n<\/strong><\/p>\n<p><strong>Jefatura de Estudios Delegado de la Secci\u00f3n<\/strong>: Manuel \u00c1ngel Berm\u00fadez Martos.<\/p>\n<p><strong>Maestra-tutora<\/strong>: Gema Robles Santiago.<\/p>\n<p>En este curso escolar, nuestra Secci\u00f3n cuenta&nbsp; con una plantilla de 2 maestros\/a: Manuel \u00c1ngel Berm\u00fadez Martos y Gema Robles Santiago.<\/p>\n<p><span style=\"font-family: comic sans ms, sans-serif;font-size: 14pt\"><strong>Gema Robles Santiago<\/strong><\/span><\/p>\n<p><a href=\"https:\/\/blogsaverroes.juntadeandalucia.es\/molinilloviejo\/files\/2020\/06\/Sin-t\u00edtulo-1.jpg\"><img loading=\"lazy\" decoding=\"async\" class=\"size-full wp-image-20119 alignright\" src=\"https:\/\/blogsaverroes.juntadeandalucia.es\/molinilloviejo\/files\/2020\/06\/Sin-t\u00edtulo-1.jpg\" alt=\"\" width=\"191\" height=\"235\" srcset=\"https:\/\/blogsaverroes.juntadeandalucia.es\/molinilloviejo\/files\/2020\/06\/Sin-t\u00edtulo-1.jpg 191w, https:\/\/blogsaverroes.juntadeandalucia.es\/molinilloviejo\/files\/2020\/06\/Sin-t\u00edtulo-1-20x24.jpg 20w, https:\/\/blogsaverroes.juntadeandalucia.es\/molinilloviejo\/files\/2020\/06\/Sin-t\u00edtulo-1-29x36.jpg 29w, https:\/\/blogsaverroes.juntadeandalucia.es\/molinilloviejo\/files\/2020\/06\/Sin-t\u00edtulo-1-39x48.jpg 39w\" sizes=\"(max-width: 191px) 100vw, 191px\" \/><\/a>Natural de Marmolejo. Lleg\u00f3 en este curso escolar 2019\/2020. Con su simpat\u00eda, desparpajo y sencillez se hizo con el alumnado desde el primer d\u00eda. Es maestra de Educaci\u00f3n Primaria e imparte clases de Formaci\u00f3n B\u00e1sica, Patrimonio Cultural y H\u00e1bitos de Vida Saludable. Tambi\u00e9n, imparte el \u00c1mbito Cient\u00edfico-Tecnol\u00f3gico y el Social en la Preparaci\u00f3n para la Obtenci\u00f3n del T\u00edtulo de la ESO. Adem\u00e1s, es Coordinadora del Plan de Igualdad de la Secci\u00f3n durante este curso escolar.<\/p>\n<p>&nbsp;<\/p>\n<p>&nbsp;<\/p>\n<p>&nbsp;<\/p>\n<h4><strong><span style=\"font-family: comic sans ms, sans-serif\">Manuel \u00c1ngel Berm\u00fadez Martos<\/span><br \/>\n<\/strong><\/h4>\n<p><span lang=\"es\"><a href=\"https:\/\/blogsaverroes.juntadeandalucia.es\/molinilloviejo\/files\/2020\/06\/Sin-t\u00edtulo.jpg\"><img loading=\"lazy\" decoding=\"async\" class=\"wp-image-20118 alignright\" src=\"https:\/\/blogsaverroes.juntadeandalucia.es\/molinilloviejo\/files\/2020\/06\/Sin-t\u00edtulo.jpg\" alt=\"\" width=\"168\" height=\"197\" srcset=\"https:\/\/blogsaverroes.juntadeandalucia.es\/molinilloviejo\/files\/2020\/06\/Sin-t\u00edtulo-20x24.jpg 20w, https:\/\/blogsaverroes.juntadeandalucia.es\/molinilloviejo\/files\/2020\/06\/Sin-t\u00edtulo-30x36.jpg 30w, https:\/\/blogsaverroes.juntadeandalucia.es\/molinilloviejo\/files\/2020\/06\/Sin-t\u00edtulo-40x48.jpg 40w, https:\/\/blogsaverroes.juntadeandalucia.es\/molinilloviejo\/files\/2020\/06\/Sin-t\u00edtulo-188x220.jpg 188w\" sizes=\"(max-width: 168px) 100vw, 168px\" \/><\/a><\/span><span lang=\"es\">Este toxiriano lleg\u00f3 a nuestra secci\u00f3n en el curso 2017\/18, como Funcionario en Pr\u00e1cticas y siendo su segundo a\u00f1o de experiencia en Educaci\u00f3n Permanente. Es especialista en Lengua Extranjera (Ingl\u00e9s) y desde la jubilaci\u00f3n de&nbsp; su compa\u00f1ero Manuel Jal\u00f3n Jal\u00f3n empez\u00f3 a ejercer la labor de Jefe de Estudios de la Secci\u00f3n hasta la actualidad. Adem\u00e1s, ha sido Coordinador del Plan de Igualdad en la Secci\u00f3n durante 2 cursos escolares. Imparte clases de Ingl\u00e9s, Inform\u00e1tica, Patrimonio y el \u00c1mbito de Comunicaci\u00f3n para la Obtenci\u00f3n del T\u00edtulo de la ESO.<br \/>\n<\/span><\/p>\n<p>&nbsp;<\/p>\n<h3 align=\"center\">&nbsp;<\/h3>\n<h3 align=\"center\"><u>LOS (AS) <span lang=\"es\">COMPA\u00d1EROS (AS) <\/span>QUE HAN PASADO POR NUESTRA SECCI\u00d3N<\/u><\/h3>\n<h4><span style=\"font-family: comic sans ms, sans-serif\"><strong>Manuel Jal\u00f3n Jal\u00f3n<\/strong><\/span><\/h4>\n<p><a href=\"https:\/\/blogsaverroes.juntadeandalucia.es\/molinilloviejo\/files\/2015\/03\/manolo.jpg\"><img loading=\"lazy\" decoding=\"async\" class=\"alignleft wp-image-2245 \" src=\"https:\/\/blogsaverroes.juntadeandalucia.es\/molinilloviejo\/files\/2015\/03\/manolo.jpg\" alt=\"manolo\" width=\"139\" height=\"154\"><\/a>Trabaj\u00f3 en el Centro desde su fundaci\u00f3n en 1984 hasta su jubilaci\u00f3n en enero de 2019. Ha sido el Jefe de Estudios Delegado de esta Secci\u00f3n de Educaci\u00f3n durante toda su carrera profesional dando forma a lo que este Centro Educativo es hoy d\u00eda. Nadie en esta localidad conoce el Molinillo Viejo sin la figura de su maestro Manolo. Adem\u00e1s, todav\u00eda sigue ligado a la Escuela de Adultos, acudiendo a nuestros viajes, convivencias y actividades extraescolares. Tambi\u00e9n, siempre est\u00e1 encantado y dispuesto a colaborar y ayudarnos en las posibles dudas que nos puedan surgir de cara al funcionamiento del Centro.<\/p>\n<p>&nbsp;<\/p>\n<p><span style=\"font-family: comic sans ms, sans-serif;font-size: 14pt\"><strong>Amando Morente Palomo<\/strong><\/span><\/p>\n<p><span lang=\"es\"><a href=\"https:\/\/blogsaverroes.juntadeandalucia.es\/molinilloviejo\/files\/2015\/03\/amando.jpg\"><img loading=\"lazy\" decoding=\"async\" class=\"alignleft wp-image-2247 \" src=\"https:\/\/blogsaverroes.juntadeandalucia.es\/molinilloviejo\/files\/2015\/03\/amando.jpg\" alt=\"amando\" width=\"136\" height=\"163\"><\/a>Ha trabajado<\/span> en la escuela <span lang=\"es\">y secci\u00f3n <\/span>desde su creaci\u00f3n en 1984<span lang=\"es\"> hasta junio de 2007, mes en que se jubil\u00f3<\/span>.<span lang=\"es\"> Ha sido coordinador, primer responsable y director de la escuela y secci\u00f3n durante muchos cursos impartiendo clases en todos los niveles educativos de educaci\u00f3n de adultos.<\/span><\/p>\n<p>&nbsp;<\/p>\n<p>&nbsp;<\/p>\n<p>&nbsp;<\/p>\n<p><strong><span style=\"font-family: comic sans ms, sans-serif;font-size: 14pt\">Mar\u00eda Dolores Ruiz Torres<\/span><\/strong><\/p>\n<p><a href=\"https:\/\/blogsaverroes.juntadeandalucia.es\/molinilloviejo\/files\/2020\/06\/Sin-t\u00edtulo-2.jpg\"><img loading=\"lazy\" decoding=\"async\" class=\" wp-image-20122 alignleft\" src=\"https:\/\/blogsaverroes.juntadeandalucia.es\/molinilloviejo\/files\/2020\/06\/Sin-t\u00edtulo-2.jpg\" alt=\"\" width=\"209\" height=\"200\" srcset=\"https:\/\/blogsaverroes.juntadeandalucia.es\/molinilloviejo\/files\/2020\/06\/Sin-t\u00edtulo-2.jpg 190w, https:\/\/blogsaverroes.juntadeandalucia.es\/molinilloviejo\/files\/2020\/06\/Sin-t\u00edtulo-2-24x24.jpg 24w, https:\/\/blogsaverroes.juntadeandalucia.es\/molinilloviejo\/files\/2020\/06\/Sin-t\u00edtulo-2-36x34.jpg 36w, https:\/\/blogsaverroes.juntadeandalucia.es\/molinilloviejo\/files\/2020\/06\/Sin-t\u00edtulo-2-48x46.jpg 48w\" sizes=\"(max-width: 209px) 100vw, 209px\" \/><\/a>Natural de Villanueva del Arzobispo. Lleg\u00f3 para cubrir la baja tras la jubilaci\u00f3n de Manuel Jal\u00f3n en enero de 2019. Estuvo en nuestra Secci\u00f3n de Educaci\u00f3n hasta el t\u00e9rmino del curso escolar 2018\/2019. En ese tiempo, demostr\u00f3 muchas ganas e ilusi\u00f3n en su tarea como docente. Es maestra de Educaci\u00f3n Primaria e imparti\u00f3 clases de Formaci\u00f3n B\u00e1sica, Patrimonio Cultural, Igualdad de la Mujer y TIC 3. Adem\u00e1s, era responsable del \u00c1mbito Cient\u00edfico-Tecnol\u00f3gico y el \u00c1mbito Social en la Preparaci\u00f3n para la Obtenci\u00f3n del T\u00edtulo de la ESO.<\/p>\n<p>&nbsp;<\/p>\n<p>&nbsp;<\/p>\n<p><strong><span style=\"font-size: 14pt;font-family: comic sans ms, sans-serif\">Mar\u00eda Jos\u00e9 Toscano Moreno<\/span><br \/>\n<\/strong><\/p>\n<p><span lang=\"es\"><a href=\"https:\/\/blogsaverroes.juntadeandalucia.es\/molinilloviejo\/files\/2015\/03\/maria-jose-toscano-moreno.jpg\"><img loading=\"lazy\" decoding=\"async\" class=\"alignleft wp-image-6572 \" src=\"https:\/\/blogsaverroes.juntadeandalucia.es\/molinilloviejo\/files\/2015\/03\/maria-jose-toscano-moreno.jpg\" alt=\"\" width=\"146\" height=\"154\" srcset=\"https:\/\/blogsaverroes.juntadeandalucia.es\/molinilloviejo\/files\/2015\/03\/maria-jose-toscano-moreno.jpg 127w, https:\/\/blogsaverroes.juntadeandalucia.es\/molinilloviejo\/files\/2015\/03\/maria-jose-toscano-moreno-24x24.jpg 24w, https:\/\/blogsaverroes.juntadeandalucia.es\/molinilloviejo\/files\/2015\/03\/maria-jose-toscano-moreno-34x36.jpg 34w, https:\/\/blogsaverroes.juntadeandalucia.es\/molinilloviejo\/files\/2015\/03\/maria-jose-toscano-moreno-45x48.jpg 45w\" sizes=\"(max-width: 146px) 100vw, 146px\" \/><\/a>Esta cordobesa, adoptada en And\u00fajar, vino a nuestra secci\u00f3n en el curso 2016\/17 ocupando, de manera interina, la plaza vacante que deja Adela Isabel P\u00e9rez Montilla, y teniendo ya experiencia en Educaci\u00f3n Permanente. Imparte clases en el Plan de Formaci\u00f3n B\u00e1sica,&nbsp;<\/span><span lang=\"es\"> Plan de preparaci\u00f3n de las pruebas libres para la obtenci\u00f3n del t\u00edtulo de Graduado en Educaci\u00f3n Secundaria, Plan de Uso B\u00e1sico de Idioma Extranjero (Ingl\u00e9s), Plan de tecnolog\u00eda de la informaci\u00f3n y la comunicaci\u00f3n <\/span>y <span lang=\"es\">Plan educativo de conocimiento y conservaci\u00f3n del patrimonio cultural andaluz y el medio ambiente.<\/span><\/p>\n<p>&nbsp;<\/p>\n<p>&nbsp;<\/p>\n<p><span style=\"font-size: 14pt;font-family: comic sans ms, sans-serif\"><strong>Adela Isabel P\u00e9rez Montilla<\/strong><\/span><\/p>\n<p><span lang=\"es\"><a href=\"https:\/\/blogsaverroes.juntadeandalucia.es\/molinilloviejo\/files\/2015\/03\/adela_isabel.jpg\"><img loading=\"lazy\" decoding=\"async\" class=\" wp-image-2246 alignleft\" src=\"https:\/\/blogsaverroes.juntadeandalucia.es\/molinilloviejo\/files\/2015\/03\/adela_isabel.jpg\" alt=\"\" width=\"132\" height=\"168\"><\/a>Esta paisana, vino a nuestra secci\u00f3n en el curso 2012\/13 ocupando la plaza vacante de manera provisional que dej\u00f3 Mar\u00eda del Carmen R\u00edzquez, siendo su primera experiencia en Educaci\u00f3n Permanente. Estuvo en nuestro centro hasta el 2015\/16. Imparti\u00f3 clases en el Plan de Formaci\u00f3n B\u00e1sica,&nbsp;<\/span><span lang=\"es\"> Plan de preparaci\u00f3n de las pruebas libres para la obtenci\u00f3n del t\u00edtulo de Graduado en Educaci\u00f3n Secundaria, Plan de Preparaci\u00f3n para la Prueba de Acceso a la Universidad para mayores, Plan de tecnolog\u00eda de la informaci\u00f3n y la comunicaci\u00f3n <\/span>y <span lang=\"es\">Plan para la Adquisici\u00f3n de h\u00e1bitos de vida saludables y prevenci\u00f3n de enfermedades y riesgos profesionales.<\/span><\/p>\n<p>&nbsp;<\/p>\n<p>&nbsp;<\/p>\n<p><span style=\"font-size: 14pt;font-family: comic sans ms, sans-serif\"><strong>V\u00edctor Manuel Romero Bustamante<\/strong><\/span><\/p>\n<p><span lang=\"es\"><a href=\"https:\/\/blogsaverroes.juntadeandalucia.es\/molinilloviejo\/files\/2015\/03\/victor_m.jpg\"><img loading=\"lazy\" decoding=\"async\" class=\"alignleft wp-image-2251 size-full\" src=\"https:\/\/blogsaverroes.juntadeandalucia.es\/molinilloviejo\/files\/2015\/03\/victor_m.jpg\" alt=\"victor_m\" width=\"122\" height=\"165\"><\/a>Desde Ja\u00e9n, aunque natural de Arroyo del Ojanco, vino a nuestra secci\u00f3n durante el tercer trimestre del curso 2009\/10, sustituyendo a Mar\u00eda del Carmen R\u00edzquez Pulido durante una baja m\u00e9dica. Era su segunda experiencia en Educaci\u00f3n Permanente e imparti\u00f3 clases <\/span>de Formaci\u00f3n B\u00e1sica<span lang=\"es\"> (Nivel I)<\/span>, <span lang=\"es\"> Plan de preparaci\u00f3n de las pruebas libres para la obtenci\u00f3n del t\u00edtulo de Graduado en Educaci\u00f3n Secundaria<\/span> y <span lang=\"es\">Plan para la Adquisici\u00f3n de h\u00e1bitos de vida saludables y prevenci\u00f3n de enfermedades y riesgos profesionales.<\/span><\/p>\n<p>&nbsp;<\/p>\n<p>&nbsp;<\/p>\n<p><span style=\"font-size: 14pt;font-family: comic sans ms, sans-serif\"><strong>Mar\u00eda <span lang=\"es\">del Carmen R\u00edzquez Pulido<\/span><\/strong><\/span><\/p>\n<p><span lang=\"es\"><a href=\"https:\/\/blogsaverroes.juntadeandalucia.es\/molinilloviejo\/files\/2015\/03\/carmen.jpg\"><img loading=\"lazy\" decoding=\"async\" class=\"alignleft wp-image-2254 size-full\" src=\"https:\/\/blogsaverroes.juntadeandalucia.es\/molinilloviejo\/files\/2015\/03\/carmen.jpg\" alt=\"carmen\" width=\"122\" height=\"173\"><\/a>Desde Martos (Ja\u00e9n), estuvo en nuestra secci\u00f3n desde el curso 2009\/10 hasta el curso 2011\/12 ocupando plaza definitiva, siendo su primera experiencia en Educaci\u00f3n Permanente. Imparti\u00f3 clases <\/span>de Formaci\u00f3n B\u00e1sica<span lang=\"es\"> (Nivel I)<\/span>, <span lang=\"es\"> Plan de preparaci\u00f3n de las pruebas libres para la obtenci\u00f3n del t\u00edtulo de Graduado en Educaci\u00f3n Secundaria, <\/span>Plan educativo de conocimiento y conservaci\u00f3n del patrimonio cultural andaluz y el medio ambiente y <span lang=\"es\">Plan para la Adquisici\u00f3n de h\u00e1bitos de vida saludables y prevenci\u00f3n de enfermedades y riesgos profesionales. Tras concursar, ahora tiene su plaza en Martos trabajando en un centro de primaria.<\/span><\/p>\n<p>&nbsp;<\/p>\n<p>&nbsp;<\/p>\n<p><span style=\"font-size: 14pt;font-family: comic sans ms, sans-serif\"><strong>Montserrat Garc\u00eda Callej\u00f3n<\/strong><\/span><\/p>\n<p><span lang=\"es\"><a href=\"https:\/\/blogsaverroes.juntadeandalucia.es\/molinilloviejo\/files\/2015\/03\/montse.jpg\"><img loading=\"lazy\" decoding=\"async\" class=\"alignleft wp-image-2253 size-full\" src=\"https:\/\/blogsaverroes.juntadeandalucia.es\/molinilloviejo\/files\/2015\/03\/montse.jpg\" alt=\"montse\" width=\"128\" height=\"128\" srcset=\"https:\/\/blogsaverroes.juntadeandalucia.es\/molinilloviejo\/files\/2015\/03\/montse.jpg 128w, https:\/\/blogsaverroes.juntadeandalucia.es\/molinilloviejo\/files\/2015\/03\/montse-100x100.jpg 100w\" sizes=\"(max-width: 128px) 100vw, 128px\" \/><\/a>Natural de And\u00fajar y especialista en lengua inglesa, lleg\u00f3 a nuestro centro para sustituir a Ana Isabel Grande por baja por enfermedad. Estuvo un mes, pero fue intenso. Hasta este momento no ten\u00eda experiencia previa en en Educaci\u00f3n Permanente. Estuvo impartiendo clase <\/span>de Formaci\u00f3n B\u00e1sica<span lang=\"es\"> (Nivel I)<\/span>, <span lang=\"es\"> Plan de preparaci\u00f3n de las pruebas libres para la obtenci\u00f3n del t\u00edtulo de Graduado en Educaci\u00f3n Secundaria<\/span> y <span lang=\"es\">Plan para la Adquisici\u00f3n de h\u00e1bitos de vida saludables y prevenci\u00f3n de enfermedades y riesgos profesionales.<\/span><\/p>\n<p>&nbsp;<\/p>\n<p>&nbsp;<\/p>\n<p><span style=\"font-size: 14pt;font-family: comic sans ms, sans-serif\"><strong>Ana Isabel Grande Casado<\/strong><\/span><\/p>\n<p><span lang=\"es\"><a href=\"https:\/\/blogsaverroes.juntadeandalucia.es\/molinilloviejo\/files\/2015\/03\/ana_isabel.jpg\"><img loading=\"lazy\" decoding=\"async\" class=\"alignleft wp-image-2252 size-full\" src=\"https:\/\/blogsaverroes.juntadeandalucia.es\/molinilloviejo\/files\/2015\/03\/ana_isabel.jpg\" alt=\"ana_isabel\" width=\"123\" height=\"179\"><\/a>Nuestra paisana lleg\u00f3 a nuestra centro a principios de este curso escolar 2010\/11, para sustituir a Mar\u00eda del Carmen R\u00edzquez Pulido durante su baja m\u00e9dica y posterior maternidad. Era su segunda experiencia en Educaci\u00f3n Permanente e imparti\u00f3 clases <\/span>de Formaci\u00f3n B\u00e1sica<span lang=\"es\"> (Nivel I)<\/span>, <span lang=\"es\"> Plan de preparaci\u00f3n de las pruebas libres para la obtenci\u00f3n del t\u00edtulo de Graduado en Educaci\u00f3n Secundaria<\/span> y <span lang=\"es\">Plan para la Adquisici\u00f3n de h\u00e1bitos de vida saludables y prevenci\u00f3n de enfermedades y riesgos profesionales.<\/span><\/p>\n<p>&nbsp;<\/p>\n<p>&nbsp;<\/p>\n<p><span style=\"font-size: 14pt;font-family: comic sans ms, sans-serif\"><strong>Mar\u00eda Jos\u00e9 Arrabal Alarc\u00f3n<\/strong><\/span><\/p>\n<p><span lang=\"es\"><a href=\"https:\/\/blogsaverroes.juntadeandalucia.es\/molinilloviejo\/files\/2015\/03\/maria_jose_arrabal.jpg\"><img loading=\"lazy\" decoding=\"async\" class=\"alignleft wp-image-2250 size-full\" src=\"https:\/\/blogsaverroes.juntadeandalucia.es\/molinilloviejo\/files\/2015\/03\/maria_jose_arrabal.jpg\" alt=\"maria_jose_arrabal\" width=\"138\" height=\"170\"><\/a>Desde And\u00fajar (Ja\u00e9n), vino a nuestra secci\u00f3n en el curso 2008\/09 ocupando plaza de puesto espec\u00edfico, siendo su primera experiencia en Educaci\u00f3n Permanente. Imparti\u00f3 clases <\/span>de Formaci\u00f3n B\u00e1sica<span lang=\"es\"> (Nivel I)<\/span>, <span lang=\"es\"> Plan de preparaci\u00f3n de las pruebas libres para la obtenci\u00f3n del t\u00edtulo de Graduado en Educaci\u00f3n Secundaria<\/span> y <span lang=\"es\">Plan para la Adquisici\u00f3n de h\u00e1bitos de vida saludables y prevenci\u00f3n de enfermedades y riesgos profesionales. En la actualidad ha obtenido su plaza definitiva en su ciudad natal.<\/span><\/p>\n<p>&nbsp;<\/p>\n<p>&nbsp;<\/p>\n<p><span style=\"font-size: 14pt;font-family: comic sans ms, sans-serif\"><strong><span lang=\"es\">Carmen Mar\u00eda Rodr\u00edguez Gonz\u00e1lez<\/span><\/strong><\/span><\/p>\n<p><a href=\"https:\/\/blogsaverroes.juntadeandalucia.es\/molinilloviejo\/files\/2015\/03\/carmen_maria.jpg\"><img loading=\"lazy\" decoding=\"async\" class=\"alignleft wp-image-2249 size-full\" src=\"https:\/\/blogsaverroes.juntadeandalucia.es\/molinilloviejo\/files\/2015\/03\/carmen_maria.jpg\" alt=\"carmen_maria\" width=\"122\" height=\"141\"><\/a>Natural de T\u00edjola (Almer\u00eda), ocup\u00f3 la vacante de Amando Morente en el curso escolar 2007\/08. Fue su primera experiencia en educaci\u00f3n permanente, aunque lleva m\u00e1s de siete a\u00f1os ejerciendo el magisterio. Imparti\u00f3 clases de Formaci\u00f3n B\u00e1sica<span lang=\"es\"> (Nivel I)<\/span>, <span lang=\"es\"> Plan de preparaci\u00f3n de las pruebas libres para la obtenci\u00f3n del t\u00edtulo de Graduado en Educaci\u00f3n Secundaria<\/span> y de Cultura General (Plan de Formaci\u00f3n B\u00e1sica no Formal).<span lang=\"es\"> Aprob\u00f3 las oposiciones en julio de 2009 por la especialidad de Primaria, y ahora est\u00e1 destinada en su provincia natal.<\/span><\/p>\n<p>&nbsp;<\/p>\n<p>&nbsp;<\/p>\n<p><span style=\"font-size: 14pt;font-family: comic sans ms, sans-serif\"><strong>Esther Mar\u00eda Rabanillo G\u00e1lvez<\/strong><\/span><\/p>\n<p><a href=\"https:\/\/blogsaverroes.juntadeandalucia.es\/molinilloviejo\/files\/2015\/03\/esther.jpg\"><img loading=\"lazy\" decoding=\"async\" class=\"alignleft wp-image-2248 size-full\" src=\"https:\/\/blogsaverroes.juntadeandalucia.es\/molinilloviejo\/files\/2015\/03\/esther.jpg\" alt=\"esther\" width=\"122\" height=\"163\"><\/a>Esta cordobesa sustituy\u00f3 a Amando Morente mientras estuvo de baja m\u00e9dica durante todo el curso escolar 2006\/07. Fue su primera experiencia en la educaci\u00f3n permanente, aunque llevaba m\u00e1s de un a\u00f1o ejerciendo en primaria y secundaria. Imparti\u00f3 clases de Formaci\u00f3n B\u00e1sica, <span lang=\"es\"> preparaci\u00f3n de las pruebas libres para la obtenci\u00f3n del t\u00edtulo de Graduado en Educaci\u00f3n Secundaria<\/span> y de Cultura General (Plan de Formaci\u00f3n B\u00e1sica no Formal).<span lang=\"es\"> Aprob\u00f3 las oposiciones en julio de 2007 por su especialidad de Audici\u00f3n y Lenguaje, y ahora ejerce en C\u00f3rdoba.<\/span><\/p>\n<p>&nbsp;<\/p>\n<p>&nbsp;<\/p>\n<p>&nbsp;<\/p>\n<p>&nbsp;<\/p>\n<p>&nbsp;<\/p>\n<p>&nbsp;<\/p>\n<p>&nbsp;<\/p>\n<p>&nbsp;<\/p>\n","protected":false},"excerpt":{"rendered":"<p>Direcci\u00f3n del CEPER: Lourdes Vel\u00e1zquez Arguedas. Jefatura de Estudios del CEPER: Pablo Ruiz Leyva. Jefatura de Estudios Delegado de la Secci\u00f3n: Manuel \u00c1ngel Berm\u00fadez Martos. Maestra-tutora: Gema Robles Santiago. En este curso escolar, nuestra&#46;&#46;&#46;<\/p>\n","protected":false},"author":1,"featured_media":0,"parent":0,"menu_order":0,"comment_status":"closed","ping_status":"open","template":"","meta":{"ngg_post_thumbnail":0,"footnotes":"","_mc_calendar":[]},"aioseo_notices":[],"_links":{"self":[{"href":"https:\/\/blogsaverroes.juntadeandalucia.es\/molinilloviejo\/wp-json\/wp\/v2\/pages\/42"}],"collection":[{"href":"https:\/\/blogsaverroes.juntadeandalucia.es\/molinilloviejo\/wp-json\/wp\/v2\/pages"}],"about":[{"href":"https:\/\/blogsaverroes.juntadeandalucia.es\/molinilloviejo\/wp-json\/wp\/v2\/types\/page"}],"author":[{"embeddable":true,"href":"https:\/\/blogsaverroes.juntadeandalucia.es\/molinilloviejo\/wp-json\/wp\/v2\/users\/1"}],"replies":[{"embeddable":true,"href":"https:\/\/blogsaverroes.juntadeandalucia.es\/molinilloviejo\/wp-json\/wp\/v2\/comments?post=42"}],"version-history":[{"count":34,"href":"https:\/\/blogsaverroes.juntadeandalucia.es\/molinilloviejo\/wp-json\/wp\/v2\/pages\/42\/revisions"}],"predecessor-version":[{"id":20135,"href":"https:\/\/blogsaverroes.juntadeandalucia.es\/molinilloviejo\/wp-json\/wp\/v2\/pages\/42\/revisions\/20135"}],"wp:attachment":[{"href":"https:\/\/blogsaverroes.juntadeandalucia.es\/molinilloviejo\/wp-json\/wp\/v2\/media?parent=42"}],"curies":[{"name":"wp","href":"https:\/\/api.w.org\/{rel}","templated":true}]}}