{"id":428,"date":"2015-03-20T07:06:21","date_gmt":"2015-03-20T07:06:21","guid":{"rendered":"http:\/\/blogsaverroes.juntadeandalucia.es\/pre\/ceip\/?page_id=428"},"modified":"2015-11-20T10:23:51","modified_gmt":"2015-11-20T09:23:51","slug":"ciudadania_activa","status":"publish","type":"page","link":"https:\/\/blogsaverroes.juntadeandalucia.es\/molinilloviejo\/ciudadania_activa\/","title":{"rendered":"Ciudadan\u00eda activa"},"content":{"rendered":"<p>Los Planes Educativos para el Fomento de la Ciudadan\u00eda Activa engloban distintas ense\u00f1anzas no formales tendentes a la adquisici\u00f3n y refuerzo de aptitudes y actitudes que promuevan la ciudadan\u00eda activa y la integraci\u00f3n de las personas adultas en la sociedad del conocimiento en igualdad de oportunidades. Estos son los planes que se pueden ofertar:<\/p>\n<p>a) Plan educativo de uso b\u00e1sico de idiomas extranjeros.<br \/>\nb) Plan educativo de uso b\u00e1sico de las tecnolog\u00edas de la informaci\u00f3n y la comunicaci\u00f3n.<br \/>\nc) Plan educativo de fomento de la cultura emprendedora y el esp\u00edritu empresarial.<br \/>\nd) Plan educativo de interculturalidad, cultura y lengua espa\u00f1ola para personas procedentes de otros pa\u00edses.<br \/>\ne) Plan educativo de conocimiento y conservaci\u00f3n del patrimonio cultural andaluz y el medio ambiente.<br \/>\nf) Plan educativo de adquisici\u00f3n de h\u00e1bitos de vida saludable y prevenci\u00f3n de enfermedades y riesgos profesionales. N\u00famero de plazas.<\/p>\n","protected":false},"excerpt":{"rendered":"<p>Los Planes Educativos para el Fomento de la Ciudadan\u00eda Activa engloban distintas ense\u00f1anzas no formales tendentes a la adquisici\u00f3n y refuerzo de aptitudes y actitudes que promuevan la ciudadan\u00eda activa y la integraci\u00f3n de&#46;&#46;&#46;<\/p>\n","protected":false},"author":1,"featured_media":0,"parent":0,"menu_order":0,"comment_status":"closed","ping_status":"open","template":"","meta":{"ngg_post_thumbnail":0,"footnotes":"","_mc_calendar":[]},"aioseo_notices":[],"_links":{"self":[{"href":"https:\/\/blogsaverroes.juntadeandalucia.es\/molinilloviejo\/wp-json\/wp\/v2\/pages\/428"}],"collection":[{"href":"https:\/\/blogsaverroes.juntadeandalucia.es\/molinilloviejo\/wp-json\/wp\/v2\/pages"}],"about":[{"href":"https:\/\/blogsaverroes.juntadeandalucia.es\/molinilloviejo\/wp-json\/wp\/v2\/types\/page"}],"author":[{"embeddable":true,"href":"https:\/\/blogsaverroes.juntadeandalucia.es\/molinilloviejo\/wp-json\/wp\/v2\/users\/1"}],"replies":[{"embeddable":true,"href":"https:\/\/blogsaverroes.juntadeandalucia.es\/molinilloviejo\/wp-json\/wp\/v2\/comments?post=428"}],"version-history":[{"count":9,"href":"https:\/\/blogsaverroes.juntadeandalucia.es\/molinilloviejo\/wp-json\/wp\/v2\/pages\/428\/revisions"}],"predecessor-version":[{"id":2366,"href":"https:\/\/blogsaverroes.juntadeandalucia.es\/molinilloviejo\/wp-json\/wp\/v2\/pages\/428\/revisions\/2366"}],"wp:attachment":[{"href":"https:\/\/blogsaverroes.juntadeandalucia.es\/molinilloviejo\/wp-json\/wp\/v2\/media?parent=428"}],"curies":[{"name":"wp","href":"https:\/\/api.w.org\/{rel}","templated":true}]}}