{"id":432,"date":"2015-03-20T07:07:25","date_gmt":"2015-03-20T07:07:25","guid":{"rendered":"http:\/\/blogsaverroes.juntadeandalucia.es\/pre\/ceip\/?page_id=432"},"modified":"2018-06-19T11:32:25","modified_gmt":"2018-06-19T09:32:25","slug":"preparacion_prueba_libre_eso","status":"publish","type":"page","link":"https:\/\/blogsaverroes.juntadeandalucia.es\/molinilloviejo\/preparacion_prueba_libre_eso\/","title":{"rendered":"Preparaci\u00f3n Prueba Libre ESO"},"content":{"rendered":"<h3 style=\"text-align: left\"><strong>PREPARACI\u00d3N PARA LA PRUEBA LIBRE DE GRADUADO EN EDUCACI\u00d3N SECUNDARIA (ESO)<\/strong><\/h3>\n<p>Este plan pretende preparar a las alumnos para que superen las pruebas libres para la obtenci\u00f3n del t\u00edtulo de Graduado en Educaci\u00f3n Secundaria (ESO) para personas mayores de 18 a\u00f1os, cuyas convocatorias realiza la Consejer\u00eda de Educaci\u00f3n en abril y junio de cada a\u00f1o.<\/p>\n<p>Estas pruebas constan de tres ex\u00e1menes (\u00c1mbito Cient\u00edfico-Tecnol\u00f3gico, \u00c1mbito de Comunicaci\u00f3n y \u00c1mbito Social), que al superarlos se obtiene el T\u00edtulo de Graduado en ESO. En caso de no superar las pruebas en su totalidad, los \u00e1mbitos con calificaci\u00f3n positiva se mantendr\u00e1n para sucesivas convocatorias.<\/p>\n<p align=\"left\"><span lang=\"es\">Nuestra Secci\u00f3n de Educaci\u00f3n Permanente, desde el curso 2006-07, viene desarrollando el <b> <span style=\"color: #ff0000\">Plan Educativo de preparaci\u00f3n para la obtenci\u00f3n de la titulaci\u00f3n b\u00e1sica:<\/span><\/b> <b>Pruebas libres para la obtenci\u00f3n del T\u00edtulo de Graduado en Educaci\u00f3n Secundaria Obligatoria para mayores de 18 a\u00f1os<\/b>. Es un plan por el cual preparamos al alumnado para estas pruebas, las cuales pueden ser superadas en un examen<\/span>.<\/p>\n<p align=\"LEFT\"><span lang=\"es\">A partir del curso 2008\/09, la<b> <\/b><\/span><b> <a href=\"http:\/\/www.juntadeandalucia.es\/averroes\/educacion_permanente\/nuevo_portal\/documentos\/pruebas_libres\/orden.pdf\" target=\"_blank\" rel=\"noopener\">Orden de 8 de enero de 2009, por la que se regulan las pruebas para la obtenci\u00f3n del t\u00edtulo de Graduado en Educaci\u00f3n Secundaria Obligatoria, para personas mayores de dieciocho a\u00f1os<\/a> <\/b><span lang=\"es\">es la normativa que rigen estas pruebas<\/span>.<\/p>\n<p align=\"LEFT\"><span lang=\"es\">L<\/span>os cambios m\u00e1s relevantes <span lang=\"es\">respecto a las anterior normativa son:<\/span><\/p>\n<ul>\n<li>\n<p align=\"LEFT\">Las nuevas pruebas se basar\u00e1<span lang=\"es\">n<\/span> en el curr\u00edculum de la <a href=\"http:\/\/www.juntadeandalucia.es\/boja\/2007\/172\/1\" target=\"_blank\" rel=\"noopener\">Orden de 10 de agosto de 2007<\/a> (BOJA 172 de 31 de agosto) que regula la Educaci\u00f3n Secundaria Obligatoria para personas adultas. Por tanto, se tratar\u00e1 de pruebas basadas en competencias para cada \u00e1mbito de conocimiento que abarcan los niveles I y II.<\/p>\n<\/li>\n<li>\n<p align=\"LEFT\">Para la preparaci\u00f3n de la prueba estar\u00e1n disponibles (en el <a href=\"http:\/\/www.juntadeandalucia.es\/educacion\/permanente\/materiales\/\" target=\"_blank\" rel=\"noopener\">Portal de Educaci\u00f3n Permanente<\/a>) los materiales de Educaci\u00f3n Secundaria de Personas Adultas del Nivel I y II, con unidades o bloque tem\u00e1ticos que incluye un apartado (denominado \u201cPara aprender, hazlo t\u00fa\u201d), en el cual se podr\u00e1n encontrar preguntas an\u00e1logas a las que tendr\u00e1n las pruebas libres.<\/p>\n<\/li>\n<li>\n<p align=\"LEFT\"><span lang=\"es\">L<\/span>a nueva orden contempla dos convocatorias para las pruebas:<\/p>\n<ul>\n<li>\n<p align=\"LEFT\">Una en abril<span lang=\"es\">, <\/span>cuyo plazo de inscripci\u00f3n <span lang=\"es\">ser\u00e1 la primera quincena <\/span>de febrero.<\/p>\n<\/li>\n<li>\n<p align=\"LEFT\">Otra en junio, cuyo plazo de presentaci\u00f3n de solicitudes ser\u00e1 de veinte d\u00edas a contar desde el d\u00eda h\u00e1bil siguiente a la realizaci\u00f3n de las pruebas de la convocatoria de abril<span lang=\"es\">.<\/span><\/p>\n<\/li>\n<\/ul>\n<\/li>\n<\/ul>\n<p><u><span style=\"color: #cc00cc;font-size: large\">M\u00e1s Informaci\u00f3n<\/span><\/u><\/p>\n<p align=\"left\"><span lang=\"es\"><span style=\"color: #339933\"><b>Para saber m\u00e1s<\/b><\/span> sobre dichas pruebas descarga el <b> <a href=\"http:\/\/www.juntadeandalucia.es\/averroes\/%7Eepermanente\/documentos\/Pruebas_libres\/documento_completo.pdf\">siguiente documento<\/a><\/b> en el Portal del Educaci\u00f3n Permanente, donde ver\u00e1s la estructura de las mismas y un modelo de examen.<\/span><\/p>\n<p align=\"left\"><strong>Pruebas de a\u00f1os anteriores<\/strong>:<\/p>\n<table width=\"485\" cellspacing=\"1\" cellpadding=\"1\" border=\"1\" align=\"center\">\n<tbody>\n<tr style=\"height: 24px\">\n<td style=\"height: 24px\" bgcolor=\"#cccccc\">&nbsp;<\/td>\n<td style=\"height: 24px\" bgcolor=\"#cccccc\"><span style=\"text-decoration: underline\">ABRIL<\/span><\/td>\n<td style=\"height: 24px\" bgcolor=\"#cccccc\"><span style=\"text-decoration: underline\">JUNIO<\/span><\/td>\n<\/tr>\n<tr style=\"height: 24px\">\n<td style=\"height: 24px\"><strong>2009<\/strong><\/td>\n<td style=\"height: 24px\"><a class=\"icozip\" title=\"Pruebas convocatorias abril 2009 (incluye soluciones)\" href=\"http:\/\/www.juntadeandalucia.es\/educacion\/webportal\/ishare-servlet\/content\/6dff74bb-af99-4ec9-8c15-2da325ac8b2c\">Descarga<\/a><\/td>\n<td style=\"height: 24px\"><a class=\"icozip\" title=\"Pruebas convocatorias junio2009 (incluye soluciones)\" href=\"http:\/\/www.juntadeandalucia.es\/educacion\/webportal\/ishare-servlet\/content\/e83bc548-a90d-4c86-9697-722abeffa515\">Descarga<\/a><\/td>\n<\/tr>\n<tr style=\"height: 24px\">\n<td style=\"height: 24px\"><strong>2010<\/strong><\/td>\n<td style=\"height: 24px\"><a class=\"icozip\" title=\"Pruebas convocatoria abril 2010 (incluye soluciones)\" href=\"http:\/\/www.juntadeandalucia.es\/educacion\/webportal\/ishare-servlet\/content\/794ec8eb-b31e-431c-bce6-2f630e5d6bc7\" target=\"_blank\" rel=\"noopener\">Descarga<\/a><\/td>\n<td style=\"height: 24px\"><a class=\"icozip\" title=\"Pruebas convocatoria junio 2010 (incluye soluciones)\" href=\"http:\/\/www.juntadeandalucia.es\/educacion\/webportal\/ishare-servlet\/content\/713d59f3-3288-4078-8ea6-40f09892f3d6\" target=\"_blank\" rel=\"noopener\">Descarga<\/a><\/td>\n<\/tr>\n<tr style=\"height: 24px\">\n<td style=\"height: 24px\"><strong>2011<\/strong><\/td>\n<td style=\"height: 24px\"><a class=\"icozip\" title=\"Pruebas convocatoria abril 2011\" href=\"http:\/\/www.juntadeandalucia.es\/educacion\/webportal\/ishare-servlet\/content\/ba0feaf1-dc7b-4167-99dc-93819b3406cf\" target=\"_blank\" rel=\"noopener\">Descarga<\/a><\/td>\n<td style=\"height: 24px\"><a class=\"icozip\" title=\"Pruebas convocatoria junio 2011\" href=\"http:\/\/www.juntadeandalucia.es\/educacion\/webportal\/ishare-servlet\/content\/babce2c4-ab95-4423-a838-75b4d0648f24\" target=\"_blank\" rel=\"noopener\">Descarga<\/a><\/td>\n<\/tr>\n<tr style=\"height: 24px\">\n<td style=\"height: 24px\"><strong>2012<\/strong><\/td>\n<td style=\"height: 24px\"><a class=\"icozip\" title=\"Pruebas convocatoria abril 2012\" href=\"http:\/\/www.juntadeandalucia.es\/educacion\/webportal\/ishare-servlet\/content\/c9b55ecb-5c97-4918-8fe5-0010d4e4973a\" target=\"_blank\" rel=\"noopener\">Descarga<\/a><\/td>\n<td style=\"height: 24px\"><a class=\"icozip\" title=\"Pruebas convcocatoria Junio 2012\" href=\"http:\/\/www.juntadeandalucia.es\/educacion\/webportal\/ishare-servlet\/content\/242c48c6-65d5-4306-ba25-31982d938239\" target=\"_blank\" rel=\"noopener\">Descarga<\/a><\/td>\n<\/tr>\n<tr style=\"height: 24px\">\n<td style=\"height: 24px\"><strong>2013<\/strong><\/td>\n<td style=\"height: 24px\"><a class=\"icozip\" title=\"Pruebas convocatoria abril 2013 (pruebas_convocatoria_abril_2013.zip)\" href=\"http:\/\/www.juntadeandalucia.es\/educacion\/webportal\/ishare-servlet\/content\/7ae07af5-a68e-49b7-9f81-93605378cd81\" target=\"_blank\" rel=\"noopener\">Descarga<\/a><\/td>\n<td style=\"height: 24px\"><a class=\"icozip\" title=\"Pruebas convocatoria junio 2013 (pruebas_convocatoria_junio2013.zip)\" href=\"http:\/\/www.juntadeandalucia.es\/educacion\/webportal\/ishare-servlet\/content\/6c143fbb-a163-4d2a-a5ec-9f5b8f7666d1\" target=\"_blank\" rel=\"noopener\">Descarga<\/a><\/td>\n<\/tr>\n<tr style=\"height: 24px\">\n<td style=\"height: 24px\"><strong>2014<\/strong><\/td>\n<td style=\"height: 24px\"><a class=\"icozip\" title=\"Pruebas_abril_2014 (Pruebas_abril_2014.zip)\" href=\"http:\/\/www.juntadeandalucia.es\/educacion\/webportal\/ishare-servlet\/content\/ff378ba6-6c30-4bf1-8586-726806133808\">Descarga<\/a><\/td>\n<td style=\"height: 24px\"><a class=\"icozip\" title=\"Todas_ Junio 2014 (Pruebas_junio_2014.zip)\" href=\"http:\/\/www.juntadeandalucia.es\/educacion\/webportal\/ishare-servlet\/content\/da608142-1b81-477e-98d9-850e3edd487c\">Descarga<\/a><\/td>\n<\/tr>\n<tr style=\"height: 24px\">\n<td style=\"height: 24px\"><strong>2015<\/strong><\/td>\n<td style=\"height: 24px\"><a class=\"icozip\" title=\"Pruebas_abril_2015\" href=\"http:\/\/www.juntadeandalucia.es\/educacion\/webportal\/ishare-servlet\/content\/5238cf9b-9fe9-44cc-827a-50e9878eadbd\">Descarga<\/a><\/td>\n<td style=\"height: 24px\"><a class=\"icozip\" title=\"Enunciados y soluciones_Junio 2015 (Enunciados y soluciones Junio 2015.zip)\" href=\"http:\/\/www.juntadeandalucia.es\/educacion\/webportal\/ishare-servlet\/content\/15cfde90-fa7b-44a4-9ce5-283bf7f87ce1\">Descarga<\/a><\/td>\n<\/tr>\n<tr style=\"height: 24px\">\n<td style=\"height: 24px\"><strong>2016<\/strong><\/td>\n<td style=\"height: 24px\"><a href=\"http:\/\/www.juntadeandalucia.es\/educacion\/portals\/ishare-servlet\/content\/4ef921ef-fac5-458c-8f76-2970fe28c285\">Descarga<\/a><\/td>\n<td style=\"height: 24px\">&nbsp;<a href=\"http:\/\/www.juntadeandalucia.es\/educacion\/portals\/ishare-servlet\/content\/2d43d8ba-f8c0-4668-bb92-c936e803fe4b\">Descarga<\/a><\/td>\n<\/tr>\n<tr style=\"height: 24.5px\">\n<td style=\"height: 24.5px\"><strong>2017<\/strong><\/td>\n<td style=\"height: 24.5px\"><a href=\"http:\/\/www.juntadeandalucia.es\/educacion\/portals\/ishare-servlet\/content\/e9f8ead4-f7d6-4bd5-bade-5c17e872b883\" target=\"_blank\" rel=\"noopener\">Descarga<\/a><\/td>\n<td style=\"height: 24.5px\">&nbsp;<a href=\"http:\/\/www.juntadeandalucia.es\/educacion\/portals\/ishare-servlet\/content\/6f1f7d49-1e33-4b3d-b25d-0a82b1d441c4\" target=\"_blank\" rel=\"noopener\">Descarga<\/a><\/td>\n<\/tr>\n<tr style=\"height: 24px\">\n<td style=\"height: 24px\"><strong>2018<\/strong><\/td>\n<td style=\"height: 24px\"><a href=\"http:\/\/www.juntadeandalucia.es\/educacion\/portals\/ishare-servlet\/content\/0d3d636e-76f2-478c-942d-4c59418cb18a\" target=\"_blank\" rel=\"noopener\">Descarga <\/a><\/td>\n<td style=\"height: 24px\"><a href=\"http:\/\/www.juntadeandalucia.es\/educacion\/portals\/ishare-servlet\/content\/c879c524-cb44-466f-a7fe-6e325cd879bc\" target=\"_blank\" rel=\"noopener\">Descarga<\/a><\/td>\n<\/tr>\n<\/tbody>\n<\/table>\n","protected":false},"excerpt":{"rendered":"<p>PREPARACI\u00d3N PARA LA PRUEBA LIBRE DE GRADUADO EN EDUCACI\u00d3N SECUNDARIA (ESO) Este plan pretende preparar a las alumnos para que superen las pruebas libres para la obtenci\u00f3n del t\u00edtulo de Graduado en Educaci\u00f3n Secundaria&#46;&#46;&#46;<\/p>\n","protected":false},"author":1,"featured_media":0,"parent":0,"menu_order":0,"comment_status":"closed","ping_status":"open","template":"","meta":{"ngg_post_thumbnail":0,"footnotes":"","_mc_calendar":[]},"aioseo_notices":[],"_links":{"self":[{"href":"https:\/\/blogsaverroes.juntadeandalucia.es\/molinilloviejo\/wp-json\/wp\/v2\/pages\/432"}],"collection":[{"href":"https:\/\/blogsaverroes.juntadeandalucia.es\/molinilloviejo\/wp-json\/wp\/v2\/pages"}],"about":[{"href":"https:\/\/blogsaverroes.juntadeandalucia.es\/molinilloviejo\/wp-json\/wp\/v2\/types\/page"}],"author":[{"embeddable":true,"href":"https:\/\/blogsaverroes.juntadeandalucia.es\/molinilloviejo\/wp-json\/wp\/v2\/users\/1"}],"replies":[{"embeddable":true,"href":"https:\/\/blogsaverroes.juntadeandalucia.es\/molinilloviejo\/wp-json\/wp\/v2\/comments?post=432"}],"version-history":[{"count":16,"href":"https:\/\/blogsaverroes.juntadeandalucia.es\/molinilloviejo\/wp-json\/wp\/v2\/pages\/432\/revisions"}],"predecessor-version":[{"id":12961,"href":"https:\/\/blogsaverroes.juntadeandalucia.es\/molinilloviejo\/wp-json\/wp\/v2\/pages\/432\/revisions\/12961"}],"wp:attachment":[{"href":"https:\/\/blogsaverroes.juntadeandalucia.es\/molinilloviejo\/wp-json\/wp\/v2\/media?parent=432"}],"curies":[{"name":"wp","href":"https:\/\/api.w.org\/{rel}","templated":true}]}}