{"id":434,"date":"2015-03-20T07:07:50","date_gmt":"2015-03-20T07:07:50","guid":{"rendered":"http:\/\/blogsaverroes.juntadeandalucia.es\/pre\/ceip\/?page_id=434"},"modified":"2017-03-16T13:03:28","modified_gmt":"2017-03-16T12:03:28","slug":"materiales-recursos","status":"publish","type":"page","link":"https:\/\/blogsaverroes.juntadeandalucia.es\/molinilloviejo\/preparacion_prueba_libre_eso\/materiales-recursos\/","title":{"rendered":"PL-ESO Materiales, recursos&#8230;"},"content":{"rendered":"<h3><strong>\u00c1mbito Cient\u00edfico-Tecnol\u00f3gico<\/strong><\/h3>\n<div class=\"padlet-embed\"><iframe loading=\"lazy\" src=\"https:\/\/padlet.com\/padlets\/vciofspkyyy3\/embeds\/preview_embed\" width=\"300\" height=\"150\" frameborder=\"0\"><\/iframe>&nbsp;&nbsp; <a href=\"http:\/\/blogsaverroes.juntadeandalucia.es\/molinilloviejo\/files\/2015\/03\/d0cd3c8b33856478fea749ccdc1fa669.png\"><img loading=\"lazy\" decoding=\"async\" class=\" wp-image-6750 alignnone\" src=\"http:\/\/blogsaverroes.juntadeandalucia.es\/molinilloviejo\/files\/2015\/03\/d0cd3c8b33856478fea749ccdc1fa669.png\" alt=\"\" width=\"226\" height=\"226\" srcset=\"https:\/\/blogsaverroes.juntadeandalucia.es\/molinilloviejo\/files\/2015\/03\/d0cd3c8b33856478fea749ccdc1fa669.png 264w, https:\/\/blogsaverroes.juntadeandalucia.es\/molinilloviejo\/files\/2015\/03\/d0cd3c8b33856478fea749ccdc1fa669-150x150.png 150w, https:\/\/blogsaverroes.juntadeandalucia.es\/molinilloviejo\/files\/2015\/03\/d0cd3c8b33856478fea749ccdc1fa669-100x100.png 100w, https:\/\/blogsaverroes.juntadeandalucia.es\/molinilloviejo\/files\/2015\/03\/d0cd3c8b33856478fea749ccdc1fa669-24x24.png 24w, https:\/\/blogsaverroes.juntadeandalucia.es\/molinilloviejo\/files\/2015\/03\/d0cd3c8b33856478fea749ccdc1fa669-36x36.png 36w, https:\/\/blogsaverroes.juntadeandalucia.es\/molinilloviejo\/files\/2015\/03\/d0cd3c8b33856478fea749ccdc1fa669-48x48.png 48w\" sizes=\"(max-width: 226px) 100vw, 226px\" \/><\/a><\/div>\n<h3>&nbsp;<\/h3>\n<h3><strong>\u00c1mbito de Sociales<\/strong><\/h3>\n<div class=\"padlet-embed\"><iframe loading=\"lazy\" src=\"https:\/\/padlet.com\/padlets\/57u62v72rce8\/embeds\/preview_embed\" width=\"300\" height=\"150\" frameborder=\"0\"><\/iframe>&nbsp;&nbsp; <a href=\"http:\/\/blogsaverroes.juntadeandalucia.es\/molinilloviejo\/files\/2015\/03\/aeedd0cb59b611efc80cda855febbd0c.png\"><img loading=\"lazy\" decoding=\"async\" class=\" wp-image-6752 alignnone\" src=\"http:\/\/blogsaverroes.juntadeandalucia.es\/molinilloviejo\/files\/2015\/03\/aeedd0cb59b611efc80cda855febbd0c.png\" alt=\"\" width=\"219\" height=\"219\" srcset=\"https:\/\/blogsaverroes.juntadeandalucia.es\/molinilloviejo\/files\/2015\/03\/aeedd0cb59b611efc80cda855febbd0c.png 296w, https:\/\/blogsaverroes.juntadeandalucia.es\/molinilloviejo\/files\/2015\/03\/aeedd0cb59b611efc80cda855febbd0c-150x150.png 150w, https:\/\/blogsaverroes.juntadeandalucia.es\/molinilloviejo\/files\/2015\/03\/aeedd0cb59b611efc80cda855febbd0c-100x100.png 100w, https:\/\/blogsaverroes.juntadeandalucia.es\/molinilloviejo\/files\/2015\/03\/aeedd0cb59b611efc80cda855febbd0c-268x268.png 268w, https:\/\/blogsaverroes.juntadeandalucia.es\/molinilloviejo\/files\/2015\/03\/aeedd0cb59b611efc80cda855febbd0c-24x24.png 24w, https:\/\/blogsaverroes.juntadeandalucia.es\/molinilloviejo\/files\/2015\/03\/aeedd0cb59b611efc80cda855febbd0c-36x36.png 36w, https:\/\/blogsaverroes.juntadeandalucia.es\/molinilloviejo\/files\/2015\/03\/aeedd0cb59b611efc80cda855febbd0c-48x48.png 48w\" sizes=\"(max-width: 219px) 100vw, 219px\" \/><\/a>&nbsp;<\/div>\n<h3>&nbsp;<\/h3>\n<h3><strong>\u00c1mbito de Comunicaci\u00f3n &#8211; Lengua<\/strong><\/h3>\n<div id=\"attachment_2874\" style=\"width: 60px\" class=\"wp-caption alignleft\"><a href=\"http:\/\/blogsaverroes.juntadeandalucia.es\/molinilloviejo\/files\/2016\/01\/Tipos-de-poemas-y-estrofas.pdf\" target=\"_blank\"><img loading=\"lazy\" decoding=\"async\" aria-describedby=\"caption-attachment-2874\" class=\"wp-image-2874 size-full\" src=\"http:\/\/blogsaverroes.juntadeandalucia.es\/molinilloviejo\/files\/2016\/01\/pdf-icon.png\" alt=\"pdf-icon\" width=\"50\" height=\"49\"><\/a><p id=\"caption-attachment-2874\" class=\"wp-caption-text\">Tipos de poemas y estrofas<\/p><\/div>\n<div id=\"attachment_2874\" style=\"width: 60px\" class=\"wp-caption alignleft\"><a href=\"http:\/\/blogsaverroes.juntadeandalucia.es\/molinilloviejo\/files\/2016\/01\/Figuras-literarias.pdf\" target=\"_blank\"><img loading=\"lazy\" decoding=\"async\" aria-describedby=\"caption-attachment-2874\" class=\"wp-image-2874 size-full\" src=\"http:\/\/blogsaverroes.juntadeandalucia.es\/molinilloviejo\/files\/2016\/01\/pdf-icon.png\" alt=\"pdf-icon\" width=\"50\" height=\"49\"><\/a><p id=\"caption-attachment-2874\" class=\"wp-caption-text\">Figuras Ret\u00f3ricas<\/p><\/div>\n<p>&nbsp;<\/p>\n<p>&nbsp;<\/p>\n<p>&nbsp;<\/p>\n<p>&nbsp;<\/p>\n<p>&nbsp;<\/p>\n<p>&nbsp;<\/p>\n<h3>&nbsp;<\/h3>\n","protected":false},"excerpt":{"rendered":"<p>\u00c1mbito Cient\u00edfico-Tecnol\u00f3gico &nbsp;&nbsp; &nbsp; \u00c1mbito de Sociales &nbsp;&nbsp; &nbsp; &nbsp; \u00c1mbito de Comunicaci\u00f3n &#8211; Lengua &nbsp; &nbsp; &nbsp; &nbsp; &nbsp; &nbsp; &nbsp;<\/p>\n","protected":false},"author":1,"featured_media":0,"parent":432,"menu_order":0,"comment_status":"closed","ping_status":"open","template":"","meta":{"ngg_post_thumbnail":0,"footnotes":"","_mc_calendar":[]},"aioseo_notices":[],"_links":{"self":[{"href":"https:\/\/blogsaverroes.juntadeandalucia.es\/molinilloviejo\/wp-json\/wp\/v2\/pages\/434"}],"collection":[{"href":"https:\/\/blogsaverroes.juntadeandalucia.es\/molinilloviejo\/wp-json\/wp\/v2\/pages"}],"about":[{"href":"https:\/\/blogsaverroes.juntadeandalucia.es\/molinilloviejo\/wp-json\/wp\/v2\/types\/page"}],"author":[{"embeddable":true,"href":"https:\/\/blogsaverroes.juntadeandalucia.es\/molinilloviejo\/wp-json\/wp\/v2\/users\/1"}],"replies":[{"embeddable":true,"href":"https:\/\/blogsaverroes.juntadeandalucia.es\/molinilloviejo\/wp-json\/wp\/v2\/comments?post=434"}],"version-history":[{"count":27,"href":"https:\/\/blogsaverroes.juntadeandalucia.es\/molinilloviejo\/wp-json\/wp\/v2\/pages\/434\/revisions"}],"predecessor-version":[{"id":6754,"href":"https:\/\/blogsaverroes.juntadeandalucia.es\/molinilloviejo\/wp-json\/wp\/v2\/pages\/434\/revisions\/6754"}],"up":[{"embeddable":true,"href":"https:\/\/blogsaverroes.juntadeandalucia.es\/molinilloviejo\/wp-json\/wp\/v2\/pages\/432"}],"wp:attachment":[{"href":"https:\/\/blogsaverroes.juntadeandalucia.es\/molinilloviejo\/wp-json\/wp\/v2\/media?parent=434"}],"curies":[{"name":"wp","href":"https:\/\/api.w.org\/{rel}","templated":true}]}}