{"id":44,"date":"2015-03-13T08:42:15","date_gmt":"2015-03-13T08:42:15","guid":{"rendered":"http:\/\/blogsaverroes.juntadeandalucia.es\/pre\/ceip\/?page_id=44"},"modified":"2018-07-20T18:27:32","modified_gmt":"2018-07-20T16:27:32","slug":"planes-y-proyectos","status":"publish","type":"page","link":"https:\/\/blogsaverroes.juntadeandalucia.es\/molinilloviejo\/planes-y-proyectos\/","title":{"rendered":"Planes y Programas"},"content":{"rendered":"<p><img loading=\"lazy\" decoding=\"async\" class=\"alignnone size-medium wp-image-1667\" src=\"http:\/\/blogsaverroes.juntadeandalucia.es\/molinilloviejo\/files\/2015\/03\/planes-300x150.png\" alt=\"planes\" width=\"300\" height=\"150\" srcset=\"https:\/\/blogsaverroes.juntadeandalucia.es\/molinilloviejo\/files\/2015\/03\/planes-300x150.png 300w, https:\/\/blogsaverroes.juntadeandalucia.es\/molinilloviejo\/files\/2015\/03\/planes-332x166.png 332w, https:\/\/blogsaverroes.juntadeandalucia.es\/molinilloviejo\/files\/2015\/03\/planes.png 640w\" sizes=\"(max-width: 300px) 100vw, 300px\" \/><\/p>\n<p>En nuestra secci\u00f3n se imparten los siguientes planes educativos:<\/p>\n<p><span style=\"font-family: verdana,geneva,sans-serif\">&#8211; <strong>Plan Educativo de Formaci\u00f3n B\u00e1sica: Nivel I y II.<\/strong><\/span><\/p>\n<p>&#8211; <strong><span style=\"font-family: verdana,geneva,sans-serif\">Planes Educativos de ense\u00f1anza no formales:<\/span><\/strong><\/p>\n<ul>\n<li><span style=\"text-decoration: underline\">Planes Educativos de Acceso a otros niveles del sistema educativo<\/span>: <strong>Preparaci\u00f3n de la prueba libre de Acceso a la Universidad para mayores<\/strong>.<\/li>\n<li><span style=\"text-decoration: underline\">Planes Educativos de Preparaci\u00f3n para la obtenci\u00f3n de titulaciones oficiales<\/span>: <strong>Preparaci\u00f3n para la prueba libre para la Obtenci\u00f3n del Graduado en Educaci\u00f3n Secundaria (ESO)<\/strong>.<\/li>\n<li><span style=\"text-decoration: underline\">Planes Educativos para el fomento de la Ciudadan\u00eda Activa<\/span>: <strong>Uso b\u00e1sico de las Tecnolog\u00edas de Informaci\u00f3n y Comunicaci\u00f3n<\/strong>, <strong>Uso b\u00e1sico de Idioma Extranjero<\/strong>, <strong>Conocimiento y conservaci\u00f3n del Patrimonio Cultural de Andaluc\u00eda y del Medioambiente<\/strong> y <strong>Adquisici\u00f3n de H\u00e1bitos de Vida Saludable y prevenci\u00f3n de Enfermedades y Riesgos Profesionales<\/strong>.<\/li>\n<\/ul>\n<p>Los Planes y Programas desarrollados por nuestro centro son:<\/p>\n<ul>\n<li><strong>Plan de igualdad<\/strong><\/li>\n<li><strong>Escuela espacio de paz<\/strong><\/li>\n<\/ul>\n<p>&nbsp;<\/p>\n","protected":false},"excerpt":{"rendered":"<p>En nuestra secci\u00f3n se imparten los siguientes planes educativos: &#8211; Plan Educativo de Formaci\u00f3n B\u00e1sica: Nivel I y II. &#8211; Planes Educativos de ense\u00f1anza no formales: Planes Educativos de Acceso a otros niveles del&#46;&#46;&#46;<\/p>\n","protected":false},"author":1,"featured_media":0,"parent":0,"menu_order":0,"comment_status":"closed","ping_status":"closed","template":"","meta":{"ngg_post_thumbnail":0,"footnotes":"","_mc_calendar":[]},"aioseo_notices":[],"_links":{"self":[{"href":"https:\/\/blogsaverroes.juntadeandalucia.es\/molinilloviejo\/wp-json\/wp\/v2\/pages\/44"}],"collection":[{"href":"https:\/\/blogsaverroes.juntadeandalucia.es\/molinilloviejo\/wp-json\/wp\/v2\/pages"}],"about":[{"href":"https:\/\/blogsaverroes.juntadeandalucia.es\/molinilloviejo\/wp-json\/wp\/v2\/types\/page"}],"author":[{"embeddable":true,"href":"https:\/\/blogsaverroes.juntadeandalucia.es\/molinilloviejo\/wp-json\/wp\/v2\/users\/1"}],"replies":[{"embeddable":true,"href":"https:\/\/blogsaverroes.juntadeandalucia.es\/molinilloviejo\/wp-json\/wp\/v2\/comments?post=44"}],"version-history":[{"count":8,"href":"https:\/\/blogsaverroes.juntadeandalucia.es\/molinilloviejo\/wp-json\/wp\/v2\/pages\/44\/revisions"}],"predecessor-version":[{"id":13396,"href":"https:\/\/blogsaverroes.juntadeandalucia.es\/molinilloviejo\/wp-json\/wp\/v2\/pages\/44\/revisions\/13396"}],"wp:attachment":[{"href":"https:\/\/blogsaverroes.juntadeandalucia.es\/molinilloviejo\/wp-json\/wp\/v2\/media?parent=44"}],"curies":[{"name":"wp","href":"https:\/\/api.w.org\/{rel}","templated":true}]}}