{"id":49,"date":"2015-03-13T08:47:05","date_gmt":"2015-03-13T08:47:05","guid":{"rendered":"http:\/\/blogsaverroes.juntadeandalucia.es\/pre\/ceip\/?page_id=49"},"modified":"2018-01-15T10:05:48","modified_gmt":"2018-01-15T09:05:48","slug":"normativas","status":"publish","type":"page","link":"https:\/\/blogsaverroes.juntadeandalucia.es\/molinilloviejo\/normativas\/","title":{"rendered":"Normativas"},"content":{"rendered":"<h3 align=\"center\"><span lang=\"es\">Educaci\u00f3n Permanente en Andaluc\u00eda<\/span><\/h3>\n<ul>\n<li><a href=\"http:\/\/juntadeandalucia.es\/boja\/2017\/249\/BOJA17-249-00125-22508-01_00127422.pdf\" target=\"_blank\" rel=\"noopener\">Orden de 28 de diciembre de 2017, por la que se establece la ordenaci\u00f3n y el curr\u00edculo de la Educaci\u00f3n Secundaria Obligatoria para personas adultas en la Comunidad Aut\u00f3noma de Andaluc\u00eda<\/a>.<\/li>\n<li><a href=\"http:\/\/www.juntadeandalucia.es\/educacion\/portals\/abaco-portlet\/content\/4d3b4975-f3b0-4b6f-83da-de05fd185268\" target=\"_blank\" rel=\"noopener\">Instrucci\u00f3n 6\/2016, de 30 de mayo, de la Direcci\u00f3n General de Ordenaci\u00f3n Educativa, sobre la ordenaci\u00f3n del curr\u00edculo de la Educaci\u00f3n Secundaria Obligatoria y del Bachillerato para personas adultas durante el curso escolar 2016\/17.<\/a><\/li>\n<li><a href=\"http:\/\/www.juntadeandalucia.es\/boja\/2012\/117\/BOJA12-117-00022-9995-01_00008500.pdf\" target=\"_blank\" rel=\"noopener\">Orden de 25 de mayo de 2012, por la que se desarrolla el procedimiento de admisi\u00f3n y matriculaci\u00f3n del alumnado en los centros docentes p\u00fablicos para cursar las ense\u00f1anzas de Educaci\u00f3n Permanente de Personas Adultas en las modalidades presencial y semipresencial<\/a>.<\/li>\n<li><a href=\"http:\/\/www.juntadeandalucia.es\/educacion\/webportal\/abaco-portlet\/content\/e70d92a9-4b93-47eb-96f4-9213634e2d1b\" target=\"_blank\" rel=\"noopener\">INSTRUCCIONES la Direcci\u00f3n General de Formaci\u00f3n Profesional y Educaci\u00f3n Permanente, de 14 de mayo de 2009, sobre actuaciones para el curso acad\u00e9mico 2009\/2010 en los centros y secciones de educaci\u00f3n permanente<\/a>.<\/li>\n<li><a href=\"http:\/\/www.juntadeandalucia.es\/boja\/2009\/14\/d1.pdf\" target=\"_blank\" rel=\"noopener\">ORDEN de 8 de enero de 2009, por la que se regulan las pruebas para la obtenci\u00f3n del t\u00edtulo de Graduado en Educaci\u00f3n Secundaria Obligatoria, para personas mayores de dieciocho a\u00f1os<\/a>.<\/li>\n<li><a href=\"http:\/\/www.juntadeandalucia.es\/boja\/2008\/208\/d1.pdf\" target=\"_blank\" rel=\"noopener\">ORDEN de 29 de septiembre de 2008, por la que se regulan las ense\u00f1anzas de Bachillerato para personas adultas.<\/a><\/li>\n<li><a href=\"http:\/\/www.juntadeandalucia.es\/boja\/2007\/202\/d3.pdf\" target=\"_blank\" rel=\"noopener\">ORDEN de 24-09-2007, por la que se regulan las Redes de Aprendizaje Permanente de la Comunidad Aut\u00f3noma de Andaluc\u00eda. (BOJA n\u00fam. 202, de 15 de octubre de 2007)<\/a><\/li>\n<li><a href=\"http:\/\/www.juntadeandalucia.es\/boja\/2007\/202\/d2.pdf\" target=\"_blank\" rel=\"noopener\">ORDEN de 24-09-2007, por la que se regulan los Planes Educativos de car\u00e1cter No Formal para Personas Adultas. (BOJA n\u00fam. 202, de 15 de octubre de 2007)<\/a><\/li>\n<li><a href=\"http:\/\/www.juntadeandalucia.es\/boja\/2007\/173\/d1.pdf\" target=\"_blank\" rel=\"noopener\">ORDEN de 10-8-2007, por la que se regula el Plan Educativo de Formaci\u00f3n B\u00e1sica para Personas Adultas. (BOJA 3-9-2007)<\/a><\/li>\n<li><a href=\"http:\/\/www.juntadeandalucia.es\/boja\/2007\/172\/d1.pdf\" target=\"_blank\" rel=\"noopener\">ORDEN de 10-8-2007, por la que se regula la Educaci\u00f3n Secundaria Obligatoria para Personas Adultas. (BOJA 31-8-2007)<\/a><\/li>\n<li><a href=\"http:\/\/www.juntadeandalucia.es\/boja\/2007\/78\/fasciculo-2.pdf\" target=\"_blank\" rel=\"noopener\">ORDEN de 15 de febrero de 2007, por la que se aprueba las denominaciones espec\u00edficas de los Centros de Educaci\u00f3n Permanente y Secciones de Educaci\u00f3n Permanente de la Comunidad Aut\u00f3noma de Andaluc\u00eda. (BOJA 20-4-2007)<\/a><\/li>\n<li><a href=\"http:\/\/www.juntadeandalucia.es\/boja\/2007\/44\/d28.pdf\" target=\"_blank\" rel=\"noopener\">Decreto 36\/2007, de 6 de febrero, por el que se definen los puestos de trabajo Docentes de los Centros de Educaci\u00f3n Permanente, se establece su forma de provisi\u00f3n y se regula la coordinaci\u00f3n provincial de Educaci\u00f3n Permanente. (BOJA 2-3-2007)<\/a><\/li>\n<li><a href=\"http:\/\/www.juntadeandalucia.es\/boja\/2006\/156\/d28.pdf\" target=\"_blank\" rel=\"noopener\">Orden de 19 de julio de 2006, por la que se regulan determinados aspectos sobre la organizaci\u00f3n y el funcionamiento de los Centros de Educaci\u00f3n Permanente. (BOJA 11-8-2006)<\/a><\/li>\n<li><a href=\"http:\/\/www.juntadeandalucia.es\/boja\/2005\/212\/d17.pdf\" target=\"_blank\" rel=\"noopener\">Orden de 13-10-2005, por la que se adscriben las Secciones de Educaci\u00f3n Permanente a Centros de Educaci\u00f3n Permanente y se establecen las correspondientes plantillas org\u00e1nicas. (BOJA 31-10-2005)<\/a><\/li>\n<li><a href=\"http:\/\/www.juntadeandalucia.es\/boja\/2005\/208\/d4.pdf\" target=\"_blank\" rel=\"noopener\">Orden de 13-10-2005, por la que se regulan los procesos electorales para la renovaci\u00f3n y constituci\u00f3n de los Consejos de Centro en los Centros de Educaci\u00f3n Permanente. (BOJA 25-10-2005)<\/a><\/li>\n<li><a href=\"http:\/\/www.juntadeandalucia.es\/boja\/2005\/189\/d6.pdf\" target=\"_blank\" rel=\"noopener\">Decreto 196\/2005, de 13 de septiembre, por el que se aprueba el Reglamento Org\u00e1nico de los Centros de Educaci\u00f3n Permanente. (BOJA 27-9-2005)<\/a><\/li>\n<li><a href=\"http:\/\/www.juntadeandalucia.es\/boja\/2005\/40\/d5.pdf\" target=\"_blank\" rel=\"noopener\">Orden de 11-2-2005, por la que se establecen las normas de organizaci\u00f3n y desarrollo de las pruebas para la obtenci\u00f3n del t\u00edtulo de Graduado en Educaci\u00f3n Secundaria para personas mayores de dieciocho a\u00f1os en Andaluc\u00eda. (BOJA 25-2-2005)<\/a><\/li>\n<li><a href=\"http:\/\/www.juntadeandalucia.es\/boja\/1990\/29\/d1.pdf\" target=\"_blank\" rel=\"noopener\">Ley 3\/1990, de 27 de marzo, sobre Educaci\u00f3n de Adultos en Andaluc\u00eda (BOJA 6-4-1990)<\/a><\/li>\n<\/ul>\n<p>M\u00e1s normativas relacionadas con la Educaci\u00f3n en:&nbsp; <a href=\"http:\/\/www.adideandalucia.es\/\" target=\"_blank\" rel=\"noopener\">ADIDE-A<\/a><\/p>\n","protected":false},"excerpt":{"rendered":"<p>Educaci\u00f3n Permanente en Andaluc\u00eda Orden de 28 de diciembre de 2017, por la que se establece la ordenaci\u00f3n y el curr\u00edculo de la Educaci\u00f3n Secundaria Obligatoria para personas adultas en la Comunidad Aut\u00f3noma de&#46;&#46;&#46;<\/p>\n","protected":false},"author":1,"featured_media":0,"parent":0,"menu_order":0,"comment_status":"closed","ping_status":"open","template":"","meta":{"ngg_post_thumbnail":0,"footnotes":"","_mc_calendar":[]},"aioseo_notices":[],"_links":{"self":[{"href":"https:\/\/blogsaverroes.juntadeandalucia.es\/molinilloviejo\/wp-json\/wp\/v2\/pages\/49"}],"collection":[{"href":"https:\/\/blogsaverroes.juntadeandalucia.es\/molinilloviejo\/wp-json\/wp\/v2\/pages"}],"about":[{"href":"https:\/\/blogsaverroes.juntadeandalucia.es\/molinilloviejo\/wp-json\/wp\/v2\/types\/page"}],"author":[{"embeddable":true,"href":"https:\/\/blogsaverroes.juntadeandalucia.es\/molinilloviejo\/wp-json\/wp\/v2\/users\/1"}],"replies":[{"embeddable":true,"href":"https:\/\/blogsaverroes.juntadeandalucia.es\/molinilloviejo\/wp-json\/wp\/v2\/comments?post=49"}],"version-history":[{"count":20,"href":"https:\/\/blogsaverroes.juntadeandalucia.es\/molinilloviejo\/wp-json\/wp\/v2\/pages\/49\/revisions"}],"predecessor-version":[{"id":10520,"href":"https:\/\/blogsaverroes.juntadeandalucia.es\/molinilloviejo\/wp-json\/wp\/v2\/pages\/49\/revisions\/10520"}],"wp:attachment":[{"href":"https:\/\/blogsaverroes.juntadeandalucia.es\/molinilloviejo\/wp-json\/wp\/v2\/media?parent=49"}],"curies":[{"name":"wp","href":"https:\/\/api.w.org\/{rel}","templated":true}]}}