{"id":77,"date":"2015-03-16T06:54:56","date_gmt":"2015-03-16T06:54:56","guid":{"rendered":"http:\/\/blogsaverroes.juntadeandalucia.es\/pre\/ceip\/?page_id=77"},"modified":"2020-06-22T17:47:08","modified_gmt":"2020-06-22T15:47:08","slug":"alumnado","status":"publish","type":"page","link":"https:\/\/blogsaverroes.juntadeandalucia.es\/molinilloviejo\/alumnado\/","title":{"rendered":"Alumnado"},"content":{"rendered":"<p>En nuestra Secci\u00f3n de Educaci\u00f3n Permanente, contamos desde hace varios a\u00f1os con 9 unidades que cursan diferentes planes educativos. Los planes educativos que se est\u00e1n cursando actualmente son los siguientes:<\/p>\n<p>Un grupo mixto de Formaci\u00f3n B\u00e1sica centrado en el conocimiento del Patrimonio Cultural tanto andaluz como de la comarca.<\/p>\n<p>2 grupos de Patrimonio Cultural Aplicado a las TIC (Inform\u00e1tica).<\/p>\n<p>1 grupo de Formaci\u00f3n B\u00e1sica centrado en la Igualdad.<\/p>\n<p>1 grupo de H\u00e1bitos de Vida Saludable.<\/p>\n<p>1 grupo de Inform\u00e1tica b\u00e1sica (TIC).<\/p>\n<p>2 grupos de Uso B\u00e1sico de Idiomas (ingl\u00e9s). 1 de nivel b\u00e1sico y otro de nivel intermedio.<\/p>\n<p>1 grupo de preparaci\u00f3n para la Obt\u00e9nci\u00f3n del T\u00edtulo de Educaci\u00f3n Secundaria Obligatoria.<\/p>\n<h3 align=\"center\">&nbsp;<\/h3>\n","protected":false},"excerpt":{"rendered":"<p>En nuestra Secci\u00f3n de Educaci\u00f3n Permanente, contamos desde hace varios a\u00f1os con 9 unidades que cursan diferentes planes educativos. Los planes educativos que se est\u00e1n cursando actualmente son los siguientes: Un grupo mixto de&#46;&#46;&#46;<\/p>\n","protected":false},"author":1,"featured_media":0,"parent":0,"menu_order":0,"comment_status":"closed","ping_status":"open","template":"","meta":{"ngg_post_thumbnail":0,"footnotes":"","_mc_calendar":[]},"aioseo_notices":[],"_links":{"self":[{"href":"https:\/\/blogsaverroes.juntadeandalucia.es\/molinilloviejo\/wp-json\/wp\/v2\/pages\/77"}],"collection":[{"href":"https:\/\/blogsaverroes.juntadeandalucia.es\/molinilloviejo\/wp-json\/wp\/v2\/pages"}],"about":[{"href":"https:\/\/blogsaverroes.juntadeandalucia.es\/molinilloviejo\/wp-json\/wp\/v2\/types\/page"}],"author":[{"embeddable":true,"href":"https:\/\/blogsaverroes.juntadeandalucia.es\/molinilloviejo\/wp-json\/wp\/v2\/users\/1"}],"replies":[{"embeddable":true,"href":"https:\/\/blogsaverroes.juntadeandalucia.es\/molinilloviejo\/wp-json\/wp\/v2\/comments?post=77"}],"version-history":[{"count":18,"href":"https:\/\/blogsaverroes.juntadeandalucia.es\/molinilloviejo\/wp-json\/wp\/v2\/pages\/77\/revisions"}],"predecessor-version":[{"id":20117,"href":"https:\/\/blogsaverroes.juntadeandalucia.es\/molinilloviejo\/wp-json\/wp\/v2\/pages\/77\/revisions\/20117"}],"wp:attachment":[{"href":"https:\/\/blogsaverroes.juntadeandalucia.es\/molinilloviejo\/wp-json\/wp\/v2\/media?parent=77"}],"curies":[{"name":"wp","href":"https:\/\/api.w.org\/{rel}","templated":true}]}}