{"id":82,"date":"2015-03-16T06:59:55","date_gmt":"2015-03-16T06:59:55","guid":{"rendered":"http:\/\/blogsaverroes.juntadeandalucia.es\/pre\/ceip\/?page_id=82"},"modified":"2020-06-22T19:34:19","modified_gmt":"2020-06-22T17:34:19","slug":"horarios","status":"publish","type":"page","link":"https:\/\/blogsaverroes.juntadeandalucia.es\/molinilloviejo\/horarios\/","title":{"rendered":"Horarios"},"content":{"rendered":"<p><a href=\"http:\/\/blogsaverroes.juntadeandalucia.es\/molinilloviejo\/files\/2015\/03\/horario2.jpg\"><img loading=\"lazy\" decoding=\"async\" class=\"aligncenter wp-image-1675 size-medium\" src=\"http:\/\/blogsaverroes.juntadeandalucia.es\/molinilloviejo\/files\/2015\/03\/horario2-300x212.jpg\" alt=\"\" width=\"300\" height=\"212\" srcset=\"https:\/\/blogsaverroes.juntadeandalucia.es\/molinilloviejo\/files\/2015\/03\/horario2-300x212.jpg 300w, https:\/\/blogsaverroes.juntadeandalucia.es\/molinilloviejo\/files\/2015\/03\/horario2-332x234.jpg 332w, https:\/\/blogsaverroes.juntadeandalucia.es\/molinilloviejo\/files\/2015\/03\/horario2.jpg 640w\" sizes=\"(max-width: 300px) 100vw, 300px\" \/><\/a>El horario del alumnado y del profesorado estar\u00e1 en funci\u00f3n de las necesidades del grupo y de las disponibilidades organizativas del Centro respetando, en todo caso, las normativas que regulan dicho punto de la Consejer\u00eda de Educaci\u00f3n, sobre la Organizaci\u00f3n y Funcionamiento de los Centros P\u00fablicos que oferten Educaci\u00f3n de Adultos en nuestra Comunidad Aut\u00f3noma.<\/p>\n<p>En este curso escolar, nuestra Secci\u00f3n de Educaci\u00f3n Permanente estar\u00e1 abierta durante todos los d\u00edas laborables de la semana en horario de tarde para impartir las clases. Concretamente de 16:00 a 21:00 horas. Los lunes por la ma\u00f1ana, de 9:00 a 13:00 horas, el Centro permanecer\u00e1 abierto para labores de tutor\u00edas y preparaci\u00f3n de material.<\/p>\n<p>&nbsp;<\/p>\n","protected":false},"excerpt":{"rendered":"<p>El horario del alumnado y del profesorado estar\u00e1 en funci\u00f3n de las necesidades del grupo y de las disponibilidades organizativas del Centro respetando, en todo caso, las normativas que regulan dicho punto de la&#46;&#46;&#46;<\/p>\n","protected":false},"author":1,"featured_media":0,"parent":0,"menu_order":0,"comment_status":"closed","ping_status":"open","template":"","meta":{"ngg_post_thumbnail":0,"footnotes":"","_mc_calendar":[]},"aioseo_notices":[],"_links":{"self":[{"href":"https:\/\/blogsaverroes.juntadeandalucia.es\/molinilloviejo\/wp-json\/wp\/v2\/pages\/82"}],"collection":[{"href":"https:\/\/blogsaverroes.juntadeandalucia.es\/molinilloviejo\/wp-json\/wp\/v2\/pages"}],"about":[{"href":"https:\/\/blogsaverroes.juntadeandalucia.es\/molinilloviejo\/wp-json\/wp\/v2\/types\/page"}],"author":[{"embeddable":true,"href":"https:\/\/blogsaverroes.juntadeandalucia.es\/molinilloviejo\/wp-json\/wp\/v2\/users\/1"}],"replies":[{"embeddable":true,"href":"https:\/\/blogsaverroes.juntadeandalucia.es\/molinilloviejo\/wp-json\/wp\/v2\/comments?post=82"}],"version-history":[{"count":5,"href":"https:\/\/blogsaverroes.juntadeandalucia.es\/molinilloviejo\/wp-json\/wp\/v2\/pages\/82\/revisions"}],"predecessor-version":[{"id":20137,"href":"https:\/\/blogsaverroes.juntadeandalucia.es\/molinilloviejo\/wp-json\/wp\/v2\/pages\/82\/revisions\/20137"}],"wp:attachment":[{"href":"https:\/\/blogsaverroes.juntadeandalucia.es\/molinilloviejo\/wp-json\/wp\/v2\/media?parent=82"}],"curies":[{"name":"wp","href":"https:\/\/api.w.org\/{rel}","templated":true}]}}