{"id":63,"date":"2020-06-08T23:46:00","date_gmt":"2020-06-08T21:46:00","guid":{"rendered":"https:\/\/blogsaverroes.juntadeandalucia.es\/monblogeoifrb2\/?page_id=63"},"modified":"2020-06-14T23:53:21","modified_gmt":"2020-06-14T21:53:21","slug":"presentation","status":"publish","type":"page","link":"https:\/\/blogsaverroes.juntadeandalucia.es\/monblogeoifrb2\/presentation\/","title":{"rendered":"Pr\u00e9sentation"},"content":{"rendered":"<p>Je m\u00b4appelle Olalla et je suis professeur de Fran\u00e7ais dans les EOI en Andalousie. Actuellement j\u00b4habite \u00e0 Malaga , mais je suis souvent en route!<\/p>\n<p>Voici une belle vue de ma ville!<\/p>\n<p><img loading=\"lazy\" decoding=\"async\" class=\"alignnone wp-image-89\" src=\"https:\/\/blogsaverroes.juntadeandalucia.es\/monblogeoifrb2\/files\/2020\/05\/M\u00e1laga-1024x768.jpg\" alt=\"M\u00e1laga\" width=\"593\" height=\"445\" srcset=\"https:\/\/blogsaverroes.juntadeandalucia.es\/monblogeoifrb2\/files\/2020\/05\/M\u00e1laga-1024x768.jpg 1024w, https:\/\/blogsaverroes.juntadeandalucia.es\/monblogeoifrb2\/files\/2020\/05\/M\u00e1laga-300x225.jpg 300w, https:\/\/blogsaverroes.juntadeandalucia.es\/monblogeoifrb2\/files\/2020\/05\/M\u00e1laga-768x576.jpg 768w, https:\/\/blogsaverroes.juntadeandalucia.es\/monblogeoifrb2\/files\/2020\/05\/M\u00e1laga-24x18.jpg 24w, https:\/\/blogsaverroes.juntadeandalucia.es\/monblogeoifrb2\/files\/2020\/05\/M\u00e1laga-36x27.jpg 36w, https:\/\/blogsaverroes.juntadeandalucia.es\/monblogeoifrb2\/files\/2020\/05\/M\u00e1laga-48x36.jpg 48w\" sizes=\"(max-width: 593px) 100vw, 593px\" \/><\/p>\n<p>J\u00b4ai \u00e9t\u00e9 affect\u00e9e dans de nombreuses EOI au cours de ces&nbsp; derni\u00e8res 11 ann\u00e9es, toujours au sein de l\u00b4enseignement publique. Cordoue, Estepa, Grenade, Marbella, Villacarrillo&#8230;.parmi d\u00b4autres destinations. Ceci m\u00b4a permis de voir du monde, aussi bien au niveau g\u00e9ographique, que p\u00e9dagogique.<\/p>\n<p>Cette ann\u00e9e c\u00b4est \u00e0 l\u00b4EOI Loja que je travaille, dans la province de Grenade. Une ville moyenne qui a son charme. Montagnes et vall\u00e9es dessinent son paysage.<\/p>\n<p>Ma vie a \u00e9t\u00e9 toujours marqu\u00e9e par les d\u00e9placements, les changements et l\u00b4adaptation continuelle. J\u00b4ai v\u00e9cu en France et en Irlande, mais j\u00b4ai aussi fait des \u00e9changes en Allemagne ainsi qu\u00b4au Maroc. J\u00b4ai d\u00e9couvert les Balkans \u00e0 travers la musique et les danses traditionnelles, dans des voyages anthropologiques, ethnologiques et culturels.&nbsp;<\/p>\n<p>Passionn\u00e9e de voyages,&nbsp; de communication, de musique et de danse, je suis toujours \u00e0 la recherche de nouveaux apprentissages. La vie est un voyage et le monde un lieu extraordinaire dont les ressources d\u00b4inspiration sont in\u00e9puisables.&nbsp;<\/p>\n<p>J\u00b4ai con\u00e7u ce blog pour l\u00b4enseignement du Fran\u00e7ais aux apprenants du niveau B2. Un outil d\u00b4appui \u00e0 mes cours ou un compl\u00e9ment didactique pour tous ceux qui cherchent des id\u00e9es.<\/p>\n<p>Bonne route!!<\/p>\n","protected":false},"excerpt":{"rendered":"<p>Je m\u00b4appelle Olalla et je suis professeur de Fran\u00e7ais dans les EOI en Andalousie. Actuellement j\u00b4habite \u00e0 Malaga , mais je suis souvent en route! Voici une belle vue de ma ville! J\u00b4ai \u00e9t\u00e9&#46;&#46;&#46;<\/p>\n","protected":false},"author":10136,"featured_media":66,"parent":0,"menu_order":0,"comment_status":"closed","ping_status":"closed","template":"","meta":{"ngg_post_thumbnail":0,"footnotes":""},"aioseo_notices":[],"_links":{"self":[{"href":"https:\/\/blogsaverroes.juntadeandalucia.es\/monblogeoifrb2\/wp-json\/wp\/v2\/pages\/63"}],"collection":[{"href":"https:\/\/blogsaverroes.juntadeandalucia.es\/monblogeoifrb2\/wp-json\/wp\/v2\/pages"}],"about":[{"href":"https:\/\/blogsaverroes.juntadeandalucia.es\/monblogeoifrb2\/wp-json\/wp\/v2\/types\/page"}],"author":[{"embeddable":true,"href":"https:\/\/blogsaverroes.juntadeandalucia.es\/monblogeoifrb2\/wp-json\/wp\/v2\/users\/10136"}],"replies":[{"embeddable":true,"href":"https:\/\/blogsaverroes.juntadeandalucia.es\/monblogeoifrb2\/wp-json\/wp\/v2\/comments?post=63"}],"version-history":[{"count":5,"href":"https:\/\/blogsaverroes.juntadeandalucia.es\/monblogeoifrb2\/wp-json\/wp\/v2\/pages\/63\/revisions"}],"predecessor-version":[{"id":107,"href":"https:\/\/blogsaverroes.juntadeandalucia.es\/monblogeoifrb2\/wp-json\/wp\/v2\/pages\/63\/revisions\/107"}],"wp:featuredmedia":[{"embeddable":true,"href":"https:\/\/blogsaverroes.juntadeandalucia.es\/monblogeoifrb2\/wp-json\/wp\/v2\/media\/66"}],"wp:attachment":[{"href":"https:\/\/blogsaverroes.juntadeandalucia.es\/monblogeoifrb2\/wp-json\/wp\/v2\/media?parent=63"}],"curies":[{"name":"wp","href":"https:\/\/api.w.org\/{rel}","templated":true}]}}