{"id":72,"date":"2020-06-08T23:56:49","date_gmt":"2020-06-08T21:56:49","guid":{"rendered":"https:\/\/blogsaverroes.juntadeandalucia.es\/monblogeoifrb2\/?page_id=72"},"modified":"2020-06-10T10:21:19","modified_gmt":"2020-06-10T08:21:19","slug":"le-niveau-b2-du-cecrl","status":"publish","type":"page","link":"https:\/\/blogsaverroes.juntadeandalucia.es\/monblogeoifrb2\/le-niveau-b2-du-cecrl\/","title":{"rendered":"Le niveau B2 du CECRL"},"content":{"rendered":"<p>Le niveau B2 est de nos jours consid\u00e9r\u00e9, comme le niveau interm\u00e9diaire\/avanc\u00e9: l\u00b4utilisateur ind\u00e9pendant.&nbsp;<\/p>\n<p>Au sein des EOI, c\u00b4est un niveau qui se partage en deux ann\u00e9es scolaires: la 4\u00e8me et la 5\u00e8me ann\u00e9e du cursus que se compose de 7 ann\u00e9es au total . Les contenus de ce niveau se divisent donc en deux ann\u00e9es scolaires \u00e0 la fin desquelles l\u00b4apprenant sera amen\u00e9 \u00e0 l\u00b4obtention de la certification de ce niveau B2.&nbsp;&nbsp;<\/p>\n<p>&nbsp;<\/p>\n<p>L<strong>es comp\u00e9tences \u00e0 d\u00e9velopper sont cinq:&nbsp;<\/strong><\/p>\n<ul>\n<li>Compr\u00e9hension de textes \u00e9crits&nbsp;<\/li>\n<li>Compr\u00e9hension de textes oraux&nbsp;<\/li>\n<li>Production et coproduction de textes \u00e9crits&nbsp;<\/li>\n<li>Production&nbsp; et coproduction de textes oraux<\/li>\n<li>M\u00e9diation&nbsp;<\/li>\n<\/ul>\n<p>&nbsp;<\/p>\n<p>&nbsp;<\/p>\n","protected":false},"excerpt":{"rendered":"<p>Le niveau B2 est de nos jours consid\u00e9r\u00e9, comme le niveau interm\u00e9diaire\/avanc\u00e9: l\u00b4utilisateur ind\u00e9pendant.&nbsp; Au sein des EOI, c\u00b4est un niveau qui se partage en deux ann\u00e9es scolaires: la 4\u00e8me et la 5\u00e8me ann\u00e9e&#46;&#46;&#46;<\/p>\n","protected":false},"author":10136,"featured_media":0,"parent":0,"menu_order":0,"comment_status":"closed","ping_status":"closed","template":"","meta":{"ngg_post_thumbnail":0,"footnotes":""},"aioseo_notices":[],"_links":{"self":[{"href":"https:\/\/blogsaverroes.juntadeandalucia.es\/monblogeoifrb2\/wp-json\/wp\/v2\/pages\/72"}],"collection":[{"href":"https:\/\/blogsaverroes.juntadeandalucia.es\/monblogeoifrb2\/wp-json\/wp\/v2\/pages"}],"about":[{"href":"https:\/\/blogsaverroes.juntadeandalucia.es\/monblogeoifrb2\/wp-json\/wp\/v2\/types\/page"}],"author":[{"embeddable":true,"href":"https:\/\/blogsaverroes.juntadeandalucia.es\/monblogeoifrb2\/wp-json\/wp\/v2\/users\/10136"}],"replies":[{"embeddable":true,"href":"https:\/\/blogsaverroes.juntadeandalucia.es\/monblogeoifrb2\/wp-json\/wp\/v2\/comments?post=72"}],"version-history":[{"count":3,"href":"https:\/\/blogsaverroes.juntadeandalucia.es\/monblogeoifrb2\/wp-json\/wp\/v2\/pages\/72\/revisions"}],"predecessor-version":[{"id":78,"href":"https:\/\/blogsaverroes.juntadeandalucia.es\/monblogeoifrb2\/wp-json\/wp\/v2\/pages\/72\/revisions\/78"}],"wp:attachment":[{"href":"https:\/\/blogsaverroes.juntadeandalucia.es\/monblogeoifrb2\/wp-json\/wp\/v2\/media?parent=72"}],"curies":[{"name":"wp","href":"https:\/\/api.w.org\/{rel}","templated":true}]}}