{"id":83,"date":"2020-06-12T10:35:01","date_gmt":"2020-06-12T08:35:01","guid":{"rendered":"https:\/\/blogsaverroes.juntadeandalucia.es\/monblogeoifrb2\/?page_id=83"},"modified":"2020-06-15T00:17:11","modified_gmt":"2020-06-14T22:17:11","slug":"ressources-didactiques","status":"publish","type":"page","link":"https:\/\/blogsaverroes.juntadeandalucia.es\/monblogeoifrb2\/ressources-didactiques\/","title":{"rendered":"Ressources didactiques"},"content":{"rendered":"<p><span style=\"font-family: 'comic sans ms', sans-serif\">Cette page vous fournira des sites internet \u00e0 consulter aussi bien pour \u00eatre \u00e0 jour de l\u00b4actualit\u00e9 fran\u00e7aise et francophone, que pour pratiquer la langue, surtout pour la compr\u00e9hension orale, \u00e9crite et la grammaire.&nbsp;<\/span><\/p>\n<p><span style=\"font-family: 'comic sans ms', sans-serif\">http:\/\/www.tv5monde.com\/<\/span><br \/>\n<span style=\"font-family: 'comic sans ms', sans-serif\">https:\/\/apprendre.tv5monde.com\/fr<\/span><br \/>\n<span style=\"font-family: 'comic sans ms', sans-serif\">https:\/\/savoirs.rfi.fr\/es\/apprendre-enseigner<\/span><br \/>\n<span style=\"font-family: 'comic sans ms', sans-serif\">https:\/\/www.francetvinfo.fr\/<\/span><br \/>\n<span style=\"font-family: 'comic sans ms', sans-serif\">https:\/\/www.franceinter.fr\/<\/span><br \/>\n<span style=\"font-family: 'comic sans ms', sans-serif\">https:\/\/www.rtbf.be\/radio\/<\/span><br \/>\n<span style=\"font-family: 'comic sans ms', sans-serif\">http:\/\/www.allocine.fr\/film\/meilleurs\/pays-5001\/decennie-2010\/annee-2019\/<\/span><\/p>\n<p>&nbsp;<\/p>\n<p><span style=\"font-family: 'comic sans ms', sans-serif\">https:\/\/www.lepointdufle.net\/<\/span><\/p>\n<p><span style=\"font-family: 'comic sans ms', sans-serif\">https:\/\/enseigner.tv5monde.com\/fiches-pedagogiques-fle\/paroles-de-clips-0<\/span><\/p>\n<p>&nbsp;<\/p>\n<p>&nbsp;<\/p>\n<p>&nbsp;<\/p>\n","protected":false},"excerpt":{"rendered":"<p>Cette page vous fournira des sites internet \u00e0 consulter aussi bien pour \u00eatre \u00e0 jour de l\u00b4actualit\u00e9 fran\u00e7aise et francophone, que pour pratiquer la langue, surtout pour la compr\u00e9hension orale, \u00e9crite et la grammaire.&nbsp;&#46;&#46;&#46;<\/p>\n","protected":false},"author":10136,"featured_media":0,"parent":0,"menu_order":0,"comment_status":"closed","ping_status":"closed","template":"","meta":{"ngg_post_thumbnail":0,"footnotes":""},"aioseo_notices":[],"_links":{"self":[{"href":"https:\/\/blogsaverroes.juntadeandalucia.es\/monblogeoifrb2\/wp-json\/wp\/v2\/pages\/83"}],"collection":[{"href":"https:\/\/blogsaverroes.juntadeandalucia.es\/monblogeoifrb2\/wp-json\/wp\/v2\/pages"}],"about":[{"href":"https:\/\/blogsaverroes.juntadeandalucia.es\/monblogeoifrb2\/wp-json\/wp\/v2\/types\/page"}],"author":[{"embeddable":true,"href":"https:\/\/blogsaverroes.juntadeandalucia.es\/monblogeoifrb2\/wp-json\/wp\/v2\/users\/10136"}],"replies":[{"embeddable":true,"href":"https:\/\/blogsaverroes.juntadeandalucia.es\/monblogeoifrb2\/wp-json\/wp\/v2\/comments?post=83"}],"version-history":[{"count":6,"href":"https:\/\/blogsaverroes.juntadeandalucia.es\/monblogeoifrb2\/wp-json\/wp\/v2\/pages\/83\/revisions"}],"predecessor-version":[{"id":115,"href":"https:\/\/blogsaverroes.juntadeandalucia.es\/monblogeoifrb2\/wp-json\/wp\/v2\/pages\/83\/revisions\/115"}],"wp:attachment":[{"href":"https:\/\/blogsaverroes.juntadeandalucia.es\/monblogeoifrb2\/wp-json\/wp\/v2\/media?parent=83"}],"curies":[{"name":"wp","href":"https:\/\/api.w.org\/{rel}","templated":true}]}}