{"id":250,"date":"2020-06-08T12:05:15","date_gmt":"2020-06-08T10:05:15","guid":{"rendered":"https:\/\/blogsaverroes.juntadeandalucia.es\/moodlecentrosparaprofes\/?page_id=250"},"modified":"2020-10-25T21:26:30","modified_gmt":"2020-10-25T20:26:30","slug":"enlaces-de-interes","status":"publish","type":"page","link":"https:\/\/blogsaverroes.juntadeandalucia.es\/moodlecentrosparaprofes\/enlaces-de-interes\/","title":{"rendered":"Enlaces de inter\u00e9s"},"content":{"rendered":"<p><a href=\"https:\/\/educacionadistancia.juntadeandalucia.es\/centros\/login\/index.php\"><img loading=\"lazy\" decoding=\"async\" class=\"alignnone size-medium wp-image-12 aligncenter\" style=\"color: #1a1a1a;font-size: 16px\" src=\"https:\/\/blogsaverroes.juntadeandalucia.es\/moodlecentrosparaprofes\/files\/2020\/06\/logo_moodle_centros-300x122.png\" alt=\"\" width=\"300\" height=\"122\" srcset=\"https:\/\/blogsaverroes.juntadeandalucia.es\/moodlecentrosparaprofes\/files\/2020\/06\/logo_moodle_centros-300x122.png 300w, https:\/\/blogsaverroes.juntadeandalucia.es\/moodlecentrosparaprofes\/files\/2020\/06\/logo_moodle_centros-24x10.png 24w, https:\/\/blogsaverroes.juntadeandalucia.es\/moodlecentrosparaprofes\/files\/2020\/06\/logo_moodle_centros-36x15.png 36w, https:\/\/blogsaverroes.juntadeandalucia.es\/moodlecentrosparaprofes\/files\/2020\/06\/logo_moodle_centros-48x19.png 48w, https:\/\/blogsaverroes.juntadeandalucia.es\/moodlecentrosparaprofes\/files\/2020\/06\/logo_moodle_centros.png 353w\" sizes=\"(max-width: 300px) 85vw, 300px\" \/><\/a><\/p>\n<p style=\"text-align: center\"><a href=\"https:\/\/educacionadistancia.juntadeandalucia.es\/centros\/login\/index.php\">Acceso<\/a> a la plataforma Moodle Centros<\/p>\n<p style=\"text-align: center\"><span style=\"color: #ff6600\"><strong>________________________<\/strong><\/span><\/p>\n<p><a href=\"https:\/\/educacionadistancia.juntadeandalucia.es\/centros\/huelva\/login\/forgot_password.php?ayuda=1\"><img loading=\"lazy\" decoding=\"async\" class=\"alignnone size-medium wp-image-244 aligncenter\" src=\"https:\/\/blogsaverroes.juntadeandalucia.es\/moodlecentrosparaprofes\/files\/2020\/06\/blog_moodle_centros_para_fp-300x188.png\" alt=\"\" width=\"300\" height=\"188\" srcset=\"https:\/\/blogsaverroes.juntadeandalucia.es\/moodlecentrosparaprofes\/files\/2020\/06\/blog_moodle_centros_para_fp-300x188.png 300w, https:\/\/blogsaverroes.juntadeandalucia.es\/moodlecentrosparaprofes\/files\/2020\/06\/blog_moodle_centros_para_fp-24x15.png 24w, https:\/\/blogsaverroes.juntadeandalucia.es\/moodlecentrosparaprofes\/files\/2020\/06\/blog_moodle_centros_para_fp-36x23.png 36w, https:\/\/blogsaverroes.juntadeandalucia.es\/moodlecentrosparaprofes\/files\/2020\/06\/blog_moodle_centros_para_fp-48x30.png 48w, https:\/\/blogsaverroes.juntadeandalucia.es\/moodlecentrosparaprofes\/files\/2020\/06\/blog_moodle_centros_para_fp.png 478w\" sizes=\"(max-width: 300px) 85vw, 300px\" \/><\/a><\/p>\n<p style=\"text-align: center\"><span style=\"color: #ff6600\"><strong>________________________<\/strong><\/span><\/p>\n<p><a href=\"https:\/\/blogsaverroes.juntadeandalucia.es\/eaprendizaje\/moodle-centros\/\"><img loading=\"lazy\" decoding=\"async\" class=\"alignnone size-medium wp-image-251 aligncenter\" src=\"https:\/\/blogsaverroes.juntadeandalucia.es\/moodlecentrosparaprofes\/files\/2020\/06\/blog_eAprendizaje-300x66.png\" alt=\"\" width=\"300\" height=\"66\" srcset=\"https:\/\/blogsaverroes.juntadeandalucia.es\/moodlecentrosparaprofes\/files\/2020\/06\/blog_eAprendizaje-300x66.png 300w, https:\/\/blogsaverroes.juntadeandalucia.es\/moodlecentrosparaprofes\/files\/2020\/06\/blog_eAprendizaje-24x5.png 24w, https:\/\/blogsaverroes.juntadeandalucia.es\/moodlecentrosparaprofes\/files\/2020\/06\/blog_eAprendizaje-36x8.png 36w, https:\/\/blogsaverroes.juntadeandalucia.es\/moodlecentrosparaprofes\/files\/2020\/06\/blog_eAprendizaje-48x11.png 48w, https:\/\/blogsaverroes.juntadeandalucia.es\/moodlecentrosparaprofes\/files\/2020\/06\/blog_eAprendizaje.png 442w\" sizes=\"(max-width: 300px) 85vw, 300px\" \/><\/a><\/p>\n<p style=\"text-align: center\"><a href=\"https:\/\/blogsaverroes.juntadeandalucia.es\/eaprendizaje\/moodle-centros\/\">eAprendizaje<\/a> es el espacio organizado por la Consejer\u00eda de Educaci\u00f3n y Deporte para publicar toda la informaci\u00f3n sobre Moodle Centros. Tambi\u00e9n ofrece un repertorio amplio de materiales y videotutoriales.<\/p>\n<p style=\"text-align: center\"><span style=\"color: #ff6600\"><strong>________________________<\/strong><\/span><\/p>\n<p><a href=\"https:\/\/blogsaverroes.juntadeandalucia.es\/eaprendizaje\/files\/2020\/04\/Tips_moodle_Centros.pdf\"><img loading=\"lazy\" decoding=\"async\" class=\"alignnone size-medium wp-image-224 aligncenter\" src=\"https:\/\/blogsaverroes.juntadeandalucia.es\/moodlecentrosparaprofes\/files\/2020\/06\/blog_como_optimizar_tus_cursos_en_moodle-300x112.png\" alt=\"C\u00f3mo optimizar tus cursos en Moodle Centros\" width=\"300\" height=\"112\" srcset=\"https:\/\/blogsaverroes.juntadeandalucia.es\/moodlecentrosparaprofes\/files\/2020\/06\/blog_como_optimizar_tus_cursos_en_moodle-300x112.png 300w, https:\/\/blogsaverroes.juntadeandalucia.es\/moodlecentrosparaprofes\/files\/2020\/06\/blog_como_optimizar_tus_cursos_en_moodle-768x286.png 768w, https:\/\/blogsaverroes.juntadeandalucia.es\/moodlecentrosparaprofes\/files\/2020\/06\/blog_como_optimizar_tus_cursos_en_moodle-24x9.png 24w, https:\/\/blogsaverroes.juntadeandalucia.es\/moodlecentrosparaprofes\/files\/2020\/06\/blog_como_optimizar_tus_cursos_en_moodle-36x13.png 36w, https:\/\/blogsaverroes.juntadeandalucia.es\/moodlecentrosparaprofes\/files\/2020\/06\/blog_como_optimizar_tus_cursos_en_moodle-48x18.png 48w, https:\/\/blogsaverroes.juntadeandalucia.es\/moodlecentrosparaprofes\/files\/2020\/06\/blog_como_optimizar_tus_cursos_en_moodle.png 790w\" sizes=\"(max-width: 300px) 85vw, 300px\" \/><\/a><\/p>\n<p style=\"text-align: center\"><a href=\"https:\/\/blogsaverroes.juntadeandalucia.es\/eaprendizaje\/files\/2020\/04\/Tips_moodle_Centros.pdf\">C\u00f3mo optimizar tus cursos en Moodle<\/a> es una infograf\u00eda con consejos para manejar de manera m\u00e1s rentable los cursos y aulas virtuales de Moodle Centros.<\/p>\n<p style=\"text-align: center\"><span style=\"color: #ff6600\"><strong>________________________<\/strong><\/span><\/p>\n<p><a href=\"https:\/\/moodle.org\/\"><img loading=\"lazy\" decoding=\"async\" class=\"alignnone size-medium wp-image-254 aligncenter\" src=\"https:\/\/blogsaverroes.juntadeandalucia.es\/moodlecentrosparaprofes\/files\/2020\/06\/moodle_oficial-300x167.png\" alt=\"\" width=\"300\" height=\"167\" srcset=\"https:\/\/blogsaverroes.juntadeandalucia.es\/moodlecentrosparaprofes\/files\/2020\/06\/moodle_oficial-300x167.png 300w, https:\/\/blogsaverroes.juntadeandalucia.es\/moodlecentrosparaprofes\/files\/2020\/06\/moodle_oficial-24x13.png 24w, https:\/\/blogsaverroes.juntadeandalucia.es\/moodlecentrosparaprofes\/files\/2020\/06\/moodle_oficial-36x20.png 36w, https:\/\/blogsaverroes.juntadeandalucia.es\/moodlecentrosparaprofes\/files\/2020\/06\/moodle_oficial-48x27.png 48w, https:\/\/blogsaverroes.juntadeandalucia.es\/moodlecentrosparaprofes\/files\/2020\/06\/moodle_oficial.png 380w\" sizes=\"(max-width: 300px) 85vw, 300px\" \/><\/a><\/p>\n<p style=\"text-align: center\"><a href=\"https:\/\/moodle.org\/\">Moodle.org<\/a> es la p\u00e1gina oficial de Moodle. Encontrar\u00e1s una detallada explicaci\u00f3n de cada procedimiento y recurso de Moodle. Cuenta con su propio buscador de temas. El detalle de la informaci\u00f3n que ofrece puede abrumar, pero es la mejor referencia de la web.<\/p>\n<p style=\"text-align: center\"><span style=\"color: #ff6600\"><strong>________________________<\/strong><\/span><\/p>\n<p><a href=\"https:\/\/moodlefaqcentroseducativos.wordpress.com\/about\/\"><img loading=\"lazy\" decoding=\"async\" class=\"size-medium wp-image-255 aligncenter\" src=\"https:\/\/blogsaverroes.juntadeandalucia.es\/moodlecentrosparaprofes\/files\/2020\/06\/blog_pagina_enrique-300x112.png\" alt=\"\" width=\"300\" height=\"112\" srcset=\"https:\/\/blogsaverroes.juntadeandalucia.es\/moodlecentrosparaprofes\/files\/2020\/06\/blog_pagina_enrique-300x112.png 300w, https:\/\/blogsaverroes.juntadeandalucia.es\/moodlecentrosparaprofes\/files\/2020\/06\/blog_pagina_enrique-768x288.png 768w, https:\/\/blogsaverroes.juntadeandalucia.es\/moodlecentrosparaprofes\/files\/2020\/06\/blog_pagina_enrique-1024x383.png 1024w, https:\/\/blogsaverroes.juntadeandalucia.es\/moodlecentrosparaprofes\/files\/2020\/06\/blog_pagina_enrique-1200x449.png 1200w, https:\/\/blogsaverroes.juntadeandalucia.es\/moodlecentrosparaprofes\/files\/2020\/06\/blog_pagina_enrique-24x9.png 24w, https:\/\/blogsaverroes.juntadeandalucia.es\/moodlecentrosparaprofes\/files\/2020\/06\/blog_pagina_enrique-36x13.png 36w, https:\/\/blogsaverroes.juntadeandalucia.es\/moodlecentrosparaprofes\/files\/2020\/06\/blog_pagina_enrique-48x18.png 48w, https:\/\/blogsaverroes.juntadeandalucia.es\/moodlecentrosparaprofes\/files\/2020\/06\/blog_pagina_enrique.png 1247w\" sizes=\"(max-width: 300px) 85vw, 300px\" \/><\/a><\/p>\n<p style=\"text-align: center\"><a href=\"https:\/\/moodlefaqcentroseducativos.wordpress.com\/about\/\">Blog<\/a> de Enrique Hern\u00e1ndez sobre las preguntas frecuentes que puede generar el uso de Moodle Centros. Un lugar muy recomendable para plantear y resolver dudas.<\/p>\n<p style=\"text-align: center\"><span style=\"color: #ff6600\"><strong>________________________<\/strong><\/span><\/p>\n<p><a href=\"https:\/\/www.juntadeandalucia.es\/educacion\/portals\/web\/prodig\/faq-moodle-centros\/-\/categorias\/categoria\/Bqm8jgnRG8QY\/perfiles-1k4mnzawstgda\"><img loading=\"lazy\" decoding=\"async\" class=\"alignnone size-medium wp-image-257 aligncenter\" src=\"https:\/\/blogsaverroes.juntadeandalucia.es\/moodlecentrosparaprofes\/files\/2020\/06\/blog_consejeria_preguntas_frecuentes-300x78.png\" alt=\"\" width=\"300\" height=\"78\" srcset=\"https:\/\/blogsaverroes.juntadeandalucia.es\/moodlecentrosparaprofes\/files\/2020\/06\/blog_consejeria_preguntas_frecuentes-300x78.png 300w, https:\/\/blogsaverroes.juntadeandalucia.es\/moodlecentrosparaprofes\/files\/2020\/06\/blog_consejeria_preguntas_frecuentes-24x6.png 24w, https:\/\/blogsaverroes.juntadeandalucia.es\/moodlecentrosparaprofes\/files\/2020\/06\/blog_consejeria_preguntas_frecuentes-36x9.png 36w, https:\/\/blogsaverroes.juntadeandalucia.es\/moodlecentrosparaprofes\/files\/2020\/06\/blog_consejeria_preguntas_frecuentes-48x13.png 48w, https:\/\/blogsaverroes.juntadeandalucia.es\/moodlecentrosparaprofes\/files\/2020\/06\/blog_consejeria_preguntas_frecuentes.png 445w\" sizes=\"(max-width: 300px) 85vw, 300px\" \/><\/a><\/p>\n<p style=\"text-align: center\">Sitio de la Consejer\u00eda de Educaci\u00f3n y Deporte sobre <a href=\"https:\/\/www.juntadeandalucia.es\/educacion\/portals\/web\/prodig\/faq-moodle-centros\/-\/categorias\/categoria\/Bqm8jgnRG8QY\/perfiles-1k4mnzawstgda\">preguntas frecuentes<\/a> referidas a Moodle Centros.<\/p>\n<p style=\"text-align: center\"><span style=\"color: #ff6600\"><strong>________________________<\/strong><\/span><\/p>\n<p><a href=\"https:\/\/www.juntadeandalucia.es\/educacion\/portals\/web\/prodig\/canal-videos-moodle\"><img loading=\"lazy\" decoding=\"async\" class=\"alignnone size-medium wp-image-256 aligncenter\" src=\"https:\/\/blogsaverroes.juntadeandalucia.es\/moodlecentrosparaprofes\/files\/2020\/06\/blog_miguel_angel_gonzalez_perez-300x161.png\" alt=\"\" width=\"300\" height=\"161\" srcset=\"https:\/\/blogsaverroes.juntadeandalucia.es\/moodlecentrosparaprofes\/files\/2020\/06\/blog_miguel_angel_gonzalez_perez-300x161.png 300w, https:\/\/blogsaverroes.juntadeandalucia.es\/moodlecentrosparaprofes\/files\/2020\/06\/blog_miguel_angel_gonzalez_perez-24x13.png 24w, https:\/\/blogsaverroes.juntadeandalucia.es\/moodlecentrosparaprofes\/files\/2020\/06\/blog_miguel_angel_gonzalez_perez-36x19.png 36w, https:\/\/blogsaverroes.juntadeandalucia.es\/moodlecentrosparaprofes\/files\/2020\/06\/blog_miguel_angel_gonzalez_perez-48x26.png 48w, https:\/\/blogsaverroes.juntadeandalucia.es\/moodlecentrosparaprofes\/files\/2020\/06\/blog_miguel_angel_gonzalez_perez.png 483w\" sizes=\"(max-width: 300px) 85vw, 300px\" \/><\/a><\/p>\n<p style=\"text-align: center\">Amplia <a href=\"https:\/\/www.juntadeandalucia.es\/educacion\/portals\/web\/prodig\/canal-videos-moodle\">videoteca<\/a> ofrecida por la Consejer\u00eda de Educaci\u00f3n y Deportes, elaborada por Miguel \u00c1ngel Gonz\u00e1lez Lozano<\/p>\n<p style=\"text-align: center\"><span style=\"color: #ff6600\"><strong>________________________<\/strong><\/span><\/p>\n<p><a href=\"https:\/\/www.youtube.com\/playlist?list=PLJkk1L3HGsMkBqY_g9xD6to-YFka86alc\"><img loading=\"lazy\" decoding=\"async\" class=\"alignnone size-medium wp-image-333 aligncenter\" src=\"https:\/\/blogsaverroes.juntadeandalucia.es\/moodlecentrosparaprofes\/files\/2020\/06\/blog_enlace_videotutoriales_basicos_de_la_consejeria-300x141.png\" alt=\"\" width=\"300\" height=\"141\" srcset=\"https:\/\/blogsaverroes.juntadeandalucia.es\/moodlecentrosparaprofes\/files\/2020\/06\/blog_enlace_videotutoriales_basicos_de_la_consejeria-300x141.png 300w, https:\/\/blogsaverroes.juntadeandalucia.es\/moodlecentrosparaprofes\/files\/2020\/06\/blog_enlace_videotutoriales_basicos_de_la_consejeria-768x360.png 768w, https:\/\/blogsaverroes.juntadeandalucia.es\/moodlecentrosparaprofes\/files\/2020\/06\/blog_enlace_videotutoriales_basicos_de_la_consejeria-24x11.png 24w, https:\/\/blogsaverroes.juntadeandalucia.es\/moodlecentrosparaprofes\/files\/2020\/06\/blog_enlace_videotutoriales_basicos_de_la_consejeria-36x17.png 36w, https:\/\/blogsaverroes.juntadeandalucia.es\/moodlecentrosparaprofes\/files\/2020\/06\/blog_enlace_videotutoriales_basicos_de_la_consejeria-48x22.png 48w, https:\/\/blogsaverroes.juntadeandalucia.es\/moodlecentrosparaprofes\/files\/2020\/06\/blog_enlace_videotutoriales_basicos_de_la_consejeria.png 841w\" sizes=\"(max-width: 300px) 85vw, 300px\" \/><\/a><\/p>\n<p style=\"text-align: center\"><a href=\"https:\/\/www.youtube.com\/playlist?list=PLJkk1L3HGsMkBqY_g9xD6to-YFka86alc\">Videotutoriales<\/a> de la Consejer\u00eda de Educaci\u00f3n y Deportes sobre procedimientos b\u00e1sicos en Moodle Centros<\/p>\n<p style=\"text-align: center\"><span style=\"color: #ff6600\"><strong>________________________<\/strong><\/span><\/p>\n<p>&nbsp;<\/p>\n","protected":false},"excerpt":{"rendered":"<p>Acceso a la plataforma Moodle Centros ________________________ ________________________ eAprendizaje es el espacio organizado por la Consejer\u00eda de Educaci\u00f3n y Deporte para publicar toda la informaci\u00f3n sobre Moodle Centros. Tambi\u00e9n ofrece un repertorio amplio de materiales y videotutoriales. ________________________ C\u00f3mo optimizar tus cursos en Moodle es una infograf\u00eda con consejos para manejar de manera m\u00e1s rentable &hellip; <a href=\"https:\/\/blogsaverroes.juntadeandalucia.es\/moodlecentrosparaprofes\/enlaces-de-interes\/\" class=\"more-link\">Continuar leyendo<span class=\"screen-reader-text\"> \u00abEnlaces de inter\u00e9s\u00bb<\/span><\/a><\/p>\n","protected":false},"author":6368,"featured_media":0,"parent":0,"menu_order":0,"comment_status":"closed","ping_status":"closed","template":"","meta":{"ngg_post_thumbnail":0,"footnotes":""},"aioseo_notices":[],"_links":{"self":[{"href":"https:\/\/blogsaverroes.juntadeandalucia.es\/moodlecentrosparaprofes\/wp-json\/wp\/v2\/pages\/250"}],"collection":[{"href":"https:\/\/blogsaverroes.juntadeandalucia.es\/moodlecentrosparaprofes\/wp-json\/wp\/v2\/pages"}],"about":[{"href":"https:\/\/blogsaverroes.juntadeandalucia.es\/moodlecentrosparaprofes\/wp-json\/wp\/v2\/types\/page"}],"author":[{"embeddable":true,"href":"https:\/\/blogsaverroes.juntadeandalucia.es\/moodlecentrosparaprofes\/wp-json\/wp\/v2\/users\/6368"}],"replies":[{"embeddable":true,"href":"https:\/\/blogsaverroes.juntadeandalucia.es\/moodlecentrosparaprofes\/wp-json\/wp\/v2\/comments?post=250"}],"version-history":[{"count":10,"href":"https:\/\/blogsaverroes.juntadeandalucia.es\/moodlecentrosparaprofes\/wp-json\/wp\/v2\/pages\/250\/revisions"}],"predecessor-version":[{"id":479,"href":"https:\/\/blogsaverroes.juntadeandalucia.es\/moodlecentrosparaprofes\/wp-json\/wp\/v2\/pages\/250\/revisions\/479"}],"wp:attachment":[{"href":"https:\/\/blogsaverroes.juntadeandalucia.es\/moodlecentrosparaprofes\/wp-json\/wp\/v2\/media?parent=250"}],"curies":[{"name":"wp","href":"https:\/\/api.w.org\/{rel}","templated":true}]}}