{"id":281,"date":"2020-06-09T07:32:00","date_gmt":"2020-06-09T05:32:00","guid":{"rendered":"https:\/\/blogsaverroes.juntadeandalucia.es\/moodlecentrosparaprofes\/?page_id=281"},"modified":"2020-06-25T09:52:40","modified_gmt":"2020-06-25T07:52:40","slug":"nosotros","status":"publish","type":"page","link":"https:\/\/blogsaverroes.juntadeandalucia.es\/moodlecentrosparaprofes\/nosotros\/","title":{"rendered":"\u00bfQui\u00e9nes somos?"},"content":{"rendered":"\r\n<p>&nbsp;<\/p>\r\n<p style=\"text-align: center\"><img loading=\"lazy\" decoding=\"async\" class=\"alignnone size-medium wp-image-335\" src=\"https:\/\/blogsaverroes.juntadeandalucia.es\/moodlecentrosparaprofes\/files\/2020\/06\/blog_quienes_somos-300x88.jpg\" alt=\"\" width=\"600\" height=\"176\" srcset=\"https:\/\/blogsaverroes.juntadeandalucia.es\/moodlecentrosparaprofes\/files\/2020\/06\/blog_quienes_somos-300x88.jpg 300w, https:\/\/blogsaverroes.juntadeandalucia.es\/moodlecentrosparaprofes\/files\/2020\/06\/blog_quienes_somos-768x225.jpg 768w, https:\/\/blogsaverroes.juntadeandalucia.es\/moodlecentrosparaprofes\/files\/2020\/06\/blog_quienes_somos-1024x300.jpg 1024w, https:\/\/blogsaverroes.juntadeandalucia.es\/moodlecentrosparaprofes\/files\/2020\/06\/blog_quienes_somos-1200x351.jpg 1200w, https:\/\/blogsaverroes.juntadeandalucia.es\/moodlecentrosparaprofes\/files\/2020\/06\/blog_quienes_somos-24x7.jpg 24w, https:\/\/blogsaverroes.juntadeandalucia.es\/moodlecentrosparaprofes\/files\/2020\/06\/blog_quienes_somos-36x11.jpg 36w, https:\/\/blogsaverroes.juntadeandalucia.es\/moodlecentrosparaprofes\/files\/2020\/06\/blog_quienes_somos-48x14.jpg 48w\" sizes=\"(max-width: 600px) 85vw, 600px\" \/><\/p>\r\n<p>&nbsp;<\/p>\r\n\r\n<blockquote class=\"wp-block-quote\">\r\n<p>Somos Manuel Carroza Pacheco y Adri\u00e1n Matas Dom\u00ednguez, dos profesores del IES Alto Conquero de Huelva que trabajamos con Moodle desde hace algunos a\u00f1os y que ahora estamos profundizando en la nueva Moodle Centros. Esperamos que estos recursos te sean \u00fatiles.<\/p>\r\n<\/blockquote>\r\n\r\n\r\n\r\n<p>Aqu\u00ed puedes <a href=\"https:\/\/blogsaverroes.juntadeandalucia.es\/moodlecentrosparaprofes\/contacta-con-nosotros\/\">contactar<\/a> con nosotros. Intentaremos contestar tus preguntas, resolver tus dudas, escuchar tus propuestas o simplemente conocernos, que quiz\u00e1s sea lo m\u00e1s interesante.<\/p>\r\n<p>Muchas gracias por visitarnos.<\/p>\r\n","protected":false},"excerpt":{"rendered":"<p>&nbsp; &nbsp; Somos Manuel Carroza Pacheco y Adri\u00e1n Matas Dom\u00ednguez, dos profesores del IES Alto Conquero de Huelva que trabajamos con Moodle desde hace algunos a\u00f1os y que ahora estamos profundizando en la nueva Moodle Centros. Esperamos que estos recursos te sean \u00fatiles. Aqu\u00ed puedes contactar con nosotros. Intentaremos contestar tus preguntas, resolver tus dudas, &hellip; <a href=\"https:\/\/blogsaverroes.juntadeandalucia.es\/moodlecentrosparaprofes\/nosotros\/\" class=\"more-link\">Continuar leyendo<span class=\"screen-reader-text\"> \u00ab\u00bfQui\u00e9nes somos?\u00bb<\/span><\/a><\/p>\n","protected":false},"author":6368,"featured_media":0,"parent":0,"menu_order":0,"comment_status":"closed","ping_status":"closed","template":"","meta":{"ngg_post_thumbnail":0,"footnotes":""},"aioseo_notices":[],"_links":{"self":[{"href":"https:\/\/blogsaverroes.juntadeandalucia.es\/moodlecentrosparaprofes\/wp-json\/wp\/v2\/pages\/281"}],"collection":[{"href":"https:\/\/blogsaverroes.juntadeandalucia.es\/moodlecentrosparaprofes\/wp-json\/wp\/v2\/pages"}],"about":[{"href":"https:\/\/blogsaverroes.juntadeandalucia.es\/moodlecentrosparaprofes\/wp-json\/wp\/v2\/types\/page"}],"author":[{"embeddable":true,"href":"https:\/\/blogsaverroes.juntadeandalucia.es\/moodlecentrosparaprofes\/wp-json\/wp\/v2\/users\/6368"}],"replies":[{"embeddable":true,"href":"https:\/\/blogsaverroes.juntadeandalucia.es\/moodlecentrosparaprofes\/wp-json\/wp\/v2\/comments?post=281"}],"version-history":[{"count":12,"href":"https:\/\/blogsaverroes.juntadeandalucia.es\/moodlecentrosparaprofes\/wp-json\/wp\/v2\/pages\/281\/revisions"}],"predecessor-version":[{"id":357,"href":"https:\/\/blogsaverroes.juntadeandalucia.es\/moodlecentrosparaprofes\/wp-json\/wp\/v2\/pages\/281\/revisions\/357"}],"wp:attachment":[{"href":"https:\/\/blogsaverroes.juntadeandalucia.es\/moodlecentrosparaprofes\/wp-json\/wp\/v2\/media?parent=281"}],"curies":[{"name":"wp","href":"https:\/\/api.w.org\/{rel}","templated":true}]}}