{"id":206,"date":"2020-02-12T08:09:58","date_gmt":"2020-02-12T07:09:58","guid":{"rendered":"http:\/\/blogsaverroes.juntadeandalucia.es\/pre\/nuevoceip2v2\/?page_id=206"},"modified":"2021-10-27T10:07:18","modified_gmt":"2021-10-27T09:07:18","slug":"novedades","status":"publish","type":"page","link":"https:\/\/blogsaverroes.juntadeandalucia.es\/morenoychacon\/novedades\/","title":{"rendered":"Novedades"},"content":{"rendered":"<div class=\"pt-cv-wrapper et_smooth_scroll_disabled\"><div class=\"pt-cv-view pt-cv-grid pt-cv-colsys\" id=\"pt-cv-view-6ff817bh92\"><div data-id=\"pt-cv-page-1\" class=\"pt-cv-page\" data-cvc=\"3\"><div class=\"col-md-4 col-sm-6 col-xs-12 pt-cv-content-item pt-cv-1-col\" ><div class='pt-cv-ifield'><a href=\"https:\/\/blogsaverroes.juntadeandalucia.es\/morenoychacon\/bilinguismo\/\" class=\"_self pt-cv-href-thumbnail pt-cv-thumb-default\" target=\"_self\" ><\/a>\n<h4 class=\"pt-cv-title\"><a href=\"https:\/\/blogsaverroes.juntadeandalucia.es\/morenoychacon\/bilinguismo\/\" class=\"_self\" target=\"_self\" >BILING\u00dcISMO<\/a><\/h4>\n<div class=\"pt-cv-content\">Colegio Biling\u00fce con auxiliar de conversaci\u00f3n ...<br \/><div class=\"pt-cv-rmwrap\"><a href=\"https:\/\/blogsaverroes.juntadeandalucia.es\/morenoychacon\/bilinguismo\/\" class=\"_self pt-cv-readmore btn btn-success\" target=\"_self\">Leer M\u00e1s<\/a><\/div><\/div><\/div><\/div>\n<div class=\"col-md-4 col-sm-6 col-xs-12 pt-cv-content-item pt-cv-1-col\" ><div class='pt-cv-ifield'><a href=\"https:\/\/blogsaverroes.juntadeandalucia.es\/morenoychacon\/construimosclasessilenciosas\/\" class=\"_self pt-cv-href-thumbnail pt-cv-thumb-default\" target=\"_self\" ><img loading=\"lazy\" decoding=\"async\" width=\"400\" height=\"250\" src=\"https:\/\/blogsaverroes.juntadeandalucia.es\/morenoychacon\/files\/2020\/01\/Lucy-y-Zacar\u00edas-1024x553-1-400x250.jpeg\" class=\"pt-cv-thumbnail\" alt=\"\" \/><\/a>\n<h4 class=\"pt-cv-title\"><a href=\"https:\/\/blogsaverroes.juntadeandalucia.es\/morenoychacon\/construimosclasessilenciosas\/\" class=\"_self\" target=\"_self\" >Construimos clases silenciosas<\/a><\/h4>\n<div class=\"pt-cv-content\">Construimos clases silenciosas gracias a las donaciones de pelotas de p\u00e1del que el club de ...<br \/><div class=\"pt-cv-rmwrap\"><a href=\"https:\/\/blogsaverroes.juntadeandalucia.es\/morenoychacon\/construimosclasessilenciosas\/\" class=\"_self pt-cv-readmore btn btn-success\" target=\"_self\">Leer M\u00e1s<\/a><\/div><\/div><\/div><\/div>\n<div class=\"col-md-4 col-sm-6 col-xs-12 pt-cv-content-item pt-cv-1-col\" ><div class='pt-cv-ifield'><a href=\"https:\/\/blogsaverroes.juntadeandalucia.es\/morenoychacon\/videodiadeandalucia\/\" class=\"_self pt-cv-href-thumbnail pt-cv-thumb-default\" target=\"_self\" ><img loading=\"lazy\" decoding=\"async\" width=\"400\" height=\"250\" src=\"https:\/\/blogsaverroes.juntadeandalucia.es\/morenoychacon\/files\/2020\/02\/20220606_230450-400x250.jpg\" class=\"pt-cv-thumbnail\" alt=\"\" \/><\/a>\n<h4 class=\"pt-cv-title\"><a href=\"https:\/\/blogsaverroes.juntadeandalucia.es\/morenoychacon\/videodiadeandalucia\/\" class=\"_self\" target=\"_self\" >CELEBRACI\u00d3N DEL D\u00cdA DE ANDALUC\u00cdA<\/a><\/h4>\n<div class=\"pt-cv-content\"> ...<br \/><div class=\"pt-cv-rmwrap\"><a href=\"https:\/\/blogsaverroes.juntadeandalucia.es\/morenoychacon\/videodiadeandalucia\/\" class=\"_self pt-cv-readmore btn btn-success\" target=\"_self\">Leer M\u00e1s<\/a><\/div><\/div><\/div><\/div>\n<div class=\"col-md-4 col-sm-6 col-xs-12 pt-cv-content-item pt-cv-1-col\" ><div class='pt-cv-ifield'><a href=\"https:\/\/blogsaverroes.juntadeandalucia.es\/morenoychacon\/excursiones\/\" class=\"_self pt-cv-href-thumbnail pt-cv-thumb-default\" target=\"_self\" ><img loading=\"lazy\" decoding=\"async\" width=\"400\" height=\"250\" src=\"https:\/\/blogsaverroes.juntadeandalucia.es\/morenoychacon\/files\/2020\/02\/20220606_224913-400x250.jpg\" class=\"pt-cv-thumbnail\" alt=\"\" \/><\/a>\n<h4 class=\"pt-cv-title\"><a href=\"https:\/\/blogsaverroes.juntadeandalucia.es\/morenoychacon\/excursiones\/\" class=\"_self\" target=\"_self\" >Excursiones fin de curso. (Pr\u00f3xima excursi\u00f3n del primer ciclo a la granja escuela Do\u00f1a Ana)<\/a><\/h4>\n<div class=\"pt-cv-content\">Excursiones de Fin de curso 2021\/2022 Los alumnos\/as del nivel 5 a\u00f1os disfrutaron de un ...<br \/><div class=\"pt-cv-rmwrap\"><a href=\"https:\/\/blogsaverroes.juntadeandalucia.es\/morenoychacon\/excursiones\/\" class=\"_self pt-cv-readmore btn btn-success\" target=\"_self\">Leer M\u00e1s<\/a><\/div><\/div><\/div><\/div>\n<div class=\"col-md-4 col-sm-6 col-xs-12 pt-cv-content-item pt-cv-1-col\" ><div class='pt-cv-ifield'><a href=\"https:\/\/blogsaverroes.juntadeandalucia.es\/morenoychacon\/reunion3anos\/\" class=\"_self pt-cv-href-thumbnail pt-cv-thumb-default\" target=\"_self\" ><img loading=\"lazy\" decoding=\"async\" width=\"400\" height=\"250\" src=\"https:\/\/blogsaverroes.juntadeandalucia.es\/morenoychacon\/files\/2020\/02\/DSC2622-400x250.jpg\" class=\"pt-cv-thumbnail\" alt=\"\" \/><\/a>\n<h4 class=\"pt-cv-title\"><a href=\"https:\/\/blogsaverroes.juntadeandalucia.es\/morenoychacon\/reunion3anos\/\" class=\"_self\" target=\"_self\" >Comienza el periodo de escolarizaci\u00f3n y admisi\u00f3n al centro del 1 al 31 de marzo, dirigido al alumnado nuevo de 3 a\u00f1os y alumnado que quiera cambiar de centro. Horario de secretar\u00eda de 9:30 a 11:30<\/a><\/h4>\n<div class=\"pt-cv-content\">curso 2023\/2024 ...<br \/><div class=\"pt-cv-rmwrap\"><a href=\"https:\/\/blogsaverroes.juntadeandalucia.es\/morenoychacon\/reunion3anos\/\" class=\"_self pt-cv-readmore btn btn-success\" target=\"_self\">Leer M\u00e1s<\/a><\/div><\/div><\/div><\/div>\n<div class=\"col-md-4 col-sm-6 col-xs-12 pt-cv-content-item pt-cv-1-col\" ><div class='pt-cv-ifield'><a href=\"https:\/\/blogsaverroes.juntadeandalucia.es\/morenoychacon\/morenoychacon\/\" class=\"_self pt-cv-href-thumbnail pt-cv-thumb-default\" target=\"_self\" ><img loading=\"lazy\" decoding=\"async\" width=\"400\" height=\"250\" src=\"https:\/\/blogsaverroes.juntadeandalucia.es\/morenoychacon\/files\/2020\/02\/online-3412473_1280-1024x682-1-400x250.jpg\" class=\"pt-cv-thumbnail\" alt=\"\" \/><\/a>\n<h4 class=\"pt-cv-title\"><a href=\"https:\/\/blogsaverroes.juntadeandalucia.es\/morenoychacon\/morenoychacon\/\" class=\"_self\" target=\"_self\" >(sin t\u00edtulo)<\/a><\/h4>\n<div class=\"pt-cv-content\">[et_pb_section fb_built=\"1\" _builder_version=\"3.22\" global_colors_info=\"{}\"][et_pb_row _builder_version=\"3.25\" background_size=\"initial\" background_position=\"top_left\" background_repeat=\"repeat\" global_colors_info=\"{}\"][et_pb_column type=\"4_4\" _builder_version=\"3.25\" custom_padding=\"|||\" global_colors_info=\"{}\" custom_padding__hover=\"|||\"][et_pb_text _builder_version=\"4.14.5\" ...<br \/><div class=\"pt-cv-rmwrap\"><a href=\"https:\/\/blogsaverroes.juntadeandalucia.es\/morenoychacon\/morenoychacon\/\" class=\"_self pt-cv-readmore btn btn-success\" target=\"_self\">Leer M\u00e1s<\/a><\/div><\/div><\/div><\/div><\/div><\/div><\/div>\n","protected":false},"excerpt":{"rendered":"","protected":false},"author":13774,"featured_media":0,"parent":0,"menu_order":0,"comment_status":"closed","ping_status":"closed","template":"","meta":{"_et_pb_use_builder":"","_et_pb_old_content":"","_et_gb_content_width":"","ngg_post_thumbnail":0,"footnotes":""},"aioseo_notices":[],"_links":{"self":[{"href":"https:\/\/blogsaverroes.juntadeandalucia.es\/morenoychacon\/wp-json\/wp\/v2\/pages\/206"}],"collection":[{"href":"https:\/\/blogsaverroes.juntadeandalucia.es\/morenoychacon\/wp-json\/wp\/v2\/pages"}],"about":[{"href":"https:\/\/blogsaverroes.juntadeandalucia.es\/morenoychacon\/wp-json\/wp\/v2\/types\/page"}],"author":[{"embeddable":true,"href":"https:\/\/blogsaverroes.juntadeandalucia.es\/morenoychacon\/wp-json\/wp\/v2\/users\/13774"}],"replies":[{"embeddable":true,"href":"https:\/\/blogsaverroes.juntadeandalucia.es\/morenoychacon\/wp-json\/wp\/v2\/comments?post=206"}],"version-history":[{"count":1,"href":"https:\/\/blogsaverroes.juntadeandalucia.es\/morenoychacon\/wp-json\/wp\/v2\/pages\/206\/revisions"}],"predecessor-version":[{"id":531,"href":"https:\/\/blogsaverroes.juntadeandalucia.es\/morenoychacon\/wp-json\/wp\/v2\/pages\/206\/revisions\/531"}],"wp:attachment":[{"href":"https:\/\/blogsaverroes.juntadeandalucia.es\/morenoychacon\/wp-json\/wp\/v2\/media?parent=206"}],"curies":[{"name":"wp","href":"https:\/\/api.w.org\/{rel}","templated":true}]}}