{"id":201,"date":"2019-11-08T20:35:06","date_gmt":"2019-11-08T19:35:06","guid":{"rendered":"https:\/\/blogsaverroes.juntadeandalucia.es\/moveyourworld\/?page_id=201"},"modified":"2020-04-12T20:03:51","modified_gmt":"2020-04-12T18:03:51","slug":"eportfolio","status":"publish","type":"page","link":"https:\/\/blogsaverroes.juntadeandalucia.es\/moveyourworld\/eportfolio\/","title":{"rendered":"Eportfolio"},"content":{"rendered":"<p><span style=\"font-family: courier new, courier, monospace;color: #333399\">El eportfolio o portfolio digital es una herramienta de registro de vuestras tareas durante el curso. <\/span><\/p>\n<p><span style=\"font-family: courier new, courier, monospace;color: #333399\">Para ello, os voy a enviar un eportfolio modelo que ten\u00e9is que descargar en vuestro drive, y con el que vais a trabajar en cada una de las unidades did\u00e1cticas que veamos.<\/span><\/p>\n<p><span style=\"font-family: courier new, courier, monospace;color: #333399\">La recopilaci\u00f3n de las tareas que se registren podr\u00e1n desarrollarse a trav\u00e9s de Podcast, Im\u00e1genes, V\u00eddeos, Presentaciones o cualquier otro formato digital que cada unidad precise.<\/span><\/p>\n","protected":false},"excerpt":{"rendered":"<p>El eportfolio o portfolio digital es una herramienta de registro de vuestras tareas durante el curso. Para ello, os voy a enviar un eportfolio modelo que ten\u00e9is que descargar en vuestro drive, y con el que vais a trabajar en cada una de las unidades did\u00e1cticas que veamos. La recopilaci\u00f3n de las tareas que se &hellip; <\/p>\n<p class=\"link-more\"><a href=\"https:\/\/blogsaverroes.juntadeandalucia.es\/moveyourworld\/eportfolio\/\" class=\"more-link\">Continuar leyendo<span class=\"screen-reader-text\"> \u00abEportfolio\u00bb<\/span><\/a><\/p>\n","protected":false},"author":7776,"featured_media":0,"parent":0,"menu_order":0,"comment_status":"closed","ping_status":"closed","template":"","meta":{"ngg_post_thumbnail":0,"footnotes":""},"aioseo_notices":[],"_links":{"self":[{"href":"https:\/\/blogsaverroes.juntadeandalucia.es\/moveyourworld\/wp-json\/wp\/v2\/pages\/201"}],"collection":[{"href":"https:\/\/blogsaverroes.juntadeandalucia.es\/moveyourworld\/wp-json\/wp\/v2\/pages"}],"about":[{"href":"https:\/\/blogsaverroes.juntadeandalucia.es\/moveyourworld\/wp-json\/wp\/v2\/types\/page"}],"author":[{"embeddable":true,"href":"https:\/\/blogsaverroes.juntadeandalucia.es\/moveyourworld\/wp-json\/wp\/v2\/users\/7776"}],"replies":[{"embeddable":true,"href":"https:\/\/blogsaverroes.juntadeandalucia.es\/moveyourworld\/wp-json\/wp\/v2\/comments?post=201"}],"version-history":[{"count":11,"href":"https:\/\/blogsaverroes.juntadeandalucia.es\/moveyourworld\/wp-json\/wp\/v2\/pages\/201\/revisions"}],"predecessor-version":[{"id":309,"href":"https:\/\/blogsaverroes.juntadeandalucia.es\/moveyourworld\/wp-json\/wp\/v2\/pages\/201\/revisions\/309"}],"wp:attachment":[{"href":"https:\/\/blogsaverroes.juntadeandalucia.es\/moveyourworld\/wp-json\/wp\/v2\/media?parent=201"}],"curies":[{"name":"wp","href":"https:\/\/api.w.org\/{rel}","templated":true}]}}