{"id":227,"date":"2019-11-08T22:40:36","date_gmt":"2019-11-08T21:40:36","guid":{"rendered":"https:\/\/blogsaverroes.juntadeandalucia.es\/moveyourworld\/?page_id=227"},"modified":"2020-06-21T17:33:43","modified_gmt":"2020-06-21T15:33:43","slug":"miiesolimpico","status":"publish","type":"page","link":"https:\/\/blogsaverroes.juntadeandalucia.es\/moveyourworld\/miiesolimpico\/","title":{"rendered":"#MiIESOl\u00edmpico"},"content":{"rendered":"<p><span style=\"font-family: terminal, monaco, monospace;color: #333399\">Este proyecto se llevar\u00e1 a cabo durante el segundo trimestre a trav\u00e9s de las Unidades de cada uno de los cursos de Secundaria.<br \/>\n<\/span><\/p>\n<p><span style=\"font-family: terminal, monaco, monospace;color: #333399\">Durante este proyecto, el alumno conocer\u00e1 distintas estrategias y habilidades f\u00edsico-deportivas y art\u00edstico-expresivas, que le permitir\u00e1n desarrollar una jornada Ol\u00edmpica en la que se lleve a cabo una ceremonia de apertura y de clausura, y los distintos deportes que participen.<br \/>\n<\/span><\/p>\n","protected":false},"excerpt":{"rendered":"<p>Este proyecto se llevar\u00e1 a cabo durante el segundo trimestre a trav\u00e9s de las Unidades de cada uno de los cursos de Secundaria. Durante este proyecto, el alumno conocer\u00e1 distintas estrategias y habilidades f\u00edsico-deportivas y art\u00edstico-expresivas, que le permitir\u00e1n desarrollar una jornada Ol\u00edmpica en la que se lleve a cabo una ceremonia de apertura y &hellip; <\/p>\n<p class=\"link-more\"><a href=\"https:\/\/blogsaverroes.juntadeandalucia.es\/moveyourworld\/miiesolimpico\/\" class=\"more-link\">Continuar leyendo<span class=\"screen-reader-text\"> \u00ab#MiIESOl\u00edmpico\u00bb<\/span><\/a><\/p>\n","protected":false},"author":7776,"featured_media":0,"parent":0,"menu_order":0,"comment_status":"closed","ping_status":"closed","template":"","meta":{"ngg_post_thumbnail":0,"footnotes":""},"aioseo_notices":[],"_links":{"self":[{"href":"https:\/\/blogsaverroes.juntadeandalucia.es\/moveyourworld\/wp-json\/wp\/v2\/pages\/227"}],"collection":[{"href":"https:\/\/blogsaverroes.juntadeandalucia.es\/moveyourworld\/wp-json\/wp\/v2\/pages"}],"about":[{"href":"https:\/\/blogsaverroes.juntadeandalucia.es\/moveyourworld\/wp-json\/wp\/v2\/types\/page"}],"author":[{"embeddable":true,"href":"https:\/\/blogsaverroes.juntadeandalucia.es\/moveyourworld\/wp-json\/wp\/v2\/users\/7776"}],"replies":[{"embeddable":true,"href":"https:\/\/blogsaverroes.juntadeandalucia.es\/moveyourworld\/wp-json\/wp\/v2\/comments?post=227"}],"version-history":[{"count":13,"href":"https:\/\/blogsaverroes.juntadeandalucia.es\/moveyourworld\/wp-json\/wp\/v2\/pages\/227\/revisions"}],"predecessor-version":[{"id":910,"href":"https:\/\/blogsaverroes.juntadeandalucia.es\/moveyourworld\/wp-json\/wp\/v2\/pages\/227\/revisions\/910"}],"wp:attachment":[{"href":"https:\/\/blogsaverroes.juntadeandalucia.es\/moveyourworld\/wp-json\/wp\/v2\/media?parent=227"}],"curies":[{"name":"wp","href":"https:\/\/api.w.org\/{rel}","templated":true}]}}