{"id":231,"date":"2019-11-08T22:40:36","date_gmt":"2019-11-08T21:40:36","guid":{"rendered":"https:\/\/blogsaverroes.juntadeandalucia.es\/moveyourworld\/?page_id=231"},"modified":"2020-06-10T12:13:52","modified_gmt":"2020-06-10T10:13:52","slug":"udi-7-rugby","status":"publish","type":"page","link":"https:\/\/blogsaverroes.juntadeandalucia.es\/moveyourworld\/udi-7-rugby\/","title":{"rendered":"UDI 7. Rugby"},"content":{"rendered":"<p><span style=\"font-family: courier new, courier, monospace\">\u00a1Buenas a todos y a todas! Comenzamos con una UDI de profundizaci\u00f3n t\u00e1ctica dedicada a los deportes colectivos de invasi\u00f3n a trav\u00e9s del <strong>Rugby<\/strong>.<\/span><\/p>\n<p><span style=\"font-family: courier new, courier, monospace\"><img loading=\"lazy\" decoding=\"async\" class=\" wp-image-866 aligncenter\" src=\"https:\/\/blogsaverroes.juntadeandalucia.es\/moveyourworld\/files\/2020\/06\/1.Rugby_-e1591697832410.jpg\" alt=\"\" width=\"330\" height=\"267\" srcset=\"https:\/\/blogsaverroes.juntadeandalucia.es\/moveyourworld\/files\/2020\/06\/1.Rugby_-e1591697832410.jpg 407w, https:\/\/blogsaverroes.juntadeandalucia.es\/moveyourworld\/files\/2020\/06\/1.Rugby_-e1591697832410-300x243.jpg 300w, https:\/\/blogsaverroes.juntadeandalucia.es\/moveyourworld\/files\/2020\/06\/1.Rugby_-e1591697832410-24x19.jpg 24w, https:\/\/blogsaverroes.juntadeandalucia.es\/moveyourworld\/files\/2020\/06\/1.Rugby_-e1591697832410-36x29.jpg 36w, https:\/\/blogsaverroes.juntadeandalucia.es\/moveyourworld\/files\/2020\/06\/1.Rugby_-e1591697832410-48x39.jpg 48w\" sizes=\"(max-width: 330px) 100vw, 330px\" \/><\/span><\/p>\n<p><span style=\"font-family: courier new, courier, monospace\">El Rugby es un deporte en crecimiento en nuestro pa\u00eds con unas caracter\u00edsticas muy especiales, asociado a una cultura de respeto al juego y al adversario desde un punto de m\u00e1xima competici\u00f3n, que garantiza el pensamiento cr\u00edtico del alumno con respecto a otros deportes.<\/span><\/p>\n<p><span style=\"font-family: courier new, courier, monospace\">La finalidad de esta Unidad ser\u00e1 la de desarrollar un entorno de aprendizaje t\u00e9cnico-t\u00e1ctico en el alumnado, otorgando una mayor responsabilidad en las decisiones de aprendizaje y solicitando un mayor an\u00e1lisis de las caracter\u00edsticas espec\u00edficas de este deporte y de sus compa\u00f1eros. <\/span><span style=\"font-family: courier new, courier, monospace\">En este sentido se pretende integrar el pensamiento t\u00e1ctico, tanto individual como de colectivo, a situaciones de ataque y defensa teniendo en cuenta la incertidumbre generada por el adversario. <\/span><span style=\"font-family: courier new, courier, monospace\">Para ello, ser\u00e1 imprescindible generar un proceso de construcci\u00f3n grupal, comprensivo y reflexivo de la pr\u00e1ctica.<\/span><\/p>\n<p><span style=\"font-family: courier new, courier, monospace\">Del mismo modo, otro de los objetivos fundamentales de esta Unidad ser\u00e1 el de involucrar al alumnado en un proceso de contrucci\u00f3n deportiva, donde sean ellos mismos quienes dise\u00f1en actividades con un sentido t\u00e9cnico que permitan el desarrollo de las habilidades motrices espec\u00edficas del rugby.<\/span><\/p>\n<p style=\"text-align: center\"><span style=\"font-family: courier new, courier, monospace\"><strong>Objetivos de aprendizaje<\/strong><\/span><\/p>\n<ul>\n<li><span style=\"font-family: courier new, courier, monospace\">Reconocer los aspectos t\u00e9cnicos, t\u00e1cticos y reglamentarios correspondientes a la pr\u00e1ctica del Rugby.<\/span><\/li>\n<li><span style=\"font-family: courier new, courier, monospace\">Desarrollar y dise\u00f1ar actividades dirigidas a mejorar aspectos t\u00e9cnicos y habilidades motrices espec\u00edficas de este deporte.<br \/>\n<\/span><\/li>\n<li><span style=\"font-family: courier new, courier, monospace\">Exponer conceptos clave que ayuden a la comprensi\u00f3n de aspectos t\u00e9cnicos y t\u00e1cticos del Rugby.<\/span><\/li>\n<li><span style=\"font-family: courier new, courier, monospace\">Participar activamente y con predisposici\u00f3n positiva, en este tipo de deportes desarrollando una actitud reflexiva de an\u00e1lisis del juego, atendiendo a las normas y a las consideraciones de juego limpio.<\/span><\/li>\n<li><span style=\"font-family: courier new, courier, monospace\">Dise\u00f1ar acciones t\u00e1cticas de ataque y defensa teniendo en cuenta la incertidumbre generada por el adversario, y realizar ajustes que garanticen los objetivos.<\/span><\/li>\n<\/ul>\n","protected":false},"excerpt":{"rendered":"<p>\u00a1Buenas a todos y a todas! Comenzamos con una UDI de profundizaci\u00f3n t\u00e1ctica dedicada a los deportes colectivos de invasi\u00f3n a trav\u00e9s del Rugby. El Rugby es un deporte en crecimiento en nuestro pa\u00eds con unas caracter\u00edsticas muy especiales, asociado a una cultura de respeto al juego y al adversario desde un punto de m\u00e1xima &hellip; <\/p>\n<p class=\"link-more\"><a href=\"https:\/\/blogsaverroes.juntadeandalucia.es\/moveyourworld\/udi-7-rugby\/\" class=\"more-link\">Continuar leyendo<span class=\"screen-reader-text\"> \u00abUDI 7. Rugby\u00bb<\/span><\/a><\/p>\n","protected":false},"author":7776,"featured_media":0,"parent":0,"menu_order":0,"comment_status":"closed","ping_status":"closed","template":"","meta":{"ngg_post_thumbnail":0,"footnotes":""},"aioseo_notices":[],"_links":{"self":[{"href":"https:\/\/blogsaverroes.juntadeandalucia.es\/moveyourworld\/wp-json\/wp\/v2\/pages\/231"}],"collection":[{"href":"https:\/\/blogsaverroes.juntadeandalucia.es\/moveyourworld\/wp-json\/wp\/v2\/pages"}],"about":[{"href":"https:\/\/blogsaverroes.juntadeandalucia.es\/moveyourworld\/wp-json\/wp\/v2\/types\/page"}],"author":[{"embeddable":true,"href":"https:\/\/blogsaverroes.juntadeandalucia.es\/moveyourworld\/wp-json\/wp\/v2\/users\/7776"}],"replies":[{"embeddable":true,"href":"https:\/\/blogsaverroes.juntadeandalucia.es\/moveyourworld\/wp-json\/wp\/v2\/comments?post=231"}],"version-history":[{"count":16,"href":"https:\/\/blogsaverroes.juntadeandalucia.es\/moveyourworld\/wp-json\/wp\/v2\/pages\/231\/revisions"}],"predecessor-version":[{"id":875,"href":"https:\/\/blogsaverroes.juntadeandalucia.es\/moveyourworld\/wp-json\/wp\/v2\/pages\/231\/revisions\/875"}],"wp:attachment":[{"href":"https:\/\/blogsaverroes.juntadeandalucia.es\/moveyourworld\/wp-json\/wp\/v2\/media?parent=231"}],"curies":[{"name":"wp","href":"https:\/\/api.w.org\/{rel}","templated":true}]}}