{"id":233,"date":"2019-11-08T22:40:36","date_gmt":"2019-11-08T21:40:36","guid":{"rendered":"https:\/\/blogsaverroes.juntadeandalucia.es\/moveyourworld\/?page_id=233"},"modified":"2020-06-21T17:31:45","modified_gmt":"2020-06-21T15:31:45","slug":"citynaturechallenge-2","status":"publish","type":"page","link":"https:\/\/blogsaverroes.juntadeandalucia.es\/moveyourworld\/citynaturechallenge-2\/","title":{"rendered":"#CityNatureChallenge"},"content":{"rendered":"<p><span style=\"font-family: terminal, monaco, monospace;color: #333399\">Este proyecto se llevar\u00e1 a cabo durante el tercer trimestre a trav\u00e9s de las Unidades de cada uno de los cursos de Secundaria.<\/span><\/p>\n<p><span style=\"font-family: terminal, monaco, monospace;color: #333399\">Durante este proyecto se llevar\u00e1 a cabo un aprendizaje Servicio elegido por los alumnos, de actualidad, y cercano a su entorno, a trav\u00e9s de una jornada de actividades dirigida a las familias, que engloben aprendizajes que permitan al alumno el desarrollo de habilidades de trabajo en equipo, cooperaci\u00f3n, desinhibici\u00f3n, y seguridad en el entorno, dirigidas a concienciar en el cuidado del medio ambiente.<br \/>\n<\/span><\/p>\n","protected":false},"excerpt":{"rendered":"<p>Este proyecto se llevar\u00e1 a cabo durante el tercer trimestre a trav\u00e9s de las Unidades de cada uno de los cursos de Secundaria. Durante este proyecto se llevar\u00e1 a cabo un aprendizaje Servicio elegido por los alumnos, de actualidad, y cercano a su entorno, a trav\u00e9s de una jornada de actividades dirigida a las familias, &hellip; <\/p>\n<p class=\"link-more\"><a href=\"https:\/\/blogsaverroes.juntadeandalucia.es\/moveyourworld\/citynaturechallenge-2\/\" class=\"more-link\">Continuar leyendo<span class=\"screen-reader-text\"> \u00ab#CityNatureChallenge\u00bb<\/span><\/a><\/p>\n","protected":false},"author":7776,"featured_media":0,"parent":0,"menu_order":0,"comment_status":"closed","ping_status":"closed","template":"","meta":{"ngg_post_thumbnail":0,"footnotes":""},"aioseo_notices":[],"_links":{"self":[{"href":"https:\/\/blogsaverroes.juntadeandalucia.es\/moveyourworld\/wp-json\/wp\/v2\/pages\/233"}],"collection":[{"href":"https:\/\/blogsaverroes.juntadeandalucia.es\/moveyourworld\/wp-json\/wp\/v2\/pages"}],"about":[{"href":"https:\/\/blogsaverroes.juntadeandalucia.es\/moveyourworld\/wp-json\/wp\/v2\/types\/page"}],"author":[{"embeddable":true,"href":"https:\/\/blogsaverroes.juntadeandalucia.es\/moveyourworld\/wp-json\/wp\/v2\/users\/7776"}],"replies":[{"embeddable":true,"href":"https:\/\/blogsaverroes.juntadeandalucia.es\/moveyourworld\/wp-json\/wp\/v2\/comments?post=233"}],"version-history":[{"count":14,"href":"https:\/\/blogsaverroes.juntadeandalucia.es\/moveyourworld\/wp-json\/wp\/v2\/pages\/233\/revisions"}],"predecessor-version":[{"id":909,"href":"https:\/\/blogsaverroes.juntadeandalucia.es\/moveyourworld\/wp-json\/wp\/v2\/pages\/233\/revisions\/909"}],"wp:attachment":[{"href":"https:\/\/blogsaverroes.juntadeandalucia.es\/moveyourworld\/wp-json\/wp\/v2\/media?parent=233"}],"curies":[{"name":"wp","href":"https:\/\/api.w.org\/{rel}","templated":true}]}}