{"id":241,"date":"2019-11-08T22:40:37","date_gmt":"2019-11-08T21:40:37","guid":{"rendered":"https:\/\/blogsaverroes.juntadeandalucia.es\/moveyourworld\/?page_id=241"},"modified":"2020-06-10T11:28:46","modified_gmt":"2020-06-10T09:28:46","slug":"elevator-pitch","status":"publish","type":"page","link":"https:\/\/blogsaverroes.juntadeandalucia.es\/moveyourworld\/elevator-pitch\/","title":{"rendered":"Elevator Pitch"},"content":{"rendered":"<p style=\"text-align: center\"><strong><span style=\"font-family: courier new, courier, monospace\">\u00bfQu\u00e9 es un Elevator Pitch?<\/span><\/strong><\/p>\n<p style=\"text-align: left\"><span style=\"font-family: courier new, courier, monospace\">Es un discurso donde tienes que tratar de condensar lo m\u00e1s relevante sobre una tem\u00e1tica relacionada con la actividad f\u00edsica o el deporte, en un m\u00e1ximo de 2 minutos (lo que durar\u00eda un trayecto en un ascensor, de ah\u00ed su nombre \u201cdiscurso del ascensor\u201d).<\/span><\/p>\n<p style=\"text-align: center\"><span style=\"font-family: courier new, courier, monospace\"><strong>INSTRUCCIONES<\/strong><\/span><\/p>\n<p style=\"text-align: center\">[googleapps domain=\u00bbdrive\u00bb dir=\u00bbfile\/d\/15_VKdf7is88-9sT52834vtl-q8XiFJPO\/preview\u00bb query=\u00bb\u00bb width=\u00bb640&#8243; height=\u00bb480&#8243; \/]&nbsp;<\/p>\n<p style=\"text-align: center\"><span style=\"font-family: courier new, courier, monospace\"><strong>LISTADO DE TEMAS<\/strong> <\/span><\/p>\n<p style=\"text-align: center\"><em><span style=\"font-family: courier new, courier, monospace\">Recuerda que puedes proponer tus propios temas <\/span><\/em><em><span style=\"font-family: courier new, courier, monospace\">sobre deportistas, pruebas o eventos deportivos, hechos hist\u00f3ricos relacionados con el deporte, o cualquier aspecto relacionado con la actividad f\u00edsica y la salud. <\/span><\/em><\/p>\n<p style=\"text-align: center\"><em><span style=\"font-family: courier new, courier, monospace\">Adem\u00e1s, en algunas de las Unidades te propongo algunos temas sobre los que investigar en el apartado de Cultura Deportiva. <\/span><\/em><\/p>\n<p style=\"text-align: center\"><em><span style=\"font-family: courier new, courier, monospace\">Aqu\u00ed te dejo algunos temas extra sobre los que podr\u00edas hablar:<br \/>\n<\/span><\/em><\/p>\n<p style=\"text-align: center\">[googleapps domain=\u00bbdrive\u00bb dir=\u00bbfile\/d\/1idsg4LXjDaj3kOXRTUe2pHjs08hDfn_e\/preview\u00bb query=\u00bb\u00bb width=\u00bb640&#8243; height=\u00bb480&#8243; \/]&nbsp;<\/p>\n<p>[googleapps domain=\u00bbdrive\u00bb dir=\u00bbfile\/d\/11qOCKrpWkcwrdr4hDTjyFrZn91lKaD9t\/preview\u00bb query=\u00bb\u00bb width=\u00bb640&#8243; height=\u00bb480&#8243; \/]<\/p>\n<p style=\"text-align: center\">[googleapps domain=\u00bbdrive\u00bb dir=\u00bbfile\/d\/1dONGAkrsjbY4wxr2xBogV5V6XrNLlnTq\/preview\u00bb query=\u00bb\u00bb width=\u00bb640&#8243; height=\u00bb480&#8243; \/]&nbsp;<\/p>\n","protected":false},"excerpt":{"rendered":"<p>\u00bfQu\u00e9 es un Elevator Pitch? Es un discurso donde tienes que tratar de condensar lo m\u00e1s relevante sobre una tem\u00e1tica relacionada con la actividad f\u00edsica o el deporte, en un m\u00e1ximo de 2 minutos (lo que durar\u00eda un trayecto en un ascensor, de ah\u00ed su nombre \u201cdiscurso del ascensor\u201d). INSTRUCCIONES [googleapps domain=\u00bbdrive\u00bb dir=\u00bbfile\/d\/15_VKdf7is88-9sT52834vtl-q8XiFJPO\/preview\u00bb query=\u00bb\u00bb width=\u00bb640&#8243; &hellip; <\/p>\n<p class=\"link-more\"><a href=\"https:\/\/blogsaverroes.juntadeandalucia.es\/moveyourworld\/elevator-pitch\/\" class=\"more-link\">Continuar leyendo<span class=\"screen-reader-text\"> \u00abElevator Pitch\u00bb<\/span><\/a><\/p>\n","protected":false},"author":7776,"featured_media":0,"parent":0,"menu_order":0,"comment_status":"closed","ping_status":"closed","template":"","meta":{"ngg_post_thumbnail":0,"footnotes":""},"aioseo_notices":[],"_links":{"self":[{"href":"https:\/\/blogsaverroes.juntadeandalucia.es\/moveyourworld\/wp-json\/wp\/v2\/pages\/241"}],"collection":[{"href":"https:\/\/blogsaverroes.juntadeandalucia.es\/moveyourworld\/wp-json\/wp\/v2\/pages"}],"about":[{"href":"https:\/\/blogsaverroes.juntadeandalucia.es\/moveyourworld\/wp-json\/wp\/v2\/types\/page"}],"author":[{"embeddable":true,"href":"https:\/\/blogsaverroes.juntadeandalucia.es\/moveyourworld\/wp-json\/wp\/v2\/users\/7776"}],"replies":[{"embeddable":true,"href":"https:\/\/blogsaverroes.juntadeandalucia.es\/moveyourworld\/wp-json\/wp\/v2\/comments?post=241"}],"version-history":[{"count":12,"href":"https:\/\/blogsaverroes.juntadeandalucia.es\/moveyourworld\/wp-json\/wp\/v2\/pages\/241\/revisions"}],"predecessor-version":[{"id":872,"href":"https:\/\/blogsaverroes.juntadeandalucia.es\/moveyourworld\/wp-json\/wp\/v2\/pages\/241\/revisions\/872"}],"wp:attachment":[{"href":"https:\/\/blogsaverroes.juntadeandalucia.es\/moveyourworld\/wp-json\/wp\/v2\/media?parent=241"}],"curies":[{"name":"wp","href":"https:\/\/api.w.org\/{rel}","templated":true}]}}