{"id":243,"date":"2019-11-08T22:40:37","date_gmt":"2019-11-08T21:40:37","guid":{"rendered":"https:\/\/blogsaverroes.juntadeandalucia.es\/moveyourworld\/?page_id=243"},"modified":"2020-06-21T17:37:45","modified_gmt":"2020-06-21T15:37:45","slug":"motor-challenge","status":"publish","type":"page","link":"https:\/\/blogsaverroes.juntadeandalucia.es\/moveyourworld\/motor-challenge\/","title":{"rendered":"Motor Challenge"},"content":{"rendered":"<p style=\"text-align: center\"><span style=\"color: #800000;font-family: courier new, courier, monospace\"><strong>PON A PRUEBA TUS CAPACIDADES<\/strong><\/span><\/p>\n<p><span style=\"font-family: courier new, courier, monospace\">Durante el curso se plantear\u00e1n 10 retos relativos a los aprendizajes que vayamos desarrollando.<\/span><\/p>\n<p><span style=\"font-family: courier new, courier, monospace\">Incluye una prueba documental en formato v\u00eddeo en la presentaci\u00f3n de Motor Challenge Week. Para ello descarga una copia en tu drive.<\/span><\/p>\n","protected":false},"excerpt":{"rendered":"<p>PON A PRUEBA TUS CAPACIDADES Durante el curso se plantear\u00e1n 10 retos relativos a los aprendizajes que vayamos desarrollando. Incluye una prueba documental en formato v\u00eddeo en la presentaci\u00f3n de Motor Challenge Week. Para ello descarga una copia en tu drive.<\/p>\n","protected":false},"author":7776,"featured_media":0,"parent":0,"menu_order":0,"comment_status":"closed","ping_status":"closed","template":"","meta":{"ngg_post_thumbnail":0,"footnotes":""},"aioseo_notices":[],"_links":{"self":[{"href":"https:\/\/blogsaverroes.juntadeandalucia.es\/moveyourworld\/wp-json\/wp\/v2\/pages\/243"}],"collection":[{"href":"https:\/\/blogsaverroes.juntadeandalucia.es\/moveyourworld\/wp-json\/wp\/v2\/pages"}],"about":[{"href":"https:\/\/blogsaverroes.juntadeandalucia.es\/moveyourworld\/wp-json\/wp\/v2\/types\/page"}],"author":[{"embeddable":true,"href":"https:\/\/blogsaverroes.juntadeandalucia.es\/moveyourworld\/wp-json\/wp\/v2\/users\/7776"}],"replies":[{"embeddable":true,"href":"https:\/\/blogsaverroes.juntadeandalucia.es\/moveyourworld\/wp-json\/wp\/v2\/comments?post=243"}],"version-history":[{"count":12,"href":"https:\/\/blogsaverroes.juntadeandalucia.es\/moveyourworld\/wp-json\/wp\/v2\/pages\/243\/revisions"}],"predecessor-version":[{"id":913,"href":"https:\/\/blogsaverroes.juntadeandalucia.es\/moveyourworld\/wp-json\/wp\/v2\/pages\/243\/revisions\/913"}],"wp:attachment":[{"href":"https:\/\/blogsaverroes.juntadeandalucia.es\/moveyourworld\/wp-json\/wp\/v2\/media?parent=243"}],"curies":[{"name":"wp","href":"https:\/\/api.w.org\/{rel}","templated":true}]}}