{"id":370,"date":"2019-11-26T22:19:15","date_gmt":"2019-11-26T21:19:15","guid":{"rendered":"https:\/\/blogsaverroes.juntadeandalucia.es\/moveyourworld\/?page_id=370"},"modified":"2019-11-26T22:21:00","modified_gmt":"2019-11-26T21:21:00","slug":"intercentro","status":"publish","type":"page","link":"https:\/\/blogsaverroes.juntadeandalucia.es\/moveyourworld\/intercentro\/","title":{"rendered":"Intercentro"},"content":{"rendered":"<p>Proyecto de colaboraci\u00f3n entre centros para el desarrollo de actividades con el objetivo de potenciar los aprendizajes y su enfoque competencial.<\/p>\n<p>El centro con el que se colaborar\u00e1 ser\u00e1 el I.E.S. Santiago Santana D\u00edaz, de la localidad de Arucas, Gran Canaria.<\/p>\n<p><img loading=\"lazy\" decoding=\"async\" class=\"aligncenter wp-image-371 size-large\" src=\"https:\/\/blogsaverroes.juntadeandalucia.es\/moveyourworld\/files\/2019\/11\/gran-canaria-1684744_1920-1024x683.jpg\" alt=\"\" width=\"525\" height=\"350\" srcset=\"https:\/\/blogsaverroes.juntadeandalucia.es\/moveyourworld\/files\/2019\/11\/gran-canaria-1684744_1920-1024x683.jpg 1024w, https:\/\/blogsaverroes.juntadeandalucia.es\/moveyourworld\/files\/2019\/11\/gran-canaria-1684744_1920-300x200.jpg 300w, https:\/\/blogsaverroes.juntadeandalucia.es\/moveyourworld\/files\/2019\/11\/gran-canaria-1684744_1920-768x512.jpg 768w, https:\/\/blogsaverroes.juntadeandalucia.es\/moveyourworld\/files\/2019\/11\/gran-canaria-1684744_1920-24x16.jpg 24w, https:\/\/blogsaverroes.juntadeandalucia.es\/moveyourworld\/files\/2019\/11\/gran-canaria-1684744_1920-36x24.jpg 36w, https:\/\/blogsaverroes.juntadeandalucia.es\/moveyourworld\/files\/2019\/11\/gran-canaria-1684744_1920-48x32.jpg 48w, https:\/\/blogsaverroes.juntadeandalucia.es\/moveyourworld\/files\/2019\/11\/gran-canaria-1684744_1920.jpg 1920w\" sizes=\"(max-width: 525px) 100vw, 525px\" \/><\/p>\n","protected":false},"excerpt":{"rendered":"<p>Proyecto de colaboraci\u00f3n entre centros para el desarrollo de actividades con el objetivo de potenciar los aprendizajes y su enfoque competencial. El centro con el que se colaborar\u00e1 ser\u00e1 el I.E.S. Santiago Santana D\u00edaz, de la localidad de Arucas, Gran Canaria.<\/p>\n","protected":false},"author":7776,"featured_media":0,"parent":0,"menu_order":0,"comment_status":"closed","ping_status":"closed","template":"","meta":{"ngg_post_thumbnail":0,"footnotes":""},"aioseo_notices":[],"_links":{"self":[{"href":"https:\/\/blogsaverroes.juntadeandalucia.es\/moveyourworld\/wp-json\/wp\/v2\/pages\/370"}],"collection":[{"href":"https:\/\/blogsaverroes.juntadeandalucia.es\/moveyourworld\/wp-json\/wp\/v2\/pages"}],"about":[{"href":"https:\/\/blogsaverroes.juntadeandalucia.es\/moveyourworld\/wp-json\/wp\/v2\/types\/page"}],"author":[{"embeddable":true,"href":"https:\/\/blogsaverroes.juntadeandalucia.es\/moveyourworld\/wp-json\/wp\/v2\/users\/7776"}],"replies":[{"embeddable":true,"href":"https:\/\/blogsaverroes.juntadeandalucia.es\/moveyourworld\/wp-json\/wp\/v2\/comments?post=370"}],"version-history":[{"count":2,"href":"https:\/\/blogsaverroes.juntadeandalucia.es\/moveyourworld\/wp-json\/wp\/v2\/pages\/370\/revisions"}],"predecessor-version":[{"id":375,"href":"https:\/\/blogsaverroes.juntadeandalucia.es\/moveyourworld\/wp-json\/wp\/v2\/pages\/370\/revisions\/375"}],"wp:attachment":[{"href":"https:\/\/blogsaverroes.juntadeandalucia.es\/moveyourworld\/wp-json\/wp\/v2\/media?parent=370"}],"curies":[{"name":"wp","href":"https:\/\/api.w.org\/{rel}","templated":true}]}}