{"id":543,"date":"2020-04-08T16:35:31","date_gmt":"2020-04-08T14:35:31","guid":{"rendered":"https:\/\/blogsaverroes.juntadeandalucia.es\/moveyourworld\/?page_id=543"},"modified":"2020-08-26T10:25:57","modified_gmt":"2020-08-26T08:25:57","slug":"evaluacion-curso","status":"publish","type":"page","link":"https:\/\/blogsaverroes.juntadeandalucia.es\/moveyourworld\/evaluacion-curso\/","title":{"rendered":"Evaluaci\u00f3n Curso"},"content":{"rendered":"<p><span style=\"font-family: courier new, courier, monospace\"><strong>SECUNDARIA<\/strong>: Descarga la siguiente <a href=\"https:\/\/docs.google.com\/spreadsheets\/d\/1HjoeYCKWemdC3RuPO_HzEVgDXlfedk5G_Ane6E7tFAo\/copy\">hoja de c\u00e1lculo<\/a> en tu drive y ve completando tus notas, de ese modo podr\u00e1s conocer de manera aproximada c\u00f3mo vas durante el curso y cu\u00e1les son tus resultados.<\/span><\/p>\n<p><span style=\"font-family: courier new, courier, monospace\">BACHILLERATO: Descarga la siguiente <a href=\"https:\/\/docs.google.com\/spreadsheets\/d\/1Nrpaxxnf1DatOluF6f4jnZ_Z-4_r65sE3qhW8PGbk1k\/copy\">hoja de c\u00e1lculo<\/a>.<br \/>\n<\/span><\/p>\n<p style=\"text-align: center\"><span style=\"font-family: courier new, courier, monospace\"><strong>Recuperaci\u00f3n de Unidades<\/strong> <\/span><\/p>\n<p><span style=\"font-family: courier new, courier, monospace\">Recordad que tendr\u00e9is la posibilidad de superar cada criterio de evaluaci\u00f3n a lo largo de las distintas unidades en distintos momentos:<\/span><\/p>\n<ul style=\"list-style-type: square\">\n<li><span style=\"font-family: courier new, courier, monospace\">Durante el desarrollo de la misma <\/span><\/li>\n<li><span style=\"font-family: courier new, courier, monospace\">Con la revisi\u00f3n de la tarea final en el eportfolio, haciendo las modificaciones que se indican. Tras la revisi\u00f3n de cada tarea final subida al eportfolio, recibir\u00e9is un feedback y en su caso, un <em><strong>Plan de Recuperaci\u00f3n de Aprendizajes No Adquiridos<\/strong><\/em> con las indicaciones para que pod\u00e1is superar la Unidad.<br \/>\n<\/span><\/li>\n<\/ul>\n<p style=\"text-align: center\"><span style=\"font-family: courier new, courier, monospace\"><strong>Septiembre<br \/>\n<\/strong><\/span><\/p>\n<p><span style=\"font-family: courier new, courier, monospace\">En caso de no haber superado alguno de los criterios de evaluaci\u00f3n del curso, en septiembre desarrollar\u00e1n las siguientes pruebas relativas a cada criterio pendiente:<\/span><\/p>\n<ul style=\"list-style-type: square\">\n<li><span style=\"font-family: courier new, courier, monospace\">Plan de Recuperaci\u00f3n de Criterios no superados de Septiembre<\/span><\/li>\n<\/ul>\n<p style=\"text-align: center\"><span style=\"font-family: courier new, courier, monospace\"><strong>Asignatura pendiente<\/strong> <\/span><\/p>\n<p><span style=\"font-family: courier new, courier, monospace\">Para superar la asignatura pendiente, se debe: <\/span><\/p>\n<ul style=\"list-style-type: square\">\n<li><span style=\"font-family: courier new, courier, monospace\">Mostrar un nivel de conocimientos previos adecuado en cada uno de los criterios de evaluaci\u00f3n relativos a las distintas Unidades de los dos primeros trimestres, y en su defecto, superar dichos criterios mostrando capacidad de esfuerzo e inter\u00e9s por superarlos.<\/span><span style=\"font-family: courier new, courier, monospace\"><br \/>\n<\/span><\/li>\n<li><span style=\"font-family: courier new, courier, monospace\">Acreditar, al menos, dos actividades vinculadas a E.V.A. del curso cada trimestre.<br \/>\n<\/span><\/li>\n<\/ul>\n","protected":false},"excerpt":{"rendered":"<p>SECUNDARIA: Descarga la siguiente hoja de c\u00e1lculo en tu drive y ve completando tus notas, de ese modo podr\u00e1s conocer de manera aproximada c\u00f3mo vas durante el curso y cu\u00e1les son tus resultados. BACHILLERATO: Descarga la siguiente hoja de c\u00e1lculo. Recuperaci\u00f3n de Unidades Recordad que tendr\u00e9is la posibilidad de superar cada criterio de evaluaci\u00f3n a &hellip; <\/p>\n<p class=\"link-more\"><a href=\"https:\/\/blogsaverroes.juntadeandalucia.es\/moveyourworld\/evaluacion-curso\/\" class=\"more-link\">Continuar leyendo<span class=\"screen-reader-text\"> \u00abEvaluaci\u00f3n Curso\u00bb<\/span><\/a><\/p>\n","protected":false},"author":7776,"featured_media":0,"parent":0,"menu_order":0,"comment_status":"closed","ping_status":"closed","template":"","meta":{"ngg_post_thumbnail":0,"footnotes":""},"aioseo_notices":[],"_links":{"self":[{"href":"https:\/\/blogsaverroes.juntadeandalucia.es\/moveyourworld\/wp-json\/wp\/v2\/pages\/543"}],"collection":[{"href":"https:\/\/blogsaverroes.juntadeandalucia.es\/moveyourworld\/wp-json\/wp\/v2\/pages"}],"about":[{"href":"https:\/\/blogsaverroes.juntadeandalucia.es\/moveyourworld\/wp-json\/wp\/v2\/types\/page"}],"author":[{"embeddable":true,"href":"https:\/\/blogsaverroes.juntadeandalucia.es\/moveyourworld\/wp-json\/wp\/v2\/users\/7776"}],"replies":[{"embeddable":true,"href":"https:\/\/blogsaverroes.juntadeandalucia.es\/moveyourworld\/wp-json\/wp\/v2\/comments?post=543"}],"version-history":[{"count":9,"href":"https:\/\/blogsaverroes.juntadeandalucia.es\/moveyourworld\/wp-json\/wp\/v2\/pages\/543\/revisions"}],"predecessor-version":[{"id":585,"href":"https:\/\/blogsaverroes.juntadeandalucia.es\/moveyourworld\/wp-json\/wp\/v2\/pages\/543\/revisions\/585"}],"wp:attachment":[{"href":"https:\/\/blogsaverroes.juntadeandalucia.es\/moveyourworld\/wp-json\/wp\/v2\/media?parent=543"}],"curies":[{"name":"wp","href":"https:\/\/api.w.org\/{rel}","templated":true}]}}