{"id":570,"date":"2020-04-09T17:09:29","date_gmt":"2020-04-09T15:09:29","guid":{"rendered":"https:\/\/blogsaverroes.juntadeandalucia.es\/moveyourworld\/?page_id=570"},"modified":"2020-04-09T18:14:55","modified_gmt":"2020-04-09T16:14:55","slug":"bateria-alpha","status":"publish","type":"page","link":"https:\/\/blogsaverroes.juntadeandalucia.es\/moveyourworld\/bateria-alpha\/","title":{"rendered":"Bater\u00eda Alpha"},"content":{"rendered":"<p style=\"text-align: center\"><strong><span style=\"font-family: courier new, courier, monospace\"><a href=\"https:\/\/drive.google.com\/open?id=13oKEPQlmEfROSx7bti3007i3yPbeswgU\">Bater\u00eda Alpha-Fitness<\/a><\/span>&nbsp; <\/strong><span style=\"font-family: courier new, courier, monospace\"><strong>basada en la evidencia<\/strong> <\/span><\/p>\n<p><span style=\"font-family: courier new, courier, monospace\">Esta versi\u00f3n de la bater\u00eda incluye peso y estatura (IMC), per\u00edmetro de la cintura, pliegues cut\u00e1neos (tr\u00edceps y sub-escapular), fuerza de prensi\u00f3n manual, salto en longitud a pies juntos, y test de 20 m de ida y vuelta. Todas estas medidas han mostrado una estrecha relaci\u00f3n con el estado de salud actual y futuro de los ni\u00f1os\/a y adolescentes.<\/span><\/p>\n<p><em><span style=\"font-family: courier new, courier, monospace\"><a href=\"https:\/\/drive.google.com\/open?id=1QfnQ614OtwKZPWJ-AgpEpgV3IpaS_uYr\">Planilla de anotaci\u00f3n<\/a><\/span><\/em><\/p>\n<p style=\"text-align: center\"><span style=\"font-family: courier new, courier, monospace\">Instrucciones:<br \/>\n<\/span><\/p>\n<p>[googleapps domain=\u00bbdrive\u00bb dir=\u00bbfile\/d\/177YCVM7NNpkHXz0erjSh9fZgmEGy1UIN\/preview\u00bb query=\u00bb\u00bb width=\u00bb640&#8243; height=\u00bb480&#8243; \/]<\/p>\n<p style=\"text-align: center\"><span style=\"font-family: courier new, courier, monospace\">Valoraci\u00f3n de Resultados:<br \/>\n<\/span><\/p>\n<p>[googleapps domain=\u00bbdrive\u00bb dir=\u00bbfile\/d\/1FlZ0kWtFbfyzOSjojs_wrC-8i37T_5YO\/preview\u00bb query=\u00bb\u00bb width=\u00bb640&#8243; height=\u00bb480&#8243; \/]&nbsp;<\/p>\n<p style=\"text-align: right\"><a href=\"https:\/\/carlosminguez.com\/14-2\/\"><em>Podcast \u00abNo es gimnasia\u00bb de Carlos M\u00ednguez con Jonatan Ruiz, sobre la importancia de la bater\u00eda Alpha y la enorme evidencia cient\u00edfica de sus resultados con la salud del alumnado. Contiene enlaces de inter\u00e9s.<\/em><\/a><\/p>\n<p>[googleapps domain=\u00bbdrive\u00bb dir=\u00bbfile\/d\/1zAaGc47-_t29AkkEQRcKrAU89MITwDIt\/preview\u00bb query=\u00bb\u00bb width=\u00bb640&#8243; height=\u00bb480&#8243; \/]&nbsp;<\/p>\n","protected":false},"excerpt":{"rendered":"<p>Bater\u00eda Alpha-Fitness&nbsp; basada en la evidencia Esta versi\u00f3n de la bater\u00eda incluye peso y estatura (IMC), per\u00edmetro de la cintura, pliegues cut\u00e1neos (tr\u00edceps y sub-escapular), fuerza de prensi\u00f3n manual, salto en longitud a pies juntos, y test de 20 m de ida y vuelta. Todas estas medidas han mostrado una estrecha relaci\u00f3n con el estado &hellip; <\/p>\n<p class=\"link-more\"><a href=\"https:\/\/blogsaverroes.juntadeandalucia.es\/moveyourworld\/bateria-alpha\/\" class=\"more-link\">Continuar leyendo<span class=\"screen-reader-text\"> \u00abBater\u00eda Alpha\u00bb<\/span><\/a><\/p>\n","protected":false},"author":7776,"featured_media":0,"parent":0,"menu_order":0,"comment_status":"closed","ping_status":"closed","template":"","meta":{"ngg_post_thumbnail":0,"footnotes":""},"aioseo_notices":[],"_links":{"self":[{"href":"https:\/\/blogsaverroes.juntadeandalucia.es\/moveyourworld\/wp-json\/wp\/v2\/pages\/570"}],"collection":[{"href":"https:\/\/blogsaverroes.juntadeandalucia.es\/moveyourworld\/wp-json\/wp\/v2\/pages"}],"about":[{"href":"https:\/\/blogsaverroes.juntadeandalucia.es\/moveyourworld\/wp-json\/wp\/v2\/types\/page"}],"author":[{"embeddable":true,"href":"https:\/\/blogsaverroes.juntadeandalucia.es\/moveyourworld\/wp-json\/wp\/v2\/users\/7776"}],"replies":[{"embeddable":true,"href":"https:\/\/blogsaverroes.juntadeandalucia.es\/moveyourworld\/wp-json\/wp\/v2\/comments?post=570"}],"version-history":[{"count":5,"href":"https:\/\/blogsaverroes.juntadeandalucia.es\/moveyourworld\/wp-json\/wp\/v2\/pages\/570\/revisions"}],"predecessor-version":[{"id":583,"href":"https:\/\/blogsaverroes.juntadeandalucia.es\/moveyourworld\/wp-json\/wp\/v2\/pages\/570\/revisions\/583"}],"wp:attachment":[{"href":"https:\/\/blogsaverroes.juntadeandalucia.es\/moveyourworld\/wp-json\/wp\/v2\/media?parent=570"}],"curies":[{"name":"wp","href":"https:\/\/api.w.org\/{rel}","templated":true}]}}