{"id":605,"date":"2020-04-10T16:38:55","date_gmt":"2020-04-10T14:38:55","guid":{"rendered":"https:\/\/blogsaverroes.juntadeandalucia.es\/moveyourworld\/?page_id=605"},"modified":"2020-05-13T16:58:52","modified_gmt":"2020-05-13T14:58:52","slug":"udi-5-judo-i","status":"publish","type":"page","link":"https:\/\/blogsaverroes.juntadeandalucia.es\/moveyourworld\/udi-5-judo-i\/","title":{"rendered":"UDI 5. Judo I"},"content":{"rendered":"<p><span style=\"font-family: courier new, courier, monospace\">\u00a1Buenas a todos y a todas! Comenzamos con una UDI dedicada a los deportes de lucha a trav\u00e9s del <strong>Judo<\/strong>.<\/span><img loading=\"lazy\" decoding=\"async\" class=\"size-medium wp-image-610 aligncenter\" src=\"https:\/\/blogsaverroes.juntadeandalucia.es\/moveyourworld\/files\/2020\/04\/judo-212x300.jpg\" alt=\"\" width=\"212\" height=\"300\" srcset=\"https:\/\/blogsaverroes.juntadeandalucia.es\/moveyourworld\/files\/2020\/04\/judo-212x300.jpg 212w, https:\/\/blogsaverroes.juntadeandalucia.es\/moveyourworld\/files\/2020\/04\/judo-17x24.jpg 17w, https:\/\/blogsaverroes.juntadeandalucia.es\/moveyourworld\/files\/2020\/04\/judo-25x36.jpg 25w, https:\/\/blogsaverroes.juntadeandalucia.es\/moveyourworld\/files\/2020\/04\/judo-34x48.jpg 34w, https:\/\/blogsaverroes.juntadeandalucia.es\/moveyourworld\/files\/2020\/04\/judo.jpg 564w\" sizes=\"(max-width: 212px) 100vw, 212px\" \/><span style=\"font-family: courier new, courier, monospace\">El Judo es un arte marcial y deporte ol\u00edmpico de lucha, basado en agarres y desequilibrios, que busca alcanzar sus objetivos con la m\u00e1xima eficacia y el m\u00ednimo esfuerzo.<\/span><\/p>\n<p><span style=\"font-family: courier new, courier, monospace\">La finalidad de esta Unidad ser\u00e1 la de familiarizarnos con esta modalidad deportiva, desarrollar aprendizajes de judo suelo e iniciarnos con algunas t\u00e9cnicas de pie.<\/span><\/p>\n<p style=\"text-align: center\"><strong><span style=\"font-family: courier new, courier, monospace\">Objetivos de aprendizaje<\/span><\/strong><\/p>\n<ul>\n<li><span style=\"font-family: courier new, courier, monospace\">Identificar la estructura de las sesiones y los principales elementos t\u00e9cnicos, t\u00e1cticos y reglamentarios de este deporte.<\/span><\/li>\n<li><span style=\"font-family: courier new, courier, monospace\">Desarrollar su competencia motriz y la habilidad en volteos y ca\u00eddas.<\/span><\/li>\n<li><span style=\"font-family: courier new, courier, monospace\">Participar activamente en cada sesi\u00f3n y asumir las consideraciones que se hagan para garantizar una pr\u00e1ctica segura y responsable.<\/span><\/li>\n<li><span style=\"font-family: courier new, courier, monospace\">Gestionar emociones de autosuperaci\u00f3n, frustraci\u00f3n y cooperaci\u00f3n.<\/span><\/li>\n<li><span style=\"font-family: courier new, courier, monospace\">Ser capaz de dirigir \u00abrandoris\u00bb con determinaci\u00f3n y conocimiento de los elementos t\u00e9cnicos y reglamentarios.<\/span><span style=\"font-family: courier new, courier, monospace\"><br \/>\n<\/span><\/li>\n<\/ul>\n<p>&nbsp;<\/p>\n","protected":false},"excerpt":{"rendered":"<p>\u00a1Buenas a todos y a todas! Comenzamos con una UDI dedicada a los deportes de lucha a trav\u00e9s del Judo.El Judo es un arte marcial y deporte ol\u00edmpico de lucha, basado en agarres y desequilibrios, que busca alcanzar sus objetivos con la m\u00e1xima eficacia y el m\u00ednimo esfuerzo. La finalidad de esta Unidad ser\u00e1 la &hellip; <\/p>\n<p class=\"link-more\"><a href=\"https:\/\/blogsaverroes.juntadeandalucia.es\/moveyourworld\/udi-5-judo-i\/\" class=\"more-link\">Continuar leyendo<span class=\"screen-reader-text\"> \u00abUDI 5. Judo I\u00bb<\/span><\/a><\/p>\n","protected":false},"author":7776,"featured_media":0,"parent":0,"menu_order":0,"comment_status":"closed","ping_status":"closed","template":"","meta":{"ngg_post_thumbnail":0,"footnotes":""},"aioseo_notices":[],"_links":{"self":[{"href":"https:\/\/blogsaverroes.juntadeandalucia.es\/moveyourworld\/wp-json\/wp\/v2\/pages\/605"}],"collection":[{"href":"https:\/\/blogsaverroes.juntadeandalucia.es\/moveyourworld\/wp-json\/wp\/v2\/pages"}],"about":[{"href":"https:\/\/blogsaverroes.juntadeandalucia.es\/moveyourworld\/wp-json\/wp\/v2\/types\/page"}],"author":[{"embeddable":true,"href":"https:\/\/blogsaverroes.juntadeandalucia.es\/moveyourworld\/wp-json\/wp\/v2\/users\/7776"}],"replies":[{"embeddable":true,"href":"https:\/\/blogsaverroes.juntadeandalucia.es\/moveyourworld\/wp-json\/wp\/v2\/comments?post=605"}],"version-history":[{"count":8,"href":"https:\/\/blogsaverroes.juntadeandalucia.es\/moveyourworld\/wp-json\/wp\/v2\/pages\/605\/revisions"}],"predecessor-version":[{"id":749,"href":"https:\/\/blogsaverroes.juntadeandalucia.es\/moveyourworld\/wp-json\/wp\/v2\/pages\/605\/revisions\/749"}],"wp:attachment":[{"href":"https:\/\/blogsaverroes.juntadeandalucia.es\/moveyourworld\/wp-json\/wp\/v2\/media?parent=605"}],"curies":[{"name":"wp","href":"https:\/\/api.w.org\/{rel}","templated":true}]}}