{"id":624,"date":"2020-04-15T09:30:49","date_gmt":"2020-04-15T07:30:49","guid":{"rendered":"https:\/\/blogsaverroes.juntadeandalucia.es\/moveyourworld\/?page_id=624"},"modified":"2020-06-10T11:43:05","modified_gmt":"2020-06-10T09:43:05","slug":"pecha-kucha","status":"publish","type":"page","link":"https:\/\/blogsaverroes.juntadeandalucia.es\/moveyourworld\/pecha-kucha\/","title":{"rendered":"Pecha Kucha"},"content":{"rendered":"<p style=\"text-align: center\"><strong><span style=\"font-family: courier new, courier, monospace\">\u00bfQu\u00e9 es la t\u00e9cnica de <a href=\"https:\/\/www.pechakucha.com\/\">Pecha Kucha<\/a>?<\/span><\/strong><\/p>\n<p><span style=\"font-family: courier new, courier, monospace\">Se trata de una t\u00e9cnica de presentaci\u00f3n muy utilizada en los congresos de investigaci\u00f3n, con el objetivo de organizar los tiempos de las ponencias. La Pecha Kucha es una t\u00e9cnica de presentaci\u00f3n, basada en el concepto de 20&#215;20, que consiste en incluir 20 diapositivas con una duraci\u00f3n autom\u00e1tica de 20 segundos cada una.<\/span><\/p>\n<p><img loading=\"lazy\" decoding=\"async\" class=\"size-medium wp-image-632 aligncenter\" src=\"https:\/\/blogsaverroes.juntadeandalucia.es\/moveyourworld\/files\/2020\/04\/pecha-300x150.png\" alt=\"\" width=\"300\" height=\"150\" srcset=\"https:\/\/blogsaverroes.juntadeandalucia.es\/moveyourworld\/files\/2020\/04\/pecha-300x150.png 300w, https:\/\/blogsaverroes.juntadeandalucia.es\/moveyourworld\/files\/2020\/04\/pecha-24x12.png 24w, https:\/\/blogsaverroes.juntadeandalucia.es\/moveyourworld\/files\/2020\/04\/pecha-36x18.png 36w, https:\/\/blogsaverroes.juntadeandalucia.es\/moveyourworld\/files\/2020\/04\/pecha-48x24.png 48w, https:\/\/blogsaverroes.juntadeandalucia.es\/moveyourworld\/files\/2020\/04\/pecha.png 512w\" sizes=\"(max-width: 300px) 100vw, 300px\" \/><\/p>\n<p><span style=\"font-family: courier new, courier, monospace\">Las diapositivas no deben contener demasiada informaci\u00f3n, y es habitual que se dise\u00f1en a trav\u00e9s de la t\u00e9cnica de Visual Story Telling, de manera que sean las im\u00e1genes las que gu\u00eden el discurso previamente ensayado.<\/span><\/p>\n<p style=\"text-align: center\"><strong><span style=\"font-family: courier new, courier, monospace\">\u00bfSobre qu\u00e9 va a ir tu actividad?<\/span><\/strong><\/p>\n<p><span style=\"font-family: courier new, courier, monospace\">Por grupos de trabajo, vais a dise\u00f1ar una Pecha Kucha que servir\u00e1 para presentar vuestros <strong>proyectos<\/strong> en el congreso final del curso.<\/span><\/p>\n<p style=\"text-align: center\"><span style=\"font-family: courier new, courier, monospace\"><strong>Pasos a seguir<\/strong>:<\/span><\/p>\n<ul style=\"list-style-type: square\">\n<li style=\"text-align: left\"><span style=\"font-family: courier new, courier, monospace\">Resume y extrae aquellos elementos que quieras destacar de tu proyecto.<\/span><\/li>\n<li style=\"text-align: left\"><span style=\"font-family: courier new, courier, monospace\">Organiza tu presentaci\u00f3n atendiendo a las caracter\u00edsticas de la Pecha Kucha.<\/span><\/li>\n<li style=\"text-align: left\"><span style=\"font-family: courier new, courier, monospace\">Haz uso de herramientas que hagan m\u00e1s atractiva y visual tu presentaci\u00f3n.<\/span><\/li>\n<li style=\"text-align: left\"><span style=\"font-family: courier new, courier, monospace\">Haz un gui\u00f3n de tu exposici\u00f3n y rep\u00edtelo.<\/span><\/li>\n<li style=\"text-align: left\"><span style=\"font-family: courier new, courier, monospace\">Adapta tu ponencia a tu p\u00fablico, que ser\u00e1n tus compa\u00f1eros de ciclo.<\/span><\/li>\n<li style=\"text-align: left\"><span style=\"font-family: courier new, courier, monospace\">Ensaya tu exposici\u00f3n y controla los tiempos.<\/span><\/li>\n<li style=\"text-align: left\"><span style=\"font-family: courier new, courier, monospace\">Keep Calm.<\/span><\/li>\n<\/ul>\n<p style=\"text-align: center\"><span style=\"font-family: courier new, courier, monospace\"><strong>Congresos y Proyectos<\/strong>:<\/span><\/p>\n<p><span style=\"font-family: courier new, courier, monospace\"><strong>1.Congreso Actividad f\u00edsica y salud<\/strong> <\/span><\/p>\n<ul style=\"list-style-type: circle\">\n<li><span style=\"font-family: courier new, courier, monospace\">Programa de entrenamiento<\/span><\/li>\n<li><span style=\"font-family: courier new, courier, monospace\">Nutrici\u00f3n y revisi\u00f3n diet\u00e9tica<\/span><\/li>\n<\/ul>\n<p><span style=\"font-family: courier new, courier, monospace\"><strong>2.Congreso Ciudadan\u00eda deportiva<\/strong><\/span><\/p>\n<ul style=\"list-style-type: circle\">\n<li><span style=\"font-family: courier new, courier, monospace\">Especializaci\u00f3n deportiva<\/span><\/li>\n<\/ul>\n<p><span style=\"font-family: courier new, courier, monospace\"><strong>3.Congreso Artivista<\/strong><\/span><\/p>\n<ul style=\"list-style-type: circle\">\n<li><span style=\"font-family: courier new, courier, monospace\">Asociacionismo y ciudadan\u00eda responsable<\/span><\/li>\n<\/ul>\n<p><span style=\"font-family: courier new, courier, monospace\"><strong>4.Congreso Aprovechamiento del entorno responsable<\/strong> <\/span><\/p>\n<ul style=\"list-style-type: circle\">\n<li><span style=\"font-family: courier new, courier, monospace\">Entorno urbano y natural en el ocio activo<\/span><\/li>\n<\/ul>\n<p>&nbsp;<\/p>\n<p>&nbsp;<\/p>\n","protected":false},"excerpt":{"rendered":"<p>\u00bfQu\u00e9 es la t\u00e9cnica de Pecha Kucha? Se trata de una t\u00e9cnica de presentaci\u00f3n muy utilizada en los congresos de investigaci\u00f3n, con el objetivo de organizar los tiempos de las ponencias. La Pecha Kucha es una t\u00e9cnica de presentaci\u00f3n, basada en el concepto de 20&#215;20, que consiste en incluir 20 diapositivas con una duraci\u00f3n autom\u00e1tica &hellip; <\/p>\n<p class=\"link-more\"><a href=\"https:\/\/blogsaverroes.juntadeandalucia.es\/moveyourworld\/pecha-kucha\/\" class=\"more-link\">Continuar leyendo<span class=\"screen-reader-text\"> \u00abPecha Kucha\u00bb<\/span><\/a><\/p>\n","protected":false},"author":7776,"featured_media":0,"parent":0,"menu_order":0,"comment_status":"closed","ping_status":"closed","template":"","meta":{"ngg_post_thumbnail":0,"footnotes":""},"aioseo_notices":[],"_links":{"self":[{"href":"https:\/\/blogsaverroes.juntadeandalucia.es\/moveyourworld\/wp-json\/wp\/v2\/pages\/624"}],"collection":[{"href":"https:\/\/blogsaverroes.juntadeandalucia.es\/moveyourworld\/wp-json\/wp\/v2\/pages"}],"about":[{"href":"https:\/\/blogsaverroes.juntadeandalucia.es\/moveyourworld\/wp-json\/wp\/v2\/types\/page"}],"author":[{"embeddable":true,"href":"https:\/\/blogsaverroes.juntadeandalucia.es\/moveyourworld\/wp-json\/wp\/v2\/users\/7776"}],"replies":[{"embeddable":true,"href":"https:\/\/blogsaverroes.juntadeandalucia.es\/moveyourworld\/wp-json\/wp\/v2\/comments?post=624"}],"version-history":[{"count":6,"href":"https:\/\/blogsaverroes.juntadeandalucia.es\/moveyourworld\/wp-json\/wp\/v2\/pages\/624\/revisions"}],"predecessor-version":[{"id":873,"href":"https:\/\/blogsaverroes.juntadeandalucia.es\/moveyourworld\/wp-json\/wp\/v2\/pages\/624\/revisions\/873"}],"wp:attachment":[{"href":"https:\/\/blogsaverroes.juntadeandalucia.es\/moveyourworld\/wp-json\/wp\/v2\/media?parent=624"}],"curies":[{"name":"wp","href":"https:\/\/api.w.org\/{rel}","templated":true}]}}